{"id":1256,"date":"2025-07-19T06:57:52","date_gmt":"2025-07-19T06:57:52","guid":{"rendered":"https:\/\/hamersaigon.com\/?page_id=1256"},"modified":"2025-09-21T07:49:51","modified_gmt":"2025-09-21T07:49:51","slug":"tuyen-bo-mien-tru-trach-nhiem","status":"publish","type":"page","link":"https:\/\/hamersaigon.com\/en\/tuyen-bo-mien-tru-trach-nhiem\/","title":{"rendered":"Tuy\u00ean B\u1ed1 Mi\u1ec5n Tr\u1eeb Tr\u00e1ch Nhi\u1ec7m"},"content":{"rendered":"<p><strong>V\u1ec1 th\u00f4ng tin Website<\/strong><\/p>\n\n\n\n<p>Th\u00f4ng tin \u0111\u01b0\u1ee3c cung c\u1ea5p tr\u00ean website Hamer Saigon (<a class=\"\" href=\"https:\/\/hamersaigon.com\/en\/\">https:\/\/hamersaigon.com<\/a>) ch\u1ec9 nh\u1eb1m m\u1ee5c \u0111\u00edch gi\u1edbi thi\u1ec7u s\u1ea3n ph\u1ea9m v\u00e0 cung c\u1ea5p th\u00f4ng tin chung. M\u1eb7c d\u00f9 ch\u00fang t\u00f4i lu\u00f4n c\u1ed1 g\u1eafng \u0111\u1ea3m b\u1ea3o n\u1ed9i dung ch\u00ednh x\u00e1c v\u00e0 c\u1eadp nh\u1eadt, Hamer Saigon kh\u00f4ng \u0111\u1ea3m b\u1ea3o hay cam k\u1ebft v\u1ec1 t\u00ednh \u0111\u1ea7y \u0111\u1ee7, \u0111\u1ed9 ch\u00ednh x\u00e1c, \u0111\u1ed9 tin c\u1eady ho\u1eb7c m\u1ee9c \u0111\u1ed9 ph\u00f9 h\u1ee3p c\u1ee7a b\u1ea5t k\u1ef3 th\u00f4ng tin, s\u1ea3n ph\u1ea9m ho\u1eb7c d\u1ecbch v\u1ee5 n\u00e0o \u0111\u01b0\u1ee3c \u0111\u1ec1 c\u1eadp tr\u00ean trang web.<\/p>\n\n\n\n<p>M\u1ecdi tuy\u00ean b\u1ed1 li\u00ean quan \u0111\u1ebfn s\u1ee9c kh\u1ecfe ho\u1eb7c hi\u1ec7u qu\u1ea3 c\u1ee7a s\u1ea3n ph\u1ea9m k\u1eb9o s\u00e2m Hamer kh\u00f4ng \u0111\u01b0\u1ee3c xem l\u00e0 l\u1eddi khuy\u00ean y t\u1ebf chuy\u00ean m\u00f4n, ch\u1ea9n \u0111o\u00e1n ho\u1eb7c \u0111i\u1ec1u tr\u1ecb. Ng\u01b0\u1eddi d\u00f9ng n\u00ean tham kh\u1ea3o \u00fd ki\u1ebfn t\u1eeb b\u00e1c s\u0129 ho\u1eb7c chuy\u00ean gia y t\u1ebf c\u00f3 chuy\u00ean m\u00f4n tr\u01b0\u1edbc khi s\u1eed d\u1ee5ng b\u1ea5t k\u1ef3 lo\u1ea1i th\u1ef1c ph\u1ea9m b\u1ed5 sung ho\u1eb7c s\u1ea3n ph\u1ea9m h\u1ed7 tr\u1ee3 s\u1ee9c kh\u1ecfe n\u00e0o. K\u1ebft qu\u1ea3 s\u1eed d\u1ee5ng c\u00f3 th\u1ec3 kh\u00e1c nhau t\u00f9y theo c\u01a1 \u0111\u1ecba t\u1eebng ng\u01b0\u1eddi.<\/p>\n\n\n\n<p>B\u1eb1ng vi\u1ec7c truy c\u1eadp website ho\u1eb7c mua s\u1ea3n ph\u1ea9m t\u1eeb Hamer Saigon, b\u1ea1n x\u00e1c nh\u1eadn v\u00e0 \u0111\u1ed3ng \u00fd r\u1eb1ng Hamer Saigon kh\u00f4ng ch\u1ecbu b\u1ea5t k\u1ef3 tr\u00e1ch nhi\u1ec7m ph\u00e1p l\u00fd n\u00e0o \u0111\u1ed1i v\u1edbi m\u1ecdi thi\u1ec7t h\u1ea1i, ch\u1ea5n th\u01b0\u01a1ng, t\u1ed5n th\u1ea5t ho\u1eb7c t\u00e1c d\u1ee5ng ph\u1ee5 ph\u00e1t sinh t\u1eeb vi\u1ec7c b\u1ea1n s\u1eed d\u1ee5ng, hi\u1ec3u sai ho\u1eb7c ph\u1ee5 thu\u1ed9c v\u00e0o th\u00f4ng tin, s\u1ea3n ph\u1ea9m ho\u1eb7c d\u1ecbch v\u1ee5 m\u00e0 ch\u00fang t\u00f4i cung c\u1ea5p. Vi\u1ec7c s\u1eed d\u1ee5ng website v\u00e0 s\u1ea3n ph\u1ea9m l\u00e0 ho\u00e0n to\u00e0n do b\u1ea1n t\u1ef1 ch\u1ecbu r\u1ee7i ro.<\/p>\n\n\n\n<p><strong>V\u1ec1 \u0111\u00e1nh gi\u00e1 c\u1ee7a ng\u01b0\u1eddi d\u00f9ng<\/strong><\/p>\n\n\n\n<p>C\u00e1c \u0111\u00e1nh gi\u00e1 tr\u00ean website n\u00e0y ph\u1ea3n \u00e1nh tr\u1ea3i nghi\u1ec7m v\u00e0 \u00fd ki\u1ebfn th\u1ef1c t\u1ebf c\u1ee7a nh\u1eefng c\u00e1 nh\u00e2n \u0111\u00e3 s\u1eed d\u1ee5ng s\u1ea3n ph\u1ea9m. \u0110\u00e2y l\u00e0 k\u1ebft qu\u1ea3 mang t\u00ednh c\u00e1 nh\u00e2n v\u00e0 kh\u00f4ng \u0111\u1ea1i di\u1ec7n cho t\u1ea5t c\u1ea3 ng\u01b0\u1eddi d\u00f9ng.<\/p>\n\n\n\n<p>Ch\u00fang t\u00f4i kh\u00f4ng kh\u1eb3ng \u0111\u1ecbnh \u2013 v\u00e0 b\u1ea1n kh\u00f4ng n\u00ean m\u1eb7c \u0111\u1ecbnh \u2013 r\u1eb1ng t\u1ea5t c\u1ea3 ng\u01b0\u1eddi d\u00f9ng s\u1ebd c\u00f3 c\u00f9ng k\u1ebft qu\u1ea3. Hi\u1ec7u qu\u1ea3 s\u1eed d\u1ee5ng c\u00f3 th\u1ec3 thay \u0111\u1ed5i t\u00f9y thu\u1ed9c v\u00e0o \u0111\u1ed9 tu\u1ed5i, th\u1ec3 tr\u1ea1ng v\u00e0 l\u1ed1i s\u1ed1ng c\u1ee7a m\u1ed7i ng\u01b0\u1eddi.<\/p>\n\n\n\n<p>M\u1ed9t s\u1ed1 \u0111\u00e1nh gi\u00e1 c\u00f3 th\u1ec3 \u0111\u1ebfn t\u1eeb ng\u01b0\u1eddi d\u00f9ng nh\u1eadn s\u1ea3n ph\u1ea9m mi\u1ec5n ph\u00ed, chi\u1ebft kh\u1ea5u ho\u1eb7c h\u1ed7 tr\u1ee3 th\u00f9 lao \u0111\u1ec3 \u0111\u1ed5i l\u1ea5y \u0111\u00e1nh gi\u00e1 trung th\u1ef1c. Nh\u1eefng m\u1ed1i quan h\u1ec7 n\u00e0y \u0111\u01b0\u1ee3c c\u00f4ng b\u1ed1 minh b\u1ea1ch theo h\u01b0\u1edbng d\u1eabn c\u1ee7a \u1ee6y ban Th\u01b0\u01a1ng m\u1ea1i Li\u00ean bang Hoa K\u1ef3 (FTC).<\/p>\n\n\n\n<p>C\u00e1c nh\u1eadn x\u00e9t c\u00f3 th\u1ec3 \u0111\u01b0\u1ee3c ch\u1ec9nh s\u1eeda l\u1ed7i ch\u00ednh t\u1ea3, ng\u1eef ph\u00e1p v\u00e0 \u0111\u1ed9 d\u00e0i, nh\u01b0ng n\u1ed9i dung v\u00e0 \u00fd ngh\u0129a c\u1ed1t l\u00f5i kh\u00f4ng b\u1ecb thay \u0111\u1ed5i.<\/p>\n\n\n\n<p><strong>Tuy\u00ean b\u1ed1 mi\u1ec5n tr\u1eeb tr\u00e1ch nhi\u1ec7m y t\u1ebf<\/strong><\/p>\n\n\n\n<p>S\u1ea3n ph\u1ea9m kh\u00f4ng ph\u1ea3i l\u00e0 thu\u1ed1c v\u00e0 kh\u00f4ng c\u00f3 t\u00e1c d\u1ee5ng thay th\u1ebf thu\u1ed1c ch\u1eefa b\u1ec7nh. C\u00e1c \u0111\u00e1nh gi\u00e1 v\u00e0 m\u00f4 t\u1ea3 s\u1ea3n ph\u1ea9m kh\u00f4ng mang t\u00ednh ch\u1ea5t t\u01b0 v\u1ea5n y khoa. H\u00e3y lu\u00f4n tham kh\u1ea3o b\u00e1c s\u0129 tr\u01b0\u1edbc khi s\u1eed d\u1ee5ng b\u1ea5t k\u1ef3 s\u1ea3n ph\u1ea9m b\u1ed5 sung n\u00e0o.<\/p>\n\n\n\n<p>Khi x\u00e1c nh\u1eadn \u0111\u01a1n h\u00e0ng ho\u1eb7c ti\u1ebfn h\u00e0nh mua s\u1ea3n ph\u1ea9m t\u1eeb Hamer Saigon, b\u1ea1n \u0111\u1ed3ng \u00fd r\u1eb1ng m\u1ecdi th\u00f4ng tin tr\u00ean website \u0111\u00e3 \u0111\u01b0\u1ee3c hi\u1ec3u r\u00f5 v\u00e0 ch\u1ea5p nh\u1eadn, \u0111\u1ed3ng th\u1eddi ch\u1ea5p thu\u1eadn vi\u1ec7c Hamer Saigon s\u1ebd kh\u00f4ng ch\u1ecbu b\u1ea5t k\u1ef3 tr\u00e1ch nhi\u1ec7m ph\u00e1p l\u00fd n\u00e0o ph\u00e1t sinh v\u1ec1 sau li\u00ean quan \u0111\u1ebfn vi\u1ec7c s\u1eed d\u1ee5ng s\u1ea3n ph\u1ea9m ho\u1eb7c th\u00f4ng tin m\u00e0 ch\u00fang t\u00f4i cung c\u1ea5p.<\/p>","protected":false},"excerpt":{"rendered":"<p>V\u1ec1 th\u00f4ng tin Website Th\u00f4ng tin \u0111\u01b0\u1ee3c cung c\u1ea5p tr\u00ean website Hamer Saigon (https:\/\/hamersaigon.com) ch\u1ec9 nh\u1eb1m m\u1ee5c \u0111\u00edch gi\u1edbi thi\u1ec7u s\u1ea3n ph\u1ea9m v\u00e0 cung c\u1ea5p th\u00f4ng tin chung. M\u1eb7c d\u00f9 ch\u00fang t\u00f4i lu\u00f4n c\u1ed1 g\u1eafng \u0111\u1ea3m b\u1ea3o n\u1ed9i dung ch\u00ednh x\u00e1c v\u00e0 c\u1eadp nh\u1eadt, Hamer Saigon kh\u00f4ng \u0111\u1ea3m b\u1ea3o hay cam k\u1ebft v\u1ec1 t\u00ednh \u0111\u1ea7y [&hellip;]<\/p>\n","protected":false},"author":1,"featured_media":0,"parent":0,"menu_order":0,"comment_status":"closed","ping_status":"closed","template":"","meta":{"_gspb_post_css":"","footnotes":""},"class_list":["post-1256","page","type-page","status-publish","hentry"],"blocksy_meta":{"page_structure_type":"type-3","styles_descriptor":{"styles":{"desktop":"","tablet":"","mobile":""},"google_fonts":[],"version":6}},"jetpack_sharing_enabled":true,"_links":{"self":[{"href":"https:\/\/hamersaigon.com\/en\/wp-json\/wp\/v2\/pages\/1256","targetHints":{"allow":["GET"]}}],"collection":[{"href":"https:\/\/hamersaigon.com\/en\/wp-json\/wp\/v2\/pages"}],"about":[{"href":"https:\/\/hamersaigon.com\/en\/wp-json\/wp\/v2\/types\/page"}],"author":[{"embeddable":true,"href":"https:\/\/hamersaigon.com\/en\/wp-json\/wp\/v2\/users\/1"}],"replies":[{"embeddable":true,"href":"https:\/\/hamersaigon.com\/en\/wp-json\/wp\/v2\/comments?post=1256"}],"version-history":[{"count":4,"href":"https:\/\/hamersaigon.com\/en\/wp-json\/wp\/v2\/pages\/1256\/revisions"}],"predecessor-version":[{"id":1586,"href":"https:\/\/hamersaigon.com\/en\/wp-json\/wp\/v2\/pages\/1256\/revisions\/1586"}],"wp:attachment":[{"href":"https:\/\/hamersaigon.com\/en\/wp-json\/wp\/v2\/media?parent=1256"}],"curies":[{"name":"wp","href":"https:\/\/api.w.org\/{rel}","templated":true}]}}