{"id":20,"date":"2023-10-11T14:25:46","date_gmt":"2023-10-11T14:25:46","guid":{"rendered":"https:\/\/startersites.io\/blocksy\/cosmetic\/?page_id=20"},"modified":"2025-09-24T05:23:25","modified_gmt":"2025-09-24T05:23:25","slug":"ve-chung-toi","status":"publish","type":"page","link":"https:\/\/hamersaigon.com\/en\/ve-chung-toi\/","title":{"rendered":"Introduce"},"content":{"rendered":"<h2 class=\"wp-block-heading\" id=\"ve-chung-toi\">About us<\/h2>\n\n\n\n<p><strong><a href=\"https:\/\/hamersaigon.com\/en\/\">Hamer Saigon<\/a><\/strong> (hamersaigon.com) l\u00e0 \u0111\u01a1n v\u1ecb ph\u00e2n ph\u1ed1i ch\u00ednh h\u00e3ng k\u1eb9o Hamer M\u1ef9 t\u1ea1i Vi\u1ec7t Nam, \u0111\u01b0\u1ee3c \u1ee7y quy\u1ec1n tr\u1ef1c ti\u1ebfp b\u1edfi <a href=\"https:\/\/usahamer.com\/\" data-type=\"link\" data-id=\"https:\/\/usahamer.com\/\" rel=\"sponsored noopener\" target=\"_blank\">USA Hamer<\/a>. V\u1edbi c\u1eeda h\u00e0ng \u0111\u1eb7t t\u1ea1i TP. H\u1ed3 Ch\u00ed Minh, ch\u00fang t\u00f4i mong mu\u1ed1n mang \u0111\u1ebfn cho kh\u00e1ch h\u00e0ng Vi\u1ec7t Nam nh\u1eefng s\u1ea3n ph\u1ea9m qu\u1ed1c t\u1ebf minh b\u1ea1ch v\u1ec1 ngu\u1ed3n g\u1ed1c, \u0111\u1ea3m b\u1ea3o v\u1ec1 ch\u1ea5t l\u01b0\u1ee3ng.<\/p>\n\n\n\n<div class=\"wp-block-greenshift-blocks-row gspb_row gspb_row-id-gsbp-36f6957\" id=\"gspb_row-id-gsbp-36f6957\"><div class=\"gspb_row__content\"> \n<div class=\"wp-block-greenshift-blocks-row-column gspb_row__col--4 gspb_col-id-gsbp-453a2aa\" id=\"gspb_col-id-gsbp-453a2aa\">\n<div class=\"wp-block-greenshift-blocks-image gspb_image gspb_image-id-gsbp-35ebca8\" id=\"gspb_image-id-gsbp-35ebca8\"><img decoding=\"async\" src=\"https:\/\/hamersaigon.com\/wp-content\/uploads\/2025\/08\/1-vien-keo-sam-hamer-usa-Hamer-Saigon.webp\" data-src=\"\" alt=\"K\u1eb9o s\u00e2m Hamer M\u1ef9 ch\u00ednh h\u00e3ng, 1 vi\u00ean nh\u1ecf g\u1ecdn gi\u00fap c\u1ea3i thi\u1ec7n tu\u1ea7n ho\u00e0n m\u00e1u, b\u1ed5 sung sinh l\u1ef1c v\u00e0 t\u0103ng c\u01b0\u1eddng s\u1ee9c kh\u1ecfe nam gi\u1edbi.\" loading=\"lazy\" width=\"1000\" height=\"1000\"\/><\/div>\n<\/div>\n\n\n\n<div class=\"wp-block-greenshift-blocks-row-column gspb_row__col--4 gspb_col-id-gsbp-0ffdab5\" id=\"gspb_col-id-gsbp-0ffdab5\">\n<div class=\"wp-block-greenshift-blocks-image gspb_image gspb_image-id-gsbp-6fd8aa3\" id=\"gspb_image-id-gsbp-6fd8aa3\"><img decoding=\"async\" src=\"https:\/\/hamersaigon.com\/wp-content\/uploads\/2025\/08\/keo-ngam-hamer-chinh-hang-usa.webp\" data-src=\"\" alt=\"K\u1eb9o s\u00e2m Hamer M\u1ef9 ch\u00ednh h\u00e3ng, g\u00f3i nh\u1ecf ti\u1ec7n l\u1ee3i, h\u1ed9p l\u1edbn nhi\u1ec1u vi\u00ean.\" loading=\"lazy\" width=\"1000\" height=\"1000\"\/><\/div>\n<\/div>\n\n\n\n<div class=\"wp-block-greenshift-blocks-row-column gspb_row__col--4 gspb_col-id-gsbp-eaa89c1\" id=\"gspb_col-id-gsbp-eaa89c1\">\n<div class=\"wp-block-greenshift-blocks-image gspb_image gspb_image-id-gsbp-967d253\" id=\"gspb_image-id-gsbp-967d253\"><img decoding=\"async\" src=\"https:\/\/hamersaigon.com\/wp-content\/uploads\/2025\/08\/dong-goi-keo-sam-hamer-theo-thanh-va-hop.webp\" data-src=\"\" alt=\"H\u1ed9p k\u1eb9o s\u00e2m Hamer M\u1ef9 ch\u00ednh h\u00e3ng, d\u1ea1ng vi\u00ean ng\u1eadm b\u1ed5 sung sinh l\u1ef1c, c\u1ea3i thi\u1ec7n tu\u1ea7n ho\u00e0n m\u00e1u v\u00e0 t\u0103ng c\u01b0\u1eddng s\u1ee9c kh\u1ecfe.\" loading=\"lazy\" width=\"1000\" height=\"1000\"\/><\/div>\n<\/div>\n <\/div><\/div>\n\n\n\n<p>T\u00ean g\u1ecdi <strong>Hamer Saigon<\/strong> l\u00e0 s\u1ef1 k\u1ebft h\u1ee3p gi\u1eefa th\u01b0\u01a1ng hi\u1ec7u k\u1eb9o s\u00e2m <strong>Hamer<\/strong> and <a href=\"https:\/\/vi.wikipedia.org\/wiki\/Th%C3%A0nh_ph%E1%BB%91_H%E1%BB%93_Ch%C3%AD_Minh\" target=\"_blank\" rel=\"noopener\">th\u00e0nh ph\u1ed1 <strong>S\u00e0i G\u00f2n<\/strong><\/a>, th\u1ec3 hi\u1ec7n s\u1ee9 m\u1ec7nh \u0111\u01b0a s\u1ea3n ph\u1ea9m ch\u00ednh h\u00e3ng \u0111\u1ebfn g\u1ea7n h\u01a1n v\u1edbi ng\u01b0\u1eddi ti\u00eau d\u00f9ng Vi\u1ec7t Nam, kh\u1edfi \u0111\u1ea7u t\u1eeb trung t\u00e2m kinh t\u1ebf l\u1edbn nh\u1ea5t c\u1ea3 n\u01b0\u1edbc.<\/p>\n\n\n\n<p>\u0110i\u1ec3m kh\u00e1c bi\u1ec7t c\u1ee7a Hamer Saigon:<\/p>\n\n\n\n<ul class=\"wp-block-list\">\n<li>Ph\u00e2n ph\u1ed1i <a href=\"https:\/\/hamersaigon.com\/en\/shop\/\" data-type=\"page\" data-id=\"9\">k\u1eb9o s\u00e2m Hamer M\u1ef9 ch\u00ednh h\u00e3ng<\/a>, \u0111\u01b0\u1ee3c USA Hamer \u1ee7y quy\u1ec1n.<\/li>\n\n\n\n<li>Ch\u00ednh s\u00e1ch giao h\u00e0ng nhanh 30 ph\u00fat n\u1ed9i th\u00e0nh TP.HCM.<\/li>\n\n\n\n<li>Mi\u1ec5n ph\u00ed v\u1eadn chuy\u1ec3n to\u00e0n qu\u1ed1c.<\/li>\n\n\n\n<li>D\u1ecbch v\u1ee5 kh\u00e1ch h\u00e0ng t\u1eadn t\u00e2m v\u00e0 minh b\u1ea1ch.<\/li>\n<\/ul>\n\n\n\n<div class=\"wp-block-greenshift-blocks-image gspb_image gspb_image-id-gsbp-54ebc5e\" id=\"gspb_image-id-gsbp-54ebc5e\"><img decoding=\"async\" src=\"https:\/\/hamersaigon.com\/wp-content\/uploads\/2025\/08\/chung-nhan-keo-sam-hamer-usa-chinh-hang.webp\" data-src=\"\" alt=\"Gi\u1ea5y ch\u1ee9ng nh\u1eadn GMP k\u1eb9o s\u00e2m Hamer M\u1ef9 ch\u00ednh h\u00e3ng t\u1eeb Sino \u2013 USA Collaboration, \u0111\u1ea3m b\u1ea3o ti\u00eau chu\u1ea9n s\u1ea3n xu\u1ea5t qu\u1ed1c t\u1ebf.\" loading=\"lazy\" width=\"1000\" height=\"1000\"\/><\/div>\n\n\n\n<p>Ch\u00fang t\u00f4i tin r\u1eb1ng tr\u1ea3i nghi\u1ec7m mua s\u1eafm kh\u00f4ng ch\u1ec9 d\u1eebng l\u1ea1i \u1edf s\u1ea3n ph\u1ea9m, m\u00e0 c\u00f2n \u1edf s\u1ef1 tin c\u1eady v\u00e0 an t\u00e2m c\u1ee7a kh\u00e1ch h\u00e0ng. Hamer Saigon cam k\u1ebft \u0111\u1ed3ng h\u00e0nh c\u00f9ng ng\u01b0\u1eddi ti\u00eau d\u00f9ng Vi\u1ec7t trong h\u00e0nh tr\u00ecnh ti\u1ebfp c\u1eadn s\u1ea3n ph\u1ea9m qu\u1ed1c t\u1ebf ch\u1ea5t l\u01b0\u1ee3ng cao.<\/p>\n\n\n\n<blockquote class=\"wp-block-quote is-layout-flow wp-block-quote-is-layout-flow\">\n<p>Read more: <a href=\"https:\/\/www.issuewire.com\/hamer-saigon-officially-appointed-as-authorized-distributor-of-hamer-candy-in-vietnam-1843801509561232\" target=\"_blank\" rel=\"noopener\">Hamer Saigon Officially Appointed as Authorized Distributor of Hamer Candy in Vietnam<\/a><\/p>\n<\/blockquote>\n\n\n\n<h2 class=\"wp-block-heading\" id=\"san-pham-noi-bat\">S\u1ea3n ph\u1ea9m n\u1ed5i b\u1eadt<\/h2>\n\n\n\n<p><strong>K\u1eb9o Hamer M\u1ef9 &#8211; Hamer Ginseng &amp; Coffee Candy<\/strong><\/p>\n\n\n\n<p>K\u1eb9o Hamer M\u1ef9 l\u00e0 s\u1ea3n ph\u1ea9m \u0111\u01b0\u1ee3c nhi\u1ec1u kh\u00e1ch h\u00e0ng qu\u1ed1c t\u1ebf bi\u1ebft \u0111\u1ebfn, k\u1ebft h\u1ee3p gi\u1eefa h\u01b0\u01a1ng v\u1ecb c\u00e0 ph\u00ea v\u00e0 c\u00e1c th\u00e0nh ph\u1ea7n t\u1ef1 nhi\u00ean \u0111\u1eb7c tr\u01b0ng. V\u1edbi s\u1ef1 \u1ee7y quy\u1ec1n tr\u1ef1c ti\u1ebfp t\u1eeb <strong>USA Hamer<\/strong>, Hamer Saigon cam k\u1ebft mang \u0111\u1ebfn th\u1ecb tr\u01b0\u1eddng Vi\u1ec7t Nam nh\u1eefng s\u1ea3n ph\u1ea9m ch\u00ednh h\u00e3ng, minh b\u1ea1ch v\u1ec1 ngu\u1ed3n g\u1ed1c v\u00e0 ch\u1ea5t l\u01b0\u1ee3ng.<\/p>\n\n\n<div class=\"woocommerce columns-3\"><ul class=\"products columns-3\" data-products=\"type-2\" data-hover=\"zoom-in\">\n<li class=\"product type-product post-1298 status-publish first instock product_cat-keo-sam-hamer-my has-post-thumbnail sale shipping-taxable purchasable product-type-simple\">\n\t<a href=\"https:\/\/hamersaigon.com\/en\/product\/keo-sam-hamer-usa-ong-ngam-ba-khen\/\" class=\"woocommerce-LoopProduct-link woocommerce-loop-product__link\">\n\t<span class=\"onsale\" data-shape=\"type-1\">SALE<\/span>\n\t<img loading=\"lazy\" decoding=\"async\" width=\"300\" height=\"300\" src=\"https:\/\/hamersaigon.com\/wp-content\/uploads\/2025\/08\/1-vien-keo-sam-hamer-usa-Hamer-Saigon-300x300.webp\" class=\"attachment-woocommerce_thumbnail size-woocommerce_thumbnail\" alt=\"K\u1eb9o s\u00e2m Hamer M\u1ef9 ch\u00ednh h\u00e3ng, 1 vi\u00ean nh\u1ecf g\u1ecdn gi\u00fap c\u1ea3i thi\u1ec7n tu\u1ea7n ho\u00e0n m\u00e1u, b\u1ed5 sung sinh l\u1ef1c v\u00e0 t\u0103ng c\u01b0\u1eddng s\u1ee9c kh\u1ecfe nam gi\u1edbi.\" srcset=\"https:\/\/hamersaigon.com\/wp-content\/uploads\/2025\/08\/1-vien-keo-sam-hamer-usa-Hamer-Saigon-300x300.webp 300w, https:\/\/hamersaigon.com\/wp-content\/uploads\/2025\/08\/1-vien-keo-sam-hamer-usa-Hamer-Saigon-150x150.webp 150w, https:\/\/hamersaigon.com\/wp-content\/uploads\/2025\/08\/1-vien-keo-sam-hamer-usa-Hamer-Saigon-768x768.webp 768w, https:\/\/hamersaigon.com\/wp-content\/uploads\/2025\/08\/1-vien-keo-sam-hamer-usa-Hamer-Saigon-500x500.webp 500w, https:\/\/hamersaigon.com\/wp-content\/uploads\/2025\/08\/1-vien-keo-sam-hamer-usa-Hamer-Saigon-100x100.webp 100w, https:\/\/hamersaigon.com\/wp-content\/uploads\/2025\/08\/1-vien-keo-sam-hamer-usa-Hamer-Saigon.webp 1000w\" sizes=\"auto, (max-width: 300px) 100vw, 300px\" \/><h2 class=\"woocommerce-loop-product__title\">Single-piece Hamer USA Ginseng &amp; Coffee Candy | Authentic<\/h2><div class=\"star-rating\" role=\"img\" aria-label=\"Rated 5.00 out of 5\" data-no-translation-aria-label=\"\"><span style=\"width:100%\" data-no-translation=\"\" data-trp-gettext=\"\">Rated <strong class=\"rating\">5.00<\/strong> out of 5<\/span><\/div>\n\t<span class=\"price\"><span class=\"sale-price\"><del aria-hidden=\"true\"><span class=\"woocommerce-Price-amount amount\"><bdi>100.000&nbsp;<span class=\"woocommerce-Price-currencySymbol\">&#8363;<\/span><\/bdi><\/span><\/del> <span class=\"screen-reader-text\" data-no-translation=\"\" data-trp-gettext=\"\">Original price was: 100.000&nbsp;&#8363;.<\/span><ins aria-hidden=\"true\"><span class=\"woocommerce-Price-amount amount\"><bdi>80.000&nbsp;<span class=\"woocommerce-Price-currencySymbol\">&#8363;<\/span><\/bdi><\/span><\/ins><span class=\"screen-reader-text\" data-no-translation=\"\" data-trp-gettext=\"\">Current price is: 80.000&nbsp;&#8363;.<\/span><\/span><\/span>\n<\/a><a href=\"\/en\/wp-json\/wp\/v2\/pages\/20?add-to-cart=1298\" aria-describedby=\"woocommerce_loop_add_to_cart_link_describedby_1298\" data-quantity=\"1\" class=\"button product_type_simple add_to_cart_button ajax_add_to_cart\" data-product_id=\"1298\" data-product_sku=\"\" aria-label=\"Add to cart: \u201cK\u1eb9o S\u00e2m Hamer USA \u00d4ng Ng\u1eadm B\u00e0 Khen | Ch\u00ednh h\u00e3ng\u201d\" rel=\"nofollow\" data-success_message=\"\u201cK\u1eb9o S\u00e2m Hamer USA \u00d4ng Ng\u1eadm B\u00e0 Khen | Ch\u00ednh h\u00e3ng\u201d has been added to your cart\" data-no-translation=\"\" data-trp-gettext=\"\" data-no-translation-aria-label=\"\" data-no-translation-data-success_message=\"\">Add to cart<\/a>\t<span id=\"woocommerce_loop_add_to_cart_link_describedby_1298\" class=\"screen-reader-text\">\n\t\t\t<\/span>\n<\/li>\n<li class=\"product type-product post-1415 status-publish instock product_cat-keo-sam-hamer-my has-post-thumbnail sale shipping-taxable purchasable product-type-simple\">\n\t<a href=\"https:\/\/hamersaigon.com\/en\/product\/keo-sam-hamer-my-3-vien\/\" class=\"woocommerce-LoopProduct-link woocommerce-loop-product__link\">\n\t<span class=\"onsale\" data-shape=\"type-1\">SALE<\/span>\n\t<img loading=\"lazy\" decoding=\"async\" width=\"300\" height=\"300\" src=\"https:\/\/hamersaigon.com\/wp-content\/uploads\/2025\/08\/3-vien-keo-sam-hamer-usa-Hamer-Saigon-300x300.webp\" class=\"attachment-woocommerce_thumbnail size-woocommerce_thumbnail\" alt=\"Combo 3 vi\u00ean k\u1eb9o s\u00e2m Hamer M\u1ef9 ch\u00ednh h\u00e3ng gi\u00fap t\u0103ng c\u01b0\u1eddng sinh l\u1ef1c, b\u1ed5 sung n\u0103ng l\u01b0\u1ee3ng v\u00e0 c\u1ea3i thi\u1ec7n s\u1ee9c kh\u1ecfe nam gi\u1edbi.\" srcset=\"https:\/\/hamersaigon.com\/wp-content\/uploads\/2025\/08\/3-vien-keo-sam-hamer-usa-Hamer-Saigon-300x300.webp 300w, https:\/\/hamersaigon.com\/wp-content\/uploads\/2025\/08\/3-vien-keo-sam-hamer-usa-Hamer-Saigon-150x150.webp 150w, https:\/\/hamersaigon.com\/wp-content\/uploads\/2025\/08\/3-vien-keo-sam-hamer-usa-Hamer-Saigon-768x768.webp 768w, https:\/\/hamersaigon.com\/wp-content\/uploads\/2025\/08\/3-vien-keo-sam-hamer-usa-Hamer-Saigon-500x500.webp 500w, https:\/\/hamersaigon.com\/wp-content\/uploads\/2025\/08\/3-vien-keo-sam-hamer-usa-Hamer-Saigon-100x100.webp 100w, https:\/\/hamersaigon.com\/wp-content\/uploads\/2025\/08\/3-vien-keo-sam-hamer-usa-Hamer-Saigon.webp 1000w\" sizes=\"auto, (max-width: 300px) 100vw, 300px\" \/><h2 class=\"woocommerce-loop-product__title\">Authentic USA Hamer Candy \u2013 Combo of 3 (plus 1 candies)<\/h2><div class=\"star-rating\" role=\"img\" aria-label=\"Rated 5.00 out of 5\" data-no-translation-aria-label=\"\"><span style=\"width:100%\" data-no-translation=\"\" data-trp-gettext=\"\">Rated <strong class=\"rating\">5.00<\/strong> out of 5<\/span><\/div>\n\t<span class=\"price\"><span class=\"sale-price\"><del aria-hidden=\"true\"><span class=\"woocommerce-Price-amount amount\"><bdi>300.000&nbsp;<span class=\"woocommerce-Price-currencySymbol\">&#8363;<\/span><\/bdi><\/span><\/del> <span class=\"screen-reader-text\" data-no-translation=\"\" data-trp-gettext=\"\">Original price was: 300.000&nbsp;&#8363;.<\/span><ins aria-hidden=\"true\"><span class=\"woocommerce-Price-amount amount\"><bdi>240.000&nbsp;<span class=\"woocommerce-Price-currencySymbol\">&#8363;<\/span><\/bdi><\/span><\/ins><span class=\"screen-reader-text\" data-no-translation=\"\" data-trp-gettext=\"\">Current price is: 240.000&nbsp;&#8363;.<\/span><\/span><\/span>\n<\/a><a href=\"\/en\/wp-json\/wp\/v2\/pages\/20?add-to-cart=1415\" aria-describedby=\"woocommerce_loop_add_to_cart_link_describedby_1415\" data-quantity=\"1\" class=\"button product_type_simple add_to_cart_button ajax_add_to_cart\" data-product_id=\"1415\" data-product_sku=\"\" aria-label=\"Add to cart: \u201cK\u1eb9o S\u00e2m Hamer M\u1ef9 Ch\u00ednh H\u00e3ng - Combo 3 Vi\u00ean (t\u1eb7ng 1)\u201d\" rel=\"nofollow\" data-success_message=\"\u201cK\u1eb9o S\u00e2m Hamer M\u1ef9 Ch\u00ednh H\u00e3ng - Combo 3 Vi\u00ean (t\u1eb7ng 1)\u201d has been added to your cart\" data-no-translation=\"\" data-trp-gettext=\"\" data-no-translation-aria-label=\"\" data-no-translation-data-success_message=\"\">Add to cart<\/a>\t<span id=\"woocommerce_loop_add_to_cart_link_describedby_1415\" class=\"screen-reader-text\">\n\t\t\t<\/span>\n<\/li>\n<li class=\"product type-product post-1363 status-publish last instock product_cat-keo-sam-hamer-my has-post-thumbnail sale shipping-taxable purchasable product-type-simple\">\n\t<a href=\"https:\/\/hamersaigon.com\/en\/product\/keo-sam-hamer-my-5-vien\/\" class=\"woocommerce-LoopProduct-link woocommerce-loop-product__link\">\n\t<span class=\"onsale\" data-shape=\"type-1\">SALE<\/span>\n\t<img loading=\"lazy\" decoding=\"async\" width=\"300\" height=\"300\" src=\"https:\/\/hamersaigon.com\/wp-content\/uploads\/2025\/08\/5-vien-keo-sam-hamer-usa-Hamer-Saigon-300x300.webp\" class=\"attachment-woocommerce_thumbnail size-woocommerce_thumbnail\" alt=\"Combo 5 vi\u00ean k\u1eb9o s\u00e2m Hamer M\u1ef9 ch\u00ednh h\u00e3ng gi\u00fap t\u0103ng c\u01b0\u1eddng sinh l\u1ef1c, b\u1ed5 sung n\u0103ng l\u01b0\u1ee3ng v\u00e0 c\u1ea3i thi\u1ec7n s\u1ee9c kh\u1ecfe nam gi\u1edbi.\" srcset=\"https:\/\/hamersaigon.com\/wp-content\/uploads\/2025\/08\/5-vien-keo-sam-hamer-usa-Hamer-Saigon-300x300.webp 300w, https:\/\/hamersaigon.com\/wp-content\/uploads\/2025\/08\/5-vien-keo-sam-hamer-usa-Hamer-Saigon-150x150.webp 150w, https:\/\/hamersaigon.com\/wp-content\/uploads\/2025\/08\/5-vien-keo-sam-hamer-usa-Hamer-Saigon-768x768.webp 768w, https:\/\/hamersaigon.com\/wp-content\/uploads\/2025\/08\/5-vien-keo-sam-hamer-usa-Hamer-Saigon-500x500.webp 500w, https:\/\/hamersaigon.com\/wp-content\/uploads\/2025\/08\/5-vien-keo-sam-hamer-usa-Hamer-Saigon-100x100.webp 100w, https:\/\/hamersaigon.com\/wp-content\/uploads\/2025\/08\/5-vien-keo-sam-hamer-usa-Hamer-Saigon.webp 1000w\" sizes=\"auto, (max-width: 300px) 100vw, 300px\" \/><h2 class=\"woocommerce-loop-product__title\">Authentic USA Hamer Candy \u2013 Combo of 5 (plus 2 candies)<\/h2><div class=\"star-rating\" role=\"img\" aria-label=\"Rated 5.00 out of 5\" data-no-translation-aria-label=\"\"><span style=\"width:100%\" data-no-translation=\"\" data-trp-gettext=\"\">Rated <strong class=\"rating\">5.00<\/strong> out of 5<\/span><\/div>\n\t<span class=\"price\"><span class=\"sale-price\"><del aria-hidden=\"true\"><span class=\"woocommerce-Price-amount amount\"><bdi>450.000&nbsp;<span class=\"woocommerce-Price-currencySymbol\">&#8363;<\/span><\/bdi><\/span><\/del> <span class=\"screen-reader-text\" data-no-translation=\"\" data-trp-gettext=\"\">Original price was: 450.000&nbsp;&#8363;.<\/span><ins aria-hidden=\"true\"><span class=\"woocommerce-Price-amount amount\"><bdi>400.000&nbsp;<span class=\"woocommerce-Price-currencySymbol\">&#8363;<\/span><\/bdi><\/span><\/ins><span class=\"screen-reader-text\" data-no-translation=\"\" data-trp-gettext=\"\">Current price is: 400.000&nbsp;&#8363;.<\/span><\/span><\/span>\n<\/a><a href=\"\/en\/wp-json\/wp\/v2\/pages\/20?add-to-cart=1363\" aria-describedby=\"woocommerce_loop_add_to_cart_link_describedby_1363\" data-quantity=\"1\" class=\"button product_type_simple add_to_cart_button ajax_add_to_cart\" data-product_id=\"1363\" data-product_sku=\"\" aria-label=\"Add to cart: \u201cK\u1eb9o S\u00e2m Hamer M\u1ef9 Ch\u00ednh H\u00e3ng - Combo 5 Vi\u00ean (t\u1eb7ng 2)\u201d\" rel=\"nofollow\" data-success_message=\"\u201cK\u1eb9o S\u00e2m Hamer M\u1ef9 Ch\u00ednh H\u00e3ng - Combo 5 Vi\u00ean (t\u1eb7ng 2)\u201d has been added to your cart\" data-no-translation=\"\" data-trp-gettext=\"\" data-no-translation-aria-label=\"\" data-no-translation-data-success_message=\"\">Add to cart<\/a>\t<span id=\"woocommerce_loop_add_to_cart_link_describedby_1363\" class=\"screen-reader-text\">\n\t\t\t<\/span>\n<\/li>\n<\/ul>\n<\/div>\n\n\n\n<div class=\"gspb_button_wrapper gspb_button-id-gsbp-c275725\" id=\"gspb_button-id-gsbp-c275725\"><a class=\"wp-block-greenshift-blocks-buttonbox gspb-buttonbox wp-element-button\" href=\"https:\/\/hamersaigon.com\/en\/shop\/\" title=\"Shop k\u1eb9o s\u00e2m Hamer M\u1ef9\" rel=\"noopener\"><span class=\"gspb-buttonbox-textwrap\"><span class=\"gspb-buttonbox-text\"><span class=\"gspb-buttonbox-title\">Shop now<\/span><\/span><\/span><\/a><\/div>\n\n\n\n<h2 class=\"wp-block-heading\" id=\"trai-nghiem-thuc-te-va-cam-ket-uy-tin\">Tr\u1ea3i nghi\u1ec7m th\u1ef1c t\u1ebf v\u00e0 cam k\u1ebft uy t\u00edn<\/h2>\n\n\n\n<p>\u0110\u1ed9i ng\u0169 Hamer Saigon lu\u00f4n \u0111\u1ec1 cao tr\u1ea3i nghi\u1ec7m ng\u01b0\u1eddi d\u00f9ng, cung c\u1ea5p th\u00f4ng tin s\u1ea3n ph\u1ea9m r\u00f5 r\u00e0ng, d\u1ec5 hi\u1ec3u v\u00e0 mang t\u00ednh tham kh\u1ea3o cao. To\u00e0n b\u1ed9 n\u1ed9i dung tr\u00ean website \u0111\u01b0\u1ee3c bi\u00ean so\u1ea1n d\u1ef1a tr\u00ean c\u00e1c nghi\u00ean c\u1ee9u, kinh nghi\u1ec7m th\u1ef1c t\u1ebf, <a href=\"https:\/\/hamersaigon.com\/en\/danh-gia\/\" data-type=\"page\" data-id=\"1273\">ph\u1ea3n h\u1ed3i t\u1eeb kh\u00e1ch h\u00e0ng<\/a>, c\u0169ng nh\u01b0 c\u00e1c t\u00e0i li\u1ec7u t\u1eeb nh\u00e0 s\u1ea3n xu\u1ea5t.<\/p>\n\n\n\n<p>Ch\u00fang t\u00f4i lu\u00f4n:<\/p>\n\n\n\n<ul class=\"wp-block-list\">\n<li>Chia s\u1ebb tr\u1ea3i nghi\u1ec7m th\u1ef1c t\u1ebf t\u1eeb kh\u00e1ch h\u00e0ng<\/li>\n\n\n\n<li>\u0110\u01b0a ra h\u01b0\u1edbng d\u1eabn s\u1eed d\u1ee5ng r\u00f5 r\u00e0ng, ph\u00f9 h\u1ee3p v\u1edbi t\u1eebng \u0111\u1ed1i t\u01b0\u1ee3ng<\/li>\n\n\n\n<li>X\u00e2y d\u1ef1ng l\u00f2ng tin d\u1ef1a tr\u00ean s\u1ef1 minh b\u1ea1ch v\u00e0 ph\u1ea3n h\u1ed3i th\u1ef1c t\u1ebf<\/li>\n<\/ul>\n\n\n\n<p>\u0110i\u1ec1u n\u00e0y gi\u00fap kh\u00e1ch h\u00e0ng m\u1edbi c\u00f3 th\u1ec3 \u0111\u01b0a ra l\u1ef1a ch\u1ecdn s\u00e1ng su\u1ed1t, \u0111\u1ed3ng th\u1eddi t\u1ea1o n\u00ean s\u1ef1 k\u1ebft n\u1ed1i v\u00e0 tin t\u01b0\u1edfng l\u00e2u d\u00e0i v\u1edbi th\u01b0\u01a1ng hi\u1ec7u.<\/p>\n\n\n\n<h2 class=\"wp-block-heading\" id=\"he-thong-phan-phoi-toan-quoc\">H\u1ec7 th\u1ed1ng ph\u00e2n ph\u1ed1i to\u00e0n qu\u1ed1c<\/h2>\n\n\n\n<p>B\u1ea1n c\u00f3 th\u1ec3 \u0111\u1eb7t mua k\u1eb9o s\u00e2m hamer M\u1ef9 ch\u00ednh h\u00e3ng tr\u1ef1c ti\u1ebfp t\u1ea1i website <a href=\"https:\/\/hamersaigon.com\/en\/\">https:\/\/hamersaigon.com<\/a>, ho\u1eb7c li\u00ean h\u1ec7 v\u1edbi ch\u00fang t\u00f4i qua Zalo v\u00e0 Hotline \u0111\u1ec3 \u0111\u01b0\u1ee3c t\u01b0 v\u1ea5n nhanh ch\u00f3ng.<\/p>\n\n\n\n<p>\u0110\u1eb7c bi\u1ec7t t\u1ea1i TP. H\u1ed3 Ch\u00ed Minh, Hamer Saigon c\u00f3 h\u1ec7 th\u1ed1ng giao h\u00e0ng nhanh trong ng\u00e0y cho c\u00e1c khu v\u1ef1c n\u1ed9i th\u00e0nh, gi\u00fap b\u1ea1n nh\u1eadn s\u1ea3n ph\u1ea9m ch\u1ec9 sau 45 ph\u00fat \u0111\u1eb7t h\u00e0ng. Ngo\u00e0i ra, kh\u00e1ch h\u00e0ng t\u1ea1i TP.HCM c\u00f2n \u0111\u01b0\u1ee3c h\u1ed7 tr\u1ee3 \u0111\u1ed5i tr\u1ea3 linh ho\u1ea1t n\u1ebfu c\u00f3 v\u1ea5n \u0111\u1ec1 ph\u00e1t sinh trong qu\u00e1 tr\u00ecnh s\u1eed d\u1ee5ng. <\/p>\n\n\n\n<p>Li\u00ean h\u1ec7 ngay \u0111\u1ec3 \u0111\u01b0\u1ee3c ph\u1ee5c v\u1ee5 t\u1eadn n\u01a1i, nhanh ch\u00f3ng v\u00e0 t\u1eadn t\u00e2m:<\/p>\n\n\n\n<ul class=\"wp-block-list\">\n<li>Hotline: 0559.347.717<\/li>\n\n\n\n<li>Zalo: 0559.347.717<\/li>\n\n\n\n<li>Messenger: <a href=\"http:\/\/m.me\/hamersaigonofficial\">http:\/\/m.me\/hamersaigonofficial<\/a><\/li>\n<\/ul>\n\n\n\n<p>Ch\u00fang t\u00f4i cam k\u1ebft <a href=\"https:\/\/hamersaigon.com\/en\/chinh-sach\/van-chuyen\/\" data-type=\"page\" data-id=\"986\">giao h\u00e0ng to\u00e0n qu\u1ed1c<\/a>, h\u1ed7 tr\u1ee3 t\u1eadn n\u01a1i, <a href=\"https:\/\/hamersaigon.com\/en\/chinh-sach\/thanh-toan\/\" data-type=\"page\" data-id=\"982\">thanh to\u00e1n linh ho\u1ea1t<\/a> v\u00e0 t\u01b0 v\u1ea5n s\u1eed d\u1ee5ng ph\u00f9 h\u1ee3p.<\/p>\n\n\n\n<div class=\"wp-block-greenshift-blocks-container gspb_container gspb_container-gsbp-92547a5\" id=\"gspb_container-id-gsbp-92547a5\">\n<iframe src=\"https:\/\/www.google.com\/maps\/embed?pb=!1m14!1m8!1m3!1d15676.39783966619!2d106.683639!3d10.803694!3m2!1i1024!2i768!4f13.1!3m3!1m2!1s0x3175290032276619%3A0xe7aaf4cdaa7ee089!2sHamer%20Saigon!5e0!3m2!1sen!2sus!4v1758438626581!5m2!1sen!2sus\" width=\"800\" height=\"400\" style=\"border:0;\" loading=\"lazy\" referrerpolicy=\"no-referrer-when-downgrade\"><\/iframe>\n<\/div>","protected":false},"excerpt":{"rendered":"<p>Hamer Saigon (hamersaigon.com) l\u00e0 \u0111\u01a1n v\u1ecb ph\u00e2n ph\u1ed1i ch\u00ednh h\u00e3ng k\u1eb9o Hamer M\u1ef9 t\u1ea1i Vi\u1ec7t Nam, \u0111\u01b0\u1ee3c \u1ee7y quy\u1ec1n tr\u1ef1c ti\u1ebfp b\u1edfi USA Hamer.<\/p>","protected":false},"author":1,"featured_media":973,"parent":0,"menu_order":0,"comment_status":"closed","ping_status":"closed","template":"","meta":{"_gspb_post_css":"#gspb_row-id-gsbp-36f6957{justify-content:space-between;margin-top:0;display:flex;flex-wrap:wrap;margin-bottom:26px}#gspb_row-id-gsbp-36f6957>.gspb_row__content{display:flex;justify-content:space-between;margin:0 auto;width:100%;flex-wrap:wrap}.gspb_row{position:relative}div[id^=gspb_col-id]{box-sizing:border-box;position:relative;padding:var(--gs-row-column-padding, 15px min(3vw, 20px))}body.gspb-bodyfront #gspb_row-id-gsbp-36f6957>.gspb_row__content{width:var(--theme-container-width, 1200px);max-width:var(--theme-normal-container-max-width, 1200px)}@media (max-width:767px){#gspb_row-id-gsbp-36f6957>.gspb_row__content{overflow-x:auto!important;overflow-y:hidden;display:grid;grid-auto-flow:column;-webkit-overflow-scrolling:touch;scroll-behavior:smooth;scroll-snap-type:x mandatory;scrollbar-width:thin;scrollbar-color:transparent transparent;grid-gap:15px;padding-bottom:10px}#gspb_row-id-gsbp-36f6957>.gspb_row__content::-webkit-scrollbar{width:4px;height:4px}#gspb_row-id-gsbp-36f6957>.gspb_row__content::-webkit-scrollbar-track{background-color:transparent;border-radius:20px}#gspb_row-id-gsbp-36f6957>.gspb_row__content::-webkit-scrollbar-thumb{background-color:transparent;border-radius:20px;border:1px solid transparent}#gspb_row-id-gsbp-36f6957>.gspb_row__content:hover::-webkit-scrollbar-thumb{background-color:#ddd}#gspb_row-id-gsbp-36f6957>.gspb_row__content:hover::-webkit-scrollbar{background-color:transparent;border-radius:20px;border:1px solid transparent}#gspb_row-id-gsbp-36f6957>.gspb_row__content:hover{scrollbar-color:#ddd transparent}#gspb_row-id-gsbp-36f6957>.gspb_row__content>div{margin:0!important;min-width:340px;scroll-snap-align:start;white-space:normal}}#gspb_col-id-gsbp-453a2aa.gspb_row__col--4{width:33.333333333333336%}@media (max-width:575.98px){#gspb_col-id-gsbp-453a2aa.gspb_row__col--4{width:100%}}#gspb_col-id-gsbp-0ffdab5.gspb_row__col--4{width:33.333333333333336%}@media (max-width:575.98px){#gspb_col-id-gsbp-0ffdab5.gspb_row__col--4{width:100%}}#gspb_col-id-gsbp-eaa89c1.gspb_row__col--4{width:33.333333333333336%}@media (max-width:575.98px){#gspb_col-id-gsbp-eaa89c1.gspb_row__col--4{width:100%}}#gspb_image-id-gsbp-35ebca8 img,#gspb_image-id-gsbp-54ebc5e img,#gspb_image-id-gsbp-6fd8aa3 img,#gspb_image-id-gsbp-967d253 img{vertical-align:top;display:inline-block;box-sizing:border-box;max-width:100%;height:auto}#gspb_button-id-gsbp-c275725{display:flex;justify-content:center}#gspb_button-id-gsbp-c275725 .gspb-buttonbox-text{display:flex;flex-direction:column}#gspb_button-id-gsbp-c275725>.gspb-buttonbox{box-sizing:border-box}.gspb_container-id-gsbp-92547a5{flex-direction:column;box-sizing:border-box}#gspb_container-id-gsbp-92547a5.gspb_container>p:last-of-type{margin-bottom:0}#gspb_container-id-gsbp-92547a5.gspb_container{position:relative}","footnotes":""},"class_list":["post-20","page","type-page","status-publish","has-post-thumbnail","hentry"],"blocksy_meta":{"has_hero_section":"disabled","styles_descriptor":{"styles":{"desktop":"","tablet":"","mobile":""},"google_fonts":[],"version":6},"vertical_spacing_source":"custom","content_area_spacing":"both","page_structure_type":"type-3"},"jetpack_sharing_enabled":true,"_links":{"self":[{"href":"https:\/\/hamersaigon.com\/en\/wp-json\/wp\/v2\/pages\/20","targetHints":{"allow":["GET"]}}],"collection":[{"href":"https:\/\/hamersaigon.com\/en\/wp-json\/wp\/v2\/pages"}],"about":[{"href":"https:\/\/hamersaigon.com\/en\/wp-json\/wp\/v2\/types\/page"}],"author":[{"embeddable":true,"href":"https:\/\/hamersaigon.com\/en\/wp-json\/wp\/v2\/users\/1"}],"replies":[{"embeddable":true,"href":"https:\/\/hamersaigon.com\/en\/wp-json\/wp\/v2\/comments?post=20"}],"version-history":[{"count":13,"href":"https:\/\/hamersaigon.com\/en\/wp-json\/wp\/v2\/pages\/20\/revisions"}],"predecessor-version":[{"id":1625,"href":"https:\/\/hamersaigon.com\/en\/wp-json\/wp\/v2\/pages\/20\/revisions\/1625"}],"wp:featuredmedia":[{"embeddable":true,"href":"https:\/\/hamersaigon.com\/en\/wp-json\/wp\/v2\/media\/973"}],"wp:attachment":[{"href":"https:\/\/hamersaigon.com\/en\/wp-json\/wp\/v2\/media?parent=20"}],"curies":[{"name":"wp","href":"https:\/\/api.w.org\/{rel}","templated":true}]}}