{"id":22,"date":"2023-10-11T14:26:00","date_gmt":"2023-10-11T14:26:00","guid":{"rendered":"https:\/\/startersites.io\/blocksy\/cosmetic\/?page_id=22"},"modified":"2025-09-21T07:18:59","modified_gmt":"2025-09-21T07:18:59","slug":"lien-he","status":"publish","type":"page","link":"https:\/\/hamersaigon.com\/en\/lien-he\/","title":{"rendered":"Li\u00ean H\u1ec7"},"content":{"rendered":"<div class=\"wp-block-greenshift-blocks-container gspb_container gspb_container-gsbp-33f7646b-c7ed\" id=\"gspb_container-id-gsbp-33f7646b-c7ed\">\n<h2 id=\"gspb_heading-id-gsbp-fda9d865-c320\" class=\"gspb_heading gspb_heading-id-gsbp-fda9d865-c320\">Li\u00ean H\u1ec7<\/h2>\n<\/div>\n\n\n\n<div class=\"wp-block-greenshift-blocks-row gspb_row gspb_row-id-gsbp-7e3ec7f\" id=\"gspb_row-id-gsbp-7e3ec7f\"><div class=\"gspb_row__content\"> \n<div class=\"wp-block-greenshift-blocks-row-column gspb_row__col--6 gspb_col-id-gsbp-8b17590\" id=\"gspb_col-id-gsbp-8b17590\">\n<p>Address: <a href=\"https:\/\/maps.app.goo.gl\/6AvoM4iMA4KryPZ58\" data-type=\"link\" data-id=\"https:\/\/maps.app.goo.gl\/6AvoM4iMA4KryPZ58\" target=\"_blank\" rel=\"noopener\">3B Th\u00edch Qu\u1ea3ng \u0110\u1ee9c, P. \u0110\u1ee9c Nhu\u1eadn, TP. H\u1ed3 Ch\u00ed Minh<\/a><\/p>\n\n\n\n<p>Gi\u1edd ho\u1ea1t \u0111\u1ed9ng: 24\/7<\/p>\n\n\n\n<p>Li\u00ean h\u1ec7: <a href=\"tel:0559347717\">0559 347 717<\/a><\/p>\n\n\n\n<p>Email: <a href=\"mailto:hello@hamersaigon.com\">hello@hamersaigon.com<\/a><\/p>\n\n\n\n<p><em>T\u1ea1i TP. H\u1ed3 Ch\u00ed Minh, Hamer Saigon h\u1ed7 tr\u1ee3 giao k\u1eb9o s\u00e2m Hamer b\u1ea5t k\u1ef3 th\u1eddi \u0111i\u1ec3m n\u00e0o trong ng\u00e0y, \u0111\u1ea3m b\u1ea3o mang \u0111\u1ebfn cho kh\u00e1ch h\u00e0ng tr\u1ea3i nghi\u1ec7m d\u1ecbch v\u1ee5 nhanh ch\u00f3ng v\u00e0 thu\u1eadn ti\u1ec7n nh\u1ea5t.<\/em><\/p>\n\n\n\n<iframe src=\"https:\/\/www.google.com\/maps\/embed?pb=!1m18!1m12!1m3!1d3919.0994546954294!2d106.68363889999999!3d10.803694400000001!2m3!1f0!2f0!3f0!3m2!1i1024!2i768!4f13.1!3m3!1m2!1s0x3175290032276619%3A0xe7aaf4cdaa7ee089!2sHamer%20Saigon!5e0!3m2!1sen!2s!4v1757307061947!5m2!1sen!2s\" width=\"600\" height=\"450\" style=\"border:0;\" allowfullscreen=\"\" loading=\"lazy\" referrerpolicy=\"no-referrer-when-downgrade\"><\/iframe>\n<\/div>\n\n\n\n<div class=\"wp-block-greenshift-blocks-row-column gspb_row__col--6 gspb_col-id-gsbp-d31372c\" id=\"gspb_col-id-gsbp-d31372c\">\n<div class=\"wp-block-greenshift-blocks-image gspb_image gspb_image-id-gsbp-2556137\" id=\"gspb_image-id-gsbp-2556137\"><img decoding=\"async\" src=\"https:\/\/hamersaigon.com\/wp-content\/uploads\/2025\/09\/hamer-saigon-shop.png\" data-src=\"\" alt=\"Shop Hamer Saigon t\u1ea1i 3B Th\u00edch Qu\u1ea3ng \u0110\u1ee9c, Ph\u00fa Nhu\u1eadn, Tp. H\u1ed3 Ch\u00ed Minh\" loading=\"lazy\" width=\"700\" height=\"800\"\/><\/div>\n<\/div>\n <\/div><\/div>","protected":false},"excerpt":{"rendered":"","protected":false},"author":1,"featured_media":0,"parent":0,"menu_order":0,"comment_status":"closed","ping_status":"closed","template":"","meta":{"_gspb_post_css":".gspb_container-id-gsbp-33f7646b-c7ed{flex-direction:column;box-sizing:border-box}#gspb_container-id-gsbp-33f7646b-c7ed.gspb_container>p:last-of-type{margin-bottom:0}#gspb_container-id-gsbp-33f7646b-c7ed.gspb_container{position:relative;display:flex;flex-direction:column;align-items:center;margin-bottom:30px}#gspb_heading-id-gsbp-fda9d865-c320{font-size:clamp(30px,5vw,50px);line-height:1.5;text-align:center!important;margin-top:0;margin-bottom:10px;max-width:750px}#gspb_heading-id-gsbp-fda9d865-c320 .gsap-g-line{text-align:center!important}#gspb_row-id-gsbp-7e3ec7f{justify-content:space-between;margin-top:0;margin-bottom:0;display:flex;flex-wrap:wrap}#gspb_row-id-gsbp-7e3ec7f>.gspb_row__content{display:flex;justify-content:space-between;margin:0 auto;width:100%;flex-wrap:wrap}.gspb_row{position:relative}div[id^=gspb_col-id]{box-sizing:border-box;position:relative;padding:var(--gs-row-column-padding, 15px min(3vw, 20px))}body.gspb-bodyfront #gspb_row-id-gsbp-7e3ec7f>.gspb_row__content{width:var(--theme-container-width, 1200px);max-width:var(--theme-normal-container-max-width, 1200px)}#gspb_col-id-gsbp-8b17590.gspb_row__col--6{width:50%}@media (max-width:575.98px){#gspb_col-id-gsbp-8b17590.gspb_row__col--6{width:100%}}#gspb_col-id-gsbp-d31372c.gspb_row__col--6{width:50%}@media (max-width:575.98px){#gspb_col-id-gsbp-d31372c.gspb_row__col--6{width:100%}}#gspb_image-id-gsbp-2556137 img{vertical-align:top;display:inline-block;box-sizing:border-box;max-width:100%;height:auto}","footnotes":""},"class_list":["post-22","page","type-page","status-publish","hentry"],"blocksy_meta":{"has_hero_section":"disabled","styles_descriptor":{"styles":{"desktop":"","tablet":"","mobile":""},"google_fonts":[],"version":6}},"jetpack_sharing_enabled":true,"_links":{"self":[{"href":"https:\/\/hamersaigon.com\/en\/wp-json\/wp\/v2\/pages\/22","targetHints":{"allow":["GET"]}}],"collection":[{"href":"https:\/\/hamersaigon.com\/en\/wp-json\/wp\/v2\/pages"}],"about":[{"href":"https:\/\/hamersaigon.com\/en\/wp-json\/wp\/v2\/types\/page"}],"author":[{"embeddable":true,"href":"https:\/\/hamersaigon.com\/en\/wp-json\/wp\/v2\/users\/1"}],"replies":[{"embeddable":true,"href":"https:\/\/hamersaigon.com\/en\/wp-json\/wp\/v2\/comments?post=22"}],"version-history":[{"count":5,"href":"https:\/\/hamersaigon.com\/en\/wp-json\/wp\/v2\/pages\/22\/revisions"}],"predecessor-version":[{"id":1580,"href":"https:\/\/hamersaigon.com\/en\/wp-json\/wp\/v2\/pages\/22\/revisions\/1580"}],"wp:attachment":[{"href":"https:\/\/hamersaigon.com\/en\/wp-json\/wp\/v2\/media?parent=22"}],"curies":[{"name":"wp","href":"https:\/\/api.w.org\/{rel}","templated":true}]}}