{"id":982,"date":"2025-03-15T09:10:37","date_gmt":"2025-03-15T09:10:37","guid":{"rendered":"https:\/\/hamersaigon.com\/?page_id=982"},"modified":"2026-01-16T03:57:48","modified_gmt":"2026-01-16T03:57:48","slug":"thanh-toan","status":"publish","type":"page","link":"https:\/\/hamersaigon.com\/en\/chinh-sach\/thanh-toan\/","title":{"rendered":"H\u01b0\u1edbng D\u1eabn Thanh To\u00e1n"},"content":{"rendered":"<p>Hamer Saigon h\u1ed7 tr\u1ee3 nhi\u1ec1u h\u00ecnh th\u1ee9c thanh to\u00e1n linh ho\u1ea1t v\u00e0 ti\u1ec7n l\u1ee3i cho kh\u00e1ch h\u00e0ng:<\/p>\n\n\n\n<ul class=\"wp-block-list\">\n<li><strong>COD (Cash on Delivery)<\/strong>: Thanh to\u00e1n tr\u1ef1c ti\u1ebfp khi nh\u1eadn h\u00e0ng.<\/li>\n\n\n\n<li><strong>Chuy\u1ec3n kho\u1ea3n ng\u00e2n h\u00e0ng<\/strong>: H\u1ed7 tr\u1ee3 t\u1ea5t c\u1ea3 c\u00e1c ng\u00e2n h\u00e0ng n\u1ed9i \u0111\u1ecba.<\/li>\n\n\n\n<li><strong>V\u00ed \u0111i\u1ec7n t\u1eed<\/strong>: Thanh to\u00e1n nhanh ch\u00f3ng qua c\u00e1c n\u1ec1n t\u1ea3ng ph\u1ed5 bi\u1ebfn nh\u01b0 Momo, ZaloPay&#8230;<\/li>\n<\/ul>\n\n\n\n<p>Kh\u00e1ch h\u00e0ng c\u00f3 th\u1ec3 l\u1ef1a ch\u1ecdn h\u00ecnh th\u1ee9c thanh to\u00e1n ph\u00f9 h\u1ee3p \u0111\u1ec3 \u0111\u1ea3m b\u1ea3o tr\u1ea3i nghi\u1ec7m mua s\u1eafm thu\u1eadn ti\u1ec7n v\u00e0 an to\u00e0n.<\/p>","protected":false},"excerpt":{"rendered":"<p>Hamer Saigon h\u1ed7 tr\u1ee3 nhi\u1ec1u h\u00ecnh th\u1ee9c thanh to\u00e1n linh ho\u1ea1t v\u00e0 ti\u1ec7n l\u1ee3i cho kh\u00e1ch h\u00e0ng: Kh\u00e1ch h\u00e0ng c\u00f3 th\u1ec3 l\u1ef1a ch\u1ecdn h\u00ecnh th\u1ee9c thanh to\u00e1n ph\u00f9 h\u1ee3p \u0111\u1ec3 \u0111\u1ea3m b\u1ea3o tr\u1ea3i nghi\u1ec7m mua s\u1eafm thu\u1eadn ti\u1ec7n v\u00e0 an to\u00e0n.<\/p>","protected":false},"author":1,"featured_media":0,"parent":977,"menu_order":0,"comment_status":"closed","ping_status":"closed","template":"","meta":{"_gspb_post_css":"","footnotes":""},"class_list":["post-982","page","type-page","status-publish","hentry"],"blocksy_meta":{"page_structure_type":"type-3","styles_descriptor":{"styles":{"desktop":"","tablet":"","mobile":""},"google_fonts":[],"version":6}},"jetpack_sharing_enabled":true,"_links":{"self":[{"href":"https:\/\/hamersaigon.com\/en\/wp-json\/wp\/v2\/pages\/982","targetHints":{"allow":["GET"]}}],"collection":[{"href":"https:\/\/hamersaigon.com\/en\/wp-json\/wp\/v2\/pages"}],"about":[{"href":"https:\/\/hamersaigon.com\/en\/wp-json\/wp\/v2\/types\/page"}],"author":[{"embeddable":true,"href":"https:\/\/hamersaigon.com\/en\/wp-json\/wp\/v2\/users\/1"}],"replies":[{"embeddable":true,"href":"https:\/\/hamersaigon.com\/en\/wp-json\/wp\/v2\/comments?post=982"}],"version-history":[{"count":5,"href":"https:\/\/hamersaigon.com\/en\/wp-json\/wp\/v2\/pages\/982\/revisions"}],"predecessor-version":[{"id":2209,"href":"https:\/\/hamersaigon.com\/en\/wp-json\/wp\/v2\/pages\/982\/revisions\/2209"}],"up":[{"embeddable":true,"href":"https:\/\/hamersaigon.com\/en\/wp-json\/wp\/v2\/pages\/977"}],"wp:attachment":[{"href":"https:\/\/hamersaigon.com\/en\/wp-json\/wp\/v2\/media?parent=982"}],"curies":[{"name":"wp","href":"https:\/\/api.w.org\/{rel}","templated":true}]}}