{"id":984,"date":"2025-03-15T09:10:51","date_gmt":"2025-03-15T09:10:51","guid":{"rendered":"https:\/\/hamersaigon.com\/?page_id=984"},"modified":"2025-09-21T07:27:18","modified_gmt":"2025-09-21T07:27:18","slug":"doi-tra","status":"publish","type":"page","link":"https:\/\/hamersaigon.com\/en\/chinh-sach\/doi-tra\/","title":{"rendered":"Ch\u00ednh S\u00e1ch \u0110\u1ed5i Tr\u1ea3"},"content":{"rendered":"<p>Hamer Saigon lu\u00f4n mong mu\u1ed1n mang \u0111\u1ebfn tr\u1ea3i nghi\u1ec7m mua s\u1eafm t\u1ed1t nh\u1ea5t cho kh\u00e1ch h\u00e0ng. Ch\u00fang t\u00f4i h\u1ed7 tr\u1ee3 \u0111\u1ed5i ho\u1eb7c ho\u00e0n tr\u1ea3 s\u1ea3n ph\u1ea9m trong c\u00e1c tr\u01b0\u1eddng h\u1ee3p sau:<\/p>\n\n\n\n<ul class=\"wp-block-list\">\n<li>H\u00e0ng giao kh\u00f4ng \u0111\u00fang s\u1ea3n ph\u1ea9m \/ s\u1ed1 l\u01b0\u1ee3ng<\/li>\n\n\n\n<li>Bao b\u00ec b\u1ecb r\u00e1ch, v\u1ee1, m\u00f3p m\u00e9o nghi\u00eam tr\u1ecdng trong qu\u00e1 tr\u00ecnh v\u1eadn chuy\u1ec3n<\/li>\n\n\n\n<li>S\u1ea3n ph\u1ea9m l\u1ed7i do nh\u00e0 s\u1ea3n xu\u1ea5t<\/li>\n<\/ul>\n\n\n\n<p>\u0110i\u1ec1u ki\u1ec7n:<\/p>\n\n\n\n<ul class=\"wp-block-list\">\n<li>\u0110\u1ed5i\/tr\u1ea3 ho\u00e0n to\u00e0n mi\u1ec5n ph\u00ed n\u1ebfu l\u1ed7i t\u1eeb ph\u00eda ch\u00fang t\u00f4i<\/li>\n\n\n\n<li>S\u1ea3n ph\u1ea9m ch\u01b0a s\u1eed d\u1ee5ng, c\u00f2n nguy\u00ean tem ni\u00eam phong<\/li>\n\n\n\n<li>\u0110\u1ed5i tr\u1ea3 trong v\u00f2ng 3 ng\u00e0y k\u1ec3 t\u1eeb khi nh\u1eadn h\u00e0ng<\/li>\n<\/ul>\n\n\n\n<p><span style=\"text-decoration: underline;\">Note:<\/span> Tr\u01b0\u1eddng h\u1ee3p \u0111\u1ed5i do nhu c\u1ea7u c\u00e1 nh\u00e2n (kh\u00f4ng ph\u1ea3i l\u1ed7i s\u1ea3n ph\u1ea9m), kh\u00e1ch h\u00e0ng vui l\u00f2ng ch\u1ecbu chi ph\u00ed v\u1eadn chuy\u1ec3n. B\u00ean c\u1ea1nh \u0111\u00f3, Hamer Saigon kh\u00f4ng \u00e1p d\u1ee5ng \u0111\u1ed5i tr\u1ea3 v\u1edbi s\u1ea3n ph\u1ea9m \u0111\u00e3 m\u1edf bao b\u00ec, \u0111\u00e3 s\u1eed d\u1ee5ng, ho\u1eb7c h\u01b0 h\u1ecfng do b\u1ea3o qu\u1ea3n kh\u00f4ng \u0111\u00fang c\u00e1ch.<\/p>\n\n\n\n<div class=\"wp-block-greenshift-blocks-infobox gspb_infoBox gspb_infoBox-id-gsbp-cd0f24b\" id=\"gspb_infoBox-id-gsbp-cd0f24b\"><div class=\"gs-box info_type icon_type\"><div class=\"gs-box-icon\"><svg x=\"0px\" y=\"0px\" viewbox=\"0 0 512 512\"> <g><g> <path d=\"M256,0C114.497,0,0,114.507,0,256c0,141.503,114.507,256,256,256c141.503,0,256-114.507,256-256 C512,114.497,397.492,0,256,0z M256,472c-119.393,0-216-96.615-216-216c0-119.393,96.615-216,216-216 c119.393,0,216,96.615,216,216C472,375.393,375.384,472,256,472z\"><\/path> <\/g> <\/g> <g> <g> <path d=\"M256,214.33c-11.046,0-20,8.954-20,20v128.793c0,11.046,8.954,20,20,20s20-8.955,20-20.001V234.33 C276,223.284,267.046,214.33,256,214.33z\"><\/path> <\/g> <\/g> <g> <g> <circle cx=\"256\" cy=\"162.84\" r=\"27\"><\/circle> <\/g> <\/g> <\/svg><\/div><div class=\"gs-box-text\">\n<p>Li\u00ean h\u1ec7 qua Zalo ho\u1eb7c Fanpage \u0111\u1ec3 \u0111\u01b0\u1ee3c h\u1ed7 tr\u1ee3 nhanh:<\/p>\n\n\n\n<ul class=\"wp-block-list\">\n<li>Zalo: 0559 347 717<\/li>\n\n\n\n<li>Messenger: <a href=\"http:\/\/m.me\/hamersaigonofficial\" data-type=\"link\" data-id=\"m.me\/hamersaigonofficial\"><mark style=\"background-color:rgba(0, 0, 0, 0)\" class=\"has-inline-color has-palette-color-4-color\">Hamer Saigon<\/mark><\/a><\/li>\n<\/ul>\n<\/div><\/div><\/div>","protected":false},"excerpt":{"rendered":"<p>Hamer Saigon lu\u00f4n mong mu\u1ed1n mang \u0111\u1ebfn tr\u1ea3i nghi\u1ec7m mua s\u1eafm t\u1ed1t nh\u1ea5t cho kh\u00e1ch h\u00e0ng. Ch\u00fang t\u00f4i h\u1ed7 tr\u1ee3 \u0111\u1ed5i ho\u1eb7c ho\u00e0n tr\u1ea3 s\u1ea3n ph\u1ea9m trong c\u00e1c tr\u01b0\u1eddng h\u1ee3p sau: \u0110i\u1ec1u ki\u1ec7n: L\u01b0u \u00fd: Tr\u01b0\u1eddng h\u1ee3p \u0111\u1ed5i do nhu c\u1ea7u c\u00e1 nh\u00e2n (kh\u00f4ng ph\u1ea3i l\u1ed7i s\u1ea3n ph\u1ea9m), kh\u00e1ch h\u00e0ng vui l\u00f2ng ch\u1ecbu chi ph\u00ed [&hellip;]<\/p>\n","protected":false},"author":1,"featured_media":0,"parent":977,"menu_order":0,"comment_status":"closed","ping_status":"closed","template":"","meta":{"_gspb_post_css":".gs-box{padding:20px;border-left:5px solid transparent;margin-bottom:25px}.gs-box-text>p{margin-bottom:20px;margin-top:0}.gs-box-text>p:last-of-type{margin-bottom:0}.gs-box.info_type{color:#155724;background-color:#d4edda;border-color:#c3e6cb}.gs-box.info_type svg{fill:#30a030}.gs-box.icon_type{display:flex}.gs-box.icon_type .gs-box-icon{width:28px;min-width:28px}.gs-box.icon_type .gs-box-text{flex-grow:1;margin:0 15px}","footnotes":""},"class_list":["post-984","page","type-page","status-publish","hentry"],"blocksy_meta":{"page_structure_type":"type-3","styles_descriptor":{"styles":{"desktop":"","tablet":"","mobile":""},"google_fonts":[],"version":6}},"jetpack_sharing_enabled":true,"_links":{"self":[{"href":"https:\/\/hamersaigon.com\/en\/wp-json\/wp\/v2\/pages\/984","targetHints":{"allow":["GET"]}}],"collection":[{"href":"https:\/\/hamersaigon.com\/en\/wp-json\/wp\/v2\/pages"}],"about":[{"href":"https:\/\/hamersaigon.com\/en\/wp-json\/wp\/v2\/types\/page"}],"author":[{"embeddable":true,"href":"https:\/\/hamersaigon.com\/en\/wp-json\/wp\/v2\/users\/1"}],"replies":[{"embeddable":true,"href":"https:\/\/hamersaigon.com\/en\/wp-json\/wp\/v2\/comments?post=984"}],"version-history":[{"count":4,"href":"https:\/\/hamersaigon.com\/en\/wp-json\/wp\/v2\/pages\/984\/revisions"}],"predecessor-version":[{"id":1584,"href":"https:\/\/hamersaigon.com\/en\/wp-json\/wp\/v2\/pages\/984\/revisions\/1584"}],"up":[{"embeddable":true,"href":"https:\/\/hamersaigon.com\/en\/wp-json\/wp\/v2\/pages\/977"}],"wp:attachment":[{"href":"https:\/\/hamersaigon.com\/en\/wp-json\/wp\/v2\/media?parent=984"}],"curies":[{"name":"wp","href":"https:\/\/api.w.org\/{rel}","templated":true}]}}