{"id":986,"date":"2025-03-15T09:11:07","date_gmt":"2025-03-15T09:11:07","guid":{"rendered":"https:\/\/hamersaigon.com\/?page_id=986"},"modified":"2026-01-16T03:55:38","modified_gmt":"2026-01-16T03:55:38","slug":"van-chuyen","status":"publish","type":"page","link":"https:\/\/hamersaigon.com\/en\/chinh-sach\/van-chuyen\/","title":{"rendered":"Ch\u00ednh S\u00e1ch V\u1eadn Chuy\u1ec3n"},"content":{"rendered":"<h2 class=\"wp-block-heading\" id=\"hinh-thuc-dong-goi\">H\u00ecnh Th\u1ee9c \u0110\u00f3ng G\u00f3i<\/h2>\n\n\n\n<p>T\u1ea5t c\u1ea3 \u0111\u01a1n h\u00e0ng \u0111\u1ec1u \u0111\u01b0\u1ee3c \u0111\u00f3ng g\u00f3i <strong>c\u1ea9n th\u1eadn v\u00e0 k\u00edn \u0111\u00e1o<\/strong>:<\/p>\n\n\n\n<ul class=\"wp-block-list\">\n<li><strong>Kh\u00f4ng in t\u00ean s\u1ea3n ph\u1ea9m<\/strong> tr\u00ean bao b\u00ec<\/li>\n\n\n\n<li>Kh\u00f4ng hi\u1ec3n th\u1ecb th\u00f4ng tin nh\u1ea1y c\u1ea3m v\u1ec1 m\u1eb7t h\u00e0ng<\/li>\n\n\n\n<li>\u0110\u00f3ng g\u00f3i b\u1eb1ng h\u1ed9p carton k\u00edn v\u00e0 t\u00fai kh\u00ed. \u0110\u1ea3m b\u1ea3o s\u1ef1 k\u00edn \u0111\u00e1o v\u00e0 ri\u00eang t\u01b0, \u0111\u1ed3ng th\u1eddi gi\u1eef ch\u1ea5t l\u01b0\u1ee3ng s\u1ea3n ph\u1ea9m \u1ed5n \u0111\u1ecbnh khi v\u1eadn chuy\u1ec3n.<\/li>\n<\/ul>\n\n\n\n<p><strong>Cam k\u1ebft b\u1ea3o m\u1eadt th\u00f4ng tin c\u00e1 nh\u00e2n v\u00e0 n\u1ed9i dung \u0111\u01a1n h\u00e0ng. Ph\u00f9 h\u1ee3p cho kh\u00e1ch h\u00e0ng c\u1ea7n giao t\u1eadn n\u01a1i m\u00e0 kh\u00f4ng mu\u1ed1n l\u1ed9 th\u00f4ng tin s\u1ea3n ph\u1ea9m.<\/strong><\/p>\n\n\n\n<h2 class=\"wp-block-heading\" id=\"thoi-gian-van-chuyen\">Th\u1eddi Gian V\u1eadn Chuy\u1ec3n<\/h2>\n\n\n\n<p>Ch\u00fang t\u00f4i giao h\u00e0ng to\u00e0n qu\u1ed1c, mi\u1ec5n ph\u00ed v\u1eadn chuy\u1ec3n v\u1edbi m\u1ecdi \u0111\u01a1n h\u00e0ng. \u0110\u1eb7c bi\u1ec7t t\u1ea1i TP.HCM, h\u1ed7 tr\u1ee3 giao si\u00eau t\u1ed1c ch\u1ec9 t\u1eeb <strong>45 ph\u00fat<\/strong> t\u1ea1i c\u00e1c qu\u1eadn trung t\u00e2m.<\/p>\n\n\n\n<div class=\"gs_tabs_550 gs_root gsbp-7dab4c0\">\n<div class=\"gs_tabs_list gsbp-bc3da21\" role=\"tablist\">\n<button aria-controls=\"gs-content-gsbp-7dab4c0-0\" id=\"gs-trigger-gsbp-7dab4c0-0\" class=\"gs_click_sync gs_tab\" type=\"button\" role=\"tab\" aria-selected=\"false\">\n<span class=\"gs_name\">TP. H\u1ed3 Ch\u00ed Minh<\/span>\n<\/button>\n\n\n\n<button aria-controls=\"gs-content-gsbp-7dab4c0-1\" id=\"gs-trigger-gsbp-7dab4c0-1\" class=\"gs_click_sync gs_tab\" type=\"button\" role=\"tab\" aria-selected=\"false\">\n<span class=\"gs_name\">\u0110\u00e0 N\u1eb5ng<\/span>\n<\/button>\n\n\n\n<button aria-controls=\"gs-content-gsbp-7dab4c0-2\" id=\"gs-trigger-gsbp-7dab4c0-2\" class=\"gs_click_sync gs_tab active\" type=\"button\" role=\"tab\" aria-selected=\"true\">\n<span class=\"gs_name\">H\u00e0 N\u1ed9i<\/span>\n<\/button>\n<\/div>\n\n\n\n<div class=\"gs_content_area\">\n<div aria-labelledby=\"gs-trigger-gsbp-7dab4c0-0\" id=\"gs-content-gsbp-7dab4c0-0\" class=\"gs_content\" role=\"tabpanel\" aria-hidden=\"true\">\n<div class=\"gs_content_inner\">\n<figure class=\"wp-block-table\"><table class=\"has-fixed-layout\"><thead><tr><th><strong><mark style=\"background-color:rgba(0, 0, 0, 0)\" class=\"has-inline-color has-palette-color-1-color\">Khu v\u1ef1c<\/mark><\/strong><\/th><th><strong><mark style=\"background-color:rgba(0, 0, 0, 0)\" class=\"has-inline-color has-palette-color-1-color\">Qu\u1eadn c\u0169<\/mark><\/strong><\/th><th><strong><mark style=\"background-color:rgba(0, 0, 0, 0)\" class=\"has-inline-color has-palette-color-1-color\">Ph\u01b0\u1eddng m\u1edbi<\/mark><\/strong><\/th><th><strong><mark style=\"background-color:rgba(0, 0, 0, 0)\" class=\"has-inline-color has-palette-color-1-color\">Th\u1eddi gian giao<\/mark><\/strong><\/th><th><strong>Ph\u00ed v\u1eadn chuy\u1ec3n<\/strong><\/th><\/tr><\/thead><tbody><tr><td><strong>N\u1ed9i th\u00e0nh TP.HCM<\/strong><\/td><td>District 1<\/td><td>Ph\u01b0\u1eddng S\u00e0i G\u00f2n, T\u00e2n \u0110\u1ecbnh, B\u1ebfn Th\u00e0nh v\u00e0 C\u1ea7u \u00d4ng L\u00e3nh.<\/td><td>30 mins<\/td><td>Mi\u1ec5n ph\u00ed<\/td><\/tr><tr><td><\/td><td>District 3<\/td><td>Ph\u01b0\u1eddng B\u00e0n C\u1edd, Ph\u01b0\u1eddng Xu\u00e2n H\u00f2a, Ph\u01b0\u1eddng Nhi\u00eau L\u1ed9c<\/td><td>30 mins<\/td><td>Mi\u1ec5n ph\u00ed<\/td><\/tr><tr><td><\/td><td>District 5<\/td><td>Ph\u01b0\u1eddng An \u0110\u00f4ng, Ch\u1ee3 L\u1edbn, v\u00e0 Ch\u1ee3 Qu\u00e1n<\/td><td>45 ph\u00fat<\/td><td>Mi\u1ec5n ph\u00ed<\/td><\/tr><tr><td><\/td><td>District 10<\/td><td>Ph\u01b0\u1eddng V\u01b0\u1eddn L\u00e0i, Di\u00ean H\u1ed3ng v\u00e0 H\u00f2a H\u01b0ng<\/td><td>45 ph\u00fat<\/td><td>Mi\u1ec5n ph\u00ed<\/td><\/tr><tr><td><\/td><td>Phu Nhuan<\/td><td>Ph\u01b0\u1eddng Ph\u00fa Nhu\u1eadn, C\u1ea7u Ki\u1ec7u v\u00e0 \u0110\u1ee9c Nhu\u1eadn<\/td><td>30 mins<\/td><td>Mi\u1ec5n ph\u00ed<\/td><\/tr><tr><td><strong>TP. Th\u1ee7 \u0110\u1ee9c<\/strong><\/td><td>Qu\u1eadn 2 c\u0169<\/td><td>Ph\u01b0\u1eddng An Kh\u00e1nh, B\u00ecnh Tr\u01b0ng, C\u00e1t L\u00e1i<\/td><td>30 mins<\/td><td>Mi\u1ec5n ph\u00ed<\/td><\/tr><tr><td><\/td><td>Qu\u1eadn 9 c\u0169<\/td><td><\/td><td>60 ph\u00fat<\/td><td>Mi\u1ec5n ph\u00ed<\/td><\/tr><tr><td><\/td><td>Th\u1ee7 \u0110\u1ee9c c\u0169<\/td><td>Ph\u01b0\u1eddng Hi\u1ec7p B\u00ecnh, Th\u1ee7 \u0110\u1ee9c, Tam B\u00ecnh, Linh Xu\u00e2n, T\u0103ng Nh\u01a1n Ph\u00fa, Long B\u00ecnh, Long Ph\u01b0\u1edbc, Long Tr\u01b0\u1eddng, Ph\u01b0\u1edbc Long<\/td><td>60 ph\u00fat<\/td><td>Mi\u1ec5n ph\u00ed<\/td><\/tr><tr><td><strong>Ngo\u1ea1i th\u00e0nh TP.HCM<\/strong><\/td><td>District 12<\/td><td>T\u00e2n H\u01b0ng Thu\u1eadn, \u0110\u00f4ng H\u01b0ng Thu\u1eadn, An Ph\u00fa \u0110\u00f4ng, Th\u1ea1nh Xu\u00e2n<\/td><td>45 ph\u00fat<\/td><td>Mi\u1ec5n ph\u00ed<\/td><\/tr><tr><td><\/td><td>Tan Phu<\/td><td>T\u00e2y Th\u1ea1nh, T\u00e2n Qu\u00fd, Ph\u00fa Th\u1ecd H\u00f2a, S\u01a1n K\u1ef3<\/td><td>45 ph\u00fat<\/td><td>Mi\u1ec5n ph\u00ed<\/td><\/tr><tr><td><\/td><td>Go Vap<\/td><td>Ph\u01b0\u1eddng 6, 8, 10, 13, 14, 17<\/td><td>30 mins<\/td><td>Mi\u1ec5n ph\u00ed<\/td><\/tr><tr><td><\/td><td>B\u00ecnh T\u00e2n<\/td><td>T\u00e2n T\u1ea1o, T\u00e2n T\u1ea1o A, B\u00ecnh Tr\u1ecb \u0110\u00f4ng, B\u00ecnh Tr\u1ecb \u0110\u00f4ng A<\/td><td>60 ph\u00fat<\/td><td>Mi\u1ec5n ph\u00ed<\/td><\/tr><tr><td><\/td><td>H\u00f3c M\u00f4n \/ Nh\u00e0 B\u00e8 \/ B\u00ecnh Ch\u00e1nh<\/td><td>Ph\u01b0\u1edbc Ki\u1ec3n, T\u00e2n Xu\u00e2n, T\u00e2n T\u00fac, V\u0129nh L\u1ed9c A<\/td><td>60 ph\u00fat<\/td><td>Mi\u1ec5n ph\u00ed<\/td><\/tr><\/tbody><\/table><\/figure>\n<\/div>\n<\/div>\n\n\n\n<div aria-labelledby=\"gs-trigger-gsbp-7dab4c0-1\" id=\"gs-content-gsbp-7dab4c0-1\" class=\"gs_content\" role=\"tabpanel\" aria-hidden=\"true\">\n<div class=\"gs_content_inner\">\n<p>\u0110\u1ed1i v\u1edbi kh\u00e1ch h\u00e0ng c\u00f3 nhu c\u1ea7u mua k\u1eb9o s\u00e2m hamer t\u1ea1i \u0110\u00e0 N\u1eb5ng v\u00e0 c\u00e1c t\u1ec9nh mi\u1ec1n trung l\u00e2n c\u1eadn:<\/p>\n\n\n\n<ul class=\"wp-block-list\">\n<li>Th\u1eddi gian giao h\u00e0ng trung b\u00ecnh <strong>2-3 ng\u00e0y l\u00e0m vi\u1ec7c<\/strong><\/li>\n\n\n\n<li>Mi\u1ec5n ph\u00ed v\u1eadn chuy\u1ec3n v\u1edbi c\u00e1c \u0111\u01a1n h\u00e0ng thanh to\u00e1n tr\u01b0\u1edbc<\/li>\n<\/ul>\n\n\n\n<p>To\u00e0n b\u1ed9 \u0111\u01a1n h\u00e0ng \u0111\u1ec1u \u0111\u01b0\u1ee3c \u0111\u00f3ng g\u00f3i c\u1ea9n th\u1eadn,<strong> che t\u00ean s\u1ea3n ph\u1ea9m v\u00e0 ng\u01b0\u1eddi \u0111\u1eb7t<\/strong>. Ch\u00fang t\u00f4i cam k\u1ebft gi\u1eef nguy\u00ean ch\u1ea5t l\u01b0\u1ee3ng s\u1ea3n ph\u1ea9m, b\u1ea3o m\u1eadt th\u00f4ng tin c\u00e1 nh\u00e2n, v\u00e0 h\u1ed7 tr\u1ee3 ki\u1ec3m tra h\u00e0ng tr\u01b0\u1edbc khi thanh to\u00e1n n\u1ebfu kh\u00e1ch h\u00e0ng y\u00eau c\u1ea7u.<\/p>\n\n\n\n<p>\u0110\u1ed9i ng\u0169 ch\u0103m s\u00f3c kh\u00e1ch h\u00e0ng s\u1ebd li\u00ean h\u1ec7 qua Zalo ho\u1eb7c \u0111i\u1ec7n tho\u1ea1i \u0111\u1ec3 x\u00e1c nh\u1eadn \u0111\u01a1n ngay sau khi \u0111\u1eb7t h\u00e0ng.<\/p>\n<\/div>\n<\/div>\n\n\n\n<div aria-labelledby=\"gs-trigger-gsbp-7dab4c0-2\" id=\"gs-content-gsbp-7dab4c0-2\" class=\"gs_content active\" role=\"tabpanel\" aria-hidden=\"false\">\n<div class=\"gs_content_inner\">\n<p>\u0110\u1ed1i v\u1edbi kh\u00e1ch h\u00e0ng c\u00f3 nhu c\u1ea7u mua k\u1eb9o s\u00e2m hamer t\u1ea1i \u0110\u00e0 N\u1eb5ng v\u00e0 c\u00e1c t\u1ec9nh ph\u00eda B\u1eafc l\u00e2n c\u1eadn:<\/p>\n\n\n\n<ul class=\"wp-block-list\">\n<li>Th\u1eddi gian giao h\u00e0ng trung b\u00ecnh <strong>2-4 ng\u00e0y l\u00e0m vi\u1ec7c<\/strong><\/li>\n\n\n\n<li>Mi\u1ec5n ph\u00ed v\u1eadn chuy\u1ec3n v\u1edbi c\u00e1c \u0111\u01a1n h\u00e0ng thanh to\u00e1n tr\u01b0\u1edbc<\/li>\n<\/ul>\n\n\n\n<p>To\u00e0n b\u1ed9 \u0111\u01a1n h\u00e0ng \u0111\u1ec1u \u0111\u01b0\u1ee3c \u0111\u00f3ng g\u00f3i c\u1ea9n th\u1eadn,<strong> che t\u00ean s\u1ea3n ph\u1ea9m v\u00e0 ng\u01b0\u1eddi \u0111\u1eb7t<\/strong>. Ch\u00fang t\u00f4i cam k\u1ebft gi\u1eef nguy\u00ean ch\u1ea5t l\u01b0\u1ee3ng s\u1ea3n ph\u1ea9m, b\u1ea3o m\u1eadt th\u00f4ng tin c\u00e1 nh\u00e2n, v\u00e0 h\u1ed7 tr\u1ee3 ki\u1ec3m tra h\u00e0ng tr\u01b0\u1edbc khi thanh to\u00e1n n\u1ebfu kh\u00e1ch h\u00e0ng y\u00eau c\u1ea7u.<\/p>\n\n\n\n<p>\u0110\u1ed9i ng\u0169 ch\u0103m s\u00f3c kh\u00e1ch h\u00e0ng s\u1ebd li\u00ean h\u1ec7 qua Zalo ho\u1eb7c \u0111i\u1ec7n tho\u1ea1i \u0111\u1ec3 x\u00e1c nh\u1eadn \u0111\u01a1n ngay sau khi \u0111\u1eb7t h\u00e0ng.<\/p>\n<\/div>\n<\/div>\n<\/div>\n<\/div>\n\n\n\n<div class=\"wp-block-greenshift-blocks-infobox gspb_infoBox gspb_infoBox-id-gsbp-cd0f24b\" id=\"gspb_infoBox-id-gsbp-cd0f24b\"><div class=\"gs-box info_type icon_type\"><div class=\"gs-box-icon\"><svg x=\"0px\" y=\"0px\" viewbox=\"0 0 512 512\"> <g><g> <path d=\"M256,0C114.497,0,0,114.507,0,256c0,141.503,114.507,256,256,256c141.503,0,256-114.507,256-256 C512,114.497,397.492,0,256,0z M256,472c-119.393,0-216-96.615-216-216c0-119.393,96.615-216,216-216 c119.393,0,216,96.615,216,216C472,375.393,375.384,472,256,472z\"><\/path> <\/g> <\/g> <g> <g> <path d=\"M256,214.33c-11.046,0-20,8.954-20,20v128.793c0,11.046,8.954,20,20,20s20-8.955,20-20.001V234.33 C276,223.284,267.046,214.33,256,214.33z\"><\/path> <\/g> <\/g> <g> <g> <circle cx=\"256\" cy=\"162.84\" r=\"27\"><\/circle> <\/g> <\/g> <\/svg><\/div><div class=\"gs-box-text\">\n<p>Li\u00ean h\u1ec7 qua Zalo ho\u1eb7c Fanpage \u0111\u1ec3 \u0111\u01b0\u1ee3c mi\u1ec5n ph\u00ed v\u1eadn chuy\u1ec3n:<\/p>\n\n\n\n<ul class=\"wp-block-list\">\n<li>Zalo: <a href=\"https:\/\/zalo.me\/0559347717\" target=\"_blank\" rel=\"noopener\">0559 347 717<\/a><\/li>\n\n\n\n<li>WhatsApp: <a href=\"https:\/\/wa.me\/84559347717\/\" target=\"_blank\" rel=\"noopener\">0559 347 717<\/a><\/li>\n\n\n\n<li>Messenger: <mark style=\"background-color:rgba(0, 0, 0, 0)\" class=\"has-inline-color has-palette-color-4-color\">Hamer Saigon<\/mark><\/li>\n<\/ul>\n<\/div><\/div><\/div>\n\n\n\n<div id=\"chi-phi-van-chuyen\"><\/div><h2 id=\"gspb_heading-id-gsbp-7e68eea\" class=\"gspb_heading gspb_heading-id-gsbp-7e68eea\">Chi Ph\u00ed V\u1eadn Chuy\u1ec3n<\/h2>\n\n\n\n<p>Hamer Saigon c\u00f3 ch\u00ednh s\u00e1ch mi\u1ec5n ph\u00ed v\u1eadn chuy\u1ec3n cho to\u00e0n b\u1ed9 kh\u00e1ch h\u00e0ng tr\u00ean to\u00e0n qu\u1ed1c. \u0110\u1eb7c bi\u1ec7t kh\u00e1ch h\u00e0ng \u1edf Tp. H\u1ed3 Ch\u00ed Minh khi mua k\u1eb9o s\u00e2m hamer M\u1ef9 t\u1ea1i <a href=\"http:\/\/hamersaigon.com\/en\/\">Hamer Saigon<\/a> s\u1ebd \u0111\u01b0\u1ee3c v\u1eadn chuy\u1ec3n trong v\u00f2ng 30 ph\u00fat t\u1eeb khi \u0111\u1eb7t h\u00e0ng.<\/p>\n\n\n\n<p>Ngo\u00e0i ra, Hamer Saigon c\u00f2n c\u00f3 ch\u00ednh s\u00e1ch qu\u00e0 t\u1eb7ng \u0111\u00ednh k\u00e8m khi Like v\u00e0 Follow fanpage ch\u00ednh th\u1ee9c.<\/p>\n\n\n\n<p><strong><em>Note:<\/em><\/strong><\/p>\n\n\n\n<ul class=\"wp-block-list\">\n<li><em>Th\u1eddi gian giao h\u00e0ng t\u1eeb 24\/7 t\u1ea5t c\u1ea3 c\u00e1c ng\u00e0y trong tu\u1ea7n (Kh\u00f4ng \u00e1p d\u1ee5ng cho c\u00e1c ng\u00e0y L\u1ec5\/T\u1ebft ho\u1eb7c c\u00f3 ch\u00ednh s\u00e1ch ri\u00eang cho c\u00e1c ng\u00e0y tr\u00ean).<\/em><\/li>\n\n\n\n<li>\u0110\u1ed1i v\u1edbi c\u00e1c khu v\u1ef1c ngo\u00e0i TP. H\u1ed3 Ch\u00ed Minh, \u0111\u01a1n h\u00e0ng \u0111\u1eb7t sau 19h s\u1ebd \u0111\u01b0\u1ee3c x\u1eed l\u00fd v\u00e0o ng\u00e0y h\u00f4m sau.<\/li>\n\n\n\n<li>Ch\u00ednh s\u00e1ch mi\u1ec5n ph\u00ed v\u1eadn chuy\u1ec3n ch\u1ec9 \u00e1p d\u1ee5ng v\u1edbi c\u00e1c \u0111\u01a1n \u0111\u00e3 thanh to\u00e1n tr\u01b0\u1edbc<\/li>\n\n\n\n<li><em>C\u00e1c \u0111\u01a1n h\u00e0ng y\u00eau c\u1ea7u giao g\u1ea5p ho\u1eb7c giao ngo\u00e0i gi\u1edd h\u00e0nh ch\u00ednh t\u1ea1i khu v\u1ef1c TP.HCM v\u00e0 H\u00e0 N\u1ed9i c\u00f3 th\u1ec3 \u0111\u01b0\u1ee3c h\u1ed7 tr\u1ee3 t\u00f9y \u0111i\u1ec1u ki\u1ec7n th\u1ef1c t\u1ebf.<\/em><\/li>\n<\/ul>","protected":false},"excerpt":{"rendered":"<p>H\u00ecnh Th\u1ee9c \u0110\u00f3ng G\u00f3i T\u1ea5t c\u1ea3 \u0111\u01a1n h\u00e0ng \u0111\u1ec1u \u0111\u01b0\u1ee3c \u0111\u00f3ng g\u00f3i c\u1ea9n th\u1eadn v\u00e0 k\u00edn \u0111\u00e1o: Cam k\u1ebft b\u1ea3o m\u1eadt th\u00f4ng tin c\u00e1 nh\u00e2n v\u00e0 n\u1ed9i dung \u0111\u01a1n h\u00e0ng. Ph\u00f9 h\u1ee3p cho kh\u00e1ch h\u00e0ng c\u1ea7n giao t\u1eadn n\u01a1i m\u00e0 kh\u00f4ng mu\u1ed1n l\u1ed9 th\u00f4ng tin s\u1ea3n ph\u1ea9m. Th\u1eddi Gian V\u1eadn Chuy\u1ec3n Ch\u00fang t\u00f4i giao h\u00e0ng [&hellip;]<\/p>\n","protected":false},"author":1,"featured_media":1451,"parent":977,"menu_order":0,"comment_status":"closed","ping_status":"closed","template":"","meta":{"_gspb_post_css":".gs_tabs_550 .gs_tab{font-size:1rem;background-color:#0000000d;border:0;padding:1rem 1.5rem;font-weight:400;text-decoration:none;display:flex;justify-content:center;align-items:center;color:#000;cursor:pointer;column-gap:10px;transition:all .5s ease}.gs_tabs_550 .gs_tab.active{background-color:#000;color:#fff}.gs_tabs_550 .gs_tab svg{fill:currentColor;width:17px;height:17px}.gs_tabs_550 .gs_tab.active svg{fill:currentColor}.gs_tabs_550 .gs_content{overflow:hidden;opacity:0;max-height:0;transition:opacity .5s cubic-bezier(.42,0,.58,1),max-height .5s cubic-bezier(.42,0,.58,1)}.gs_tabs_550 .gs_content.active{opacity:1;max-height:5000px}.gs_tabs_550 .gs_content>.gs_content_inner{padding:25px;font-size:1rem;line-height:1.7rem}.gsbp-7dab4c0{position:relative;display:flex;flex-direction:column;align-items:stretch;justify-content:flex-start}.gsbp-bc3da21{display:flex;flex-direction:row;column-gap:15px;row-gap:15px;flex-wrap:wrap}.gs-box{padding:20px;border-left:5px solid transparent;margin-bottom:25px}.gs-box-text>p{margin-bottom:20px;margin-top:0}.gs-box-text>p:last-of-type{margin-bottom:0}.gs-box.info_type{color:#155724;background-color:#d4edda;border-color:#c3e6cb}.gs-box.info_type svg{fill:#30a030}.gs-box.icon_type{display:flex}.gs-box.icon_type .gs-box-icon{width:28px;min-width:28px}.gs-box.icon_type .gs-box-text{flex-grow:1;margin:0 15px}","footnotes":""},"class_list":["post-986","page","type-page","status-publish","has-post-thumbnail","hentry"],"blocksy_meta":{"page_structure_type":"type-3","styles_descriptor":{"styles":{"desktop":"","tablet":"","mobile":""},"google_fonts":[],"version":6}},"jetpack_sharing_enabled":true,"_links":{"self":[{"href":"https:\/\/hamersaigon.com\/en\/wp-json\/wp\/v2\/pages\/986","targetHints":{"allow":["GET"]}}],"collection":[{"href":"https:\/\/hamersaigon.com\/en\/wp-json\/wp\/v2\/pages"}],"about":[{"href":"https:\/\/hamersaigon.com\/en\/wp-json\/wp\/v2\/types\/page"}],"author":[{"embeddable":true,"href":"https:\/\/hamersaigon.com\/en\/wp-json\/wp\/v2\/users\/1"}],"replies":[{"embeddable":true,"href":"https:\/\/hamersaigon.com\/en\/wp-json\/wp\/v2\/comments?post=986"}],"version-history":[{"count":9,"href":"https:\/\/hamersaigon.com\/en\/wp-json\/wp\/v2\/pages\/986\/revisions"}],"predecessor-version":[{"id":2207,"href":"https:\/\/hamersaigon.com\/en\/wp-json\/wp\/v2\/pages\/986\/revisions\/2207"}],"up":[{"embeddable":true,"href":"https:\/\/hamersaigon.com\/en\/wp-json\/wp\/v2\/pages\/977"}],"wp:featuredmedia":[{"embeddable":true,"href":"https:\/\/hamersaigon.com\/en\/wp-json\/wp\/v2\/media\/1451"}],"wp:attachment":[{"href":"https:\/\/hamersaigon.com\/en\/wp-json\/wp\/v2\/media?parent=986"}],"curies":[{"name":"wp","href":"https:\/\/api.w.org\/{rel}","templated":true}]}}