{"id":1788,"date":"2025-11-15T06:39:29","date_gmt":"2025-11-15T06:39:29","guid":{"rendered":"https:\/\/hamersaigon.com\/?post_type=product&#038;p=1788"},"modified":"2026-03-03T04:13:47","modified_gmt":"2026-03-03T04:13:47","slug":"vien-keo-sam-xtreme-candy-chinh-hang","status":"publish","type":"product","link":"https:\/\/hamersaigon.com\/en\/product\/vien-keo-sam-xtreme-candy-chinh-hang\/","title":{"rendered":"Mua L\u1ebb 1 Vi\u00ean K\u1eb9o S\u00e2m Xtreme Candy &#8211; Ch\u00ednh H\u00e3ng"},"content":{"rendered":"<h2 id=\"keo-sam-hamer-la-gi\" class=\"wp-block-heading\">What is Xtreme Candy ginseng candy?<\/h2>\r\n\r\n\r\n\r\n<p>K\u1eb9o s\u00e2m xtreme l\u00e0 th\u1ef1c ph\u1ea9m ch\u1ee9c n\u0103ng d\u1ea1ng k\u1eb9o ng\u1eadm cao c\u1ea5p t\u0103ng c\u01b0\u1eddng s\u1ee9c kh\u1ecfe &#8220;chuy\u1ec7n y\u00eau&#8221; cho c\u1ea3 nam v\u00e0 n\u1eef, \u0111\u01b0\u1ee3c s\u1ea3n xu\u1ea5t t\u1ea1i Malaysia d\u1ef1a tr\u00ean c\u00f4ng ngh\u1ec7 t\u1eeb M\u1ef9.<\/p>\r\n\r\n\r\n\r\n<p>The highlight of Xtreme ginseng candy lies in its convenient blue packaging, making it easy to carry and use anywhere. The product helps improve issues such as premature ejaculation, weakness, and erectile dysfunction, and increases performance duration. In addition, Xtreme candy helps boost overall health, nourish the body, and reduce fatigue.<\/p>\r\n\r\n\r\n\r\n<h2 id=\"thanh-phan-chinh-cua-xtreme-candy\" class=\"wp-block-heading\">Th\u00e0nh ph\u1ea7n ch\u00ednh c\u1ee7a Xtreme Candy<\/h2>\r\n\r\n\r\n\r\n<p>K\u1eb9o s\u00e2m Xtreme Candy l\u00e0 th\u1ef1c ph\u1ea9m ch\u1ee9c n\u0103ng h\u1ed7 tr\u1ee3 sinh l\u00fd nam\/n\u1eef, th\u00e0nh ph\u1ea7n ch\u00ednh t\u1eeb thi\u00ean nhi\u00ean bao g\u1ed3m:\u00a0N\u1ea5m Cynomorium Songaricum (s\u00e2m sa m\u1ea1c), Nh\u00e2n s\u00e2m, Tinh ch\u1ea5t l\u1ef1u \u0111\u1ecf, C\u00e0 ph\u00ea, Protein th\u1ee7y ph\u00e2n, Men Enzyme v\u00e0 M\u1ea1ch nha. S\u1ea3n ph\u1ea9m gi\u00fap t\u0103ng c\u01b0\u1eddng s\u1ee9c b\u1ec1n, c\u1ea3i thi\u1ec7n sinh l\u00fd v\u00e0 s\u1ef1 t\u1ec9nh t\u00e1o.<\/p>\r\n\r\n\r\n\r\n<p>Th\u00e0nh ph\u1ea7n chi ti\u1ebft c\u1ee7a Xtreme Candy:<\/p>\r\n\r\n\r\n\r\n<ul class=\"wp-block-list\">\r\n<li><strong>N\u1ea5m Cynomorium Songaricum (S\u00e2m sa m\u1ea1c):<\/strong> Th\u1ea3o d\u01b0\u1ee3c qu\u00fd gi\u00fap b\u1ed5 th\u1eadn, tr\u00e1ng d\u01b0\u01a1ng, t\u0103ng c\u01b0\u1eddng s\u1ee9c kh\u1ecfe sinh l\u00fd v\u00e0 s\u1ef1 d\u1ebbo dai.<\/li>\r\n\r\n\r\n\r\n<li><strong>Nh\u00e2n s\u00e2m (Ginseng):<\/strong> Gi\u00fap gi\u1ea3m m\u1ec7t m\u1ecfi, stress, t\u0103ng c\u01b0\u1eddng n\u0103ng l\u01b0\u1ee3ng v\u00e0 c\u1ea3i thi\u1ec7n sinh l\u1ef1c.<\/li>\r\n\r\n\r\n\r\n<li><strong>Tinh ch\u1ea5t l\u1ef1u \u0111\u1ecf (Pomegranate):<\/strong> Ch\u1ed1ng oxy h\u00f3a cao, ng\u0103n ng\u1eeba ung th\u01b0 tuy\u1ebfn ti\u1ec1n li\u1ec7t v\u00e0 t\u0103ng c\u01b0\u1eddng ham mu\u1ed1n.<\/li>\r\n\r\n\r\n\r\n<li><strong>C\u00e0 ph\u00ea (Caffeine):<\/strong> K\u00edch th\u00edch n\u00e3o b\u1ed9, gi\u00fap t\u1ec9nh t\u00e1o v\u00e0 t\u1eadp trung.<\/li>\r\n\r\n\r\n\r\n<li><strong>Protein th\u1ee7y ph\u00e2n:<\/strong> H\u1ed7 tr\u1ee3 ph\u1ee5c h\u1ed3i v\u00e0 x\u00e2y d\u1ef1ng c\u01a1 b\u1eafp, t\u0103ng s\u1ee9c b\u1ec1n.<\/li>\r\n\r\n\r\n\r\n<li><strong>Enzyme:<\/strong> Participate in many biological reactions, helping the body absorb and metabolize nutrients more effectively.<\/li>\r\n\r\n\r\n\r\n<li><strong>M\u1ea1ch nha &amp; \u0110\u01b0\u1eddng n\u00e2u:<\/strong> Cung c\u1ea5p n\u0103ng l\u01b0\u1ee3ng nhanh ch\u00f3ng.<\/li>\r\n<\/ul>\r\n\r\n\r\n\r\n<p><em>Th\u00e0nh ph\u1ea7n c\u1ee7a k\u1eb9o s\u00e2m Xtreme \u0111\u01b0\u1ee3c tr\u00edch t\u1eeb bao b\u00ec s\u1ea3n ph\u1ea9m v\u00e0 th\u00f4ng tin c\u00f4ng b\u1ed1 b\u1edfi nh\u00e0 s\u1ea3n xu\u1ea5t Xtreme2u (Malaysia)<\/em><\/p>\r\n\r\n\r\n\r\n<h2 id=\"cac-loai-keo-sam-hamer\" class=\"wp-block-heading\">The main uses of Xtreme candy<\/h2>\r\n\r\n\r\n\r\n<p>Xtreme candy l\u00e0 k\u1eb9o s\u00e2m d\u1ea1ng vi\u00ean ng\u1eadm s\u1ea3n xu\u1ea5t t\u1ea1i Malaysia, thu\u1ed9c nh\u00f3m th\u1ef1c ph\u1ea9m b\u1ed5 sung d\u00e0nh cho nam gi\u1edbi tr\u01b0\u1edfng th\u00e0nh. S\u1ea3n ph\u1ea9m \u0111\u01b0\u1ee3c s\u1eed d\u1ee5ng nh\u1eb1m h\u1ed7 tr\u1ee3 b\u1ed5 sung n\u0103ng l\u01b0\u1ee3ng v\u00e0 duy tr\u00ec th\u1ec3 tr\u1ea1ng trong sinh ho\u1ea1t &#8220;gi\u01b0\u1eddng chi\u1ebfu&#8221; h\u1eb1ng ng\u00e0y.<\/p>\r\n\r\n\r\n\r\n<ul class=\"wp-block-list\">\r\n<li><strong>Health benefits:<\/strong>\u00a0Helps improve physical fitness and endurance, supports muscle development in men, reduces stress and fatigue, and boosts immunity.<\/li>\r\n\r\n\r\n\r\n<li><strong>Boosting self-confidence:<\/strong> Boosting self-confidence: Helps increase libido, improve premature ejaculation, and prolong intercourse for both men and women.<\/li>\r\n\r\n\r\n\r\n<li><strong>Increased alertness and focus:<\/strong>Natural caffeine from coffee helps improve alertness and mental performance<\/li>\r\n\r\n\r\n\r\n<li><strong>Maintaining stamina and fitness :<\/strong>The combination of herbal ingredients helps improve endurance and maintain stable energy levels throughout the day.<\/li>\r\n<\/ul>\r\n\r\n\r\n\r\n<p><em>L\u01b0u \u00fd: Xtreme Candy l\u00e0 th\u1ef1c ph\u1ea9m b\u1ed5 sung, kh\u00f4ng ph\u1ea3i thu\u1ed1c v\u00e0 kh\u00f4ng c\u00f3 t\u00e1c d\u1ee5ng thay th\u1ebf thu\u1ed1c ch\u1eefa b\u1ec7nh. Hi\u1ec7u qu\u1ea3 s\u1eed d\u1ee5ng c\u00f3 th\u1ec3 kh\u00e1c nhau t\u00f9y theo th\u1ec3 tr\u1ea1ng v\u00e0 nhu c\u1ea7u c\u1ee7a t\u1eebng ng\u01b0\u1eddi.<\/em><\/p>\r\n\r\n\r\n\r\n<h2 id=\"huong-dan-su-dung-keo-sam-xtreme\" class=\"wp-block-heading\">H\u01b0\u1edbng d\u1eabn s\u1eed d\u1ee5ng k\u1eb9o s\u00e2m Xtreme<\/h2>\r\n\r\n\r\n\r\n<p><strong>C\u00e1ch d\u00f9ng Xtreme<\/strong><\/p>\r\n\r\n\r\n\r\n<p>K\u1eb9o s\u00e2m Xtreme gi\u00fap t\u0103ng c\u01b0\u1eddng sinh l\u00fd v\u00e0 n\u0103ng l\u01b0\u1ee3ng, ng\u01b0\u1eddi m\u1edbi n\u00ean b\u1eaft \u0111\u1ea7u v\u1edbi 1\/2 &#8211; 1 vi\u00ean\/l\u1ea7n, t\u1ed1i \u0111a 2-3 vi\u00ean\/tu\u1ea7n, ng\u1eadm tan t\u1eeb t\u1eeb tr\u01b0\u1edbc khi quan h\u1ec7 1-2 ti\u1ebfng ho\u1eb7c bu\u1ed5i chi\u1ec1u. C\u1ea7n u\u1ed1ng nhi\u1ec1u n\u01b0\u1edbc (tr\u00e1nh n\u00f3ng ng\u01b0\u1eddi), kh\u00f4ng d\u00f9ng cho ng\u01b0\u1eddi huy\u1ebft \u00e1p cao\/tim m\u1ea1ch, ph\u1ee5 n\u1eef mang thai ho\u1eb7c tr\u1ebb em.<\/p>\r\n\r\n\r\n\r\n<p>S\u1ea3n ph\u1ea9m th\u01b0\u1eddng \u0111\u01b0\u1ee3c s\u1eed d\u1ee5ng:<\/p>\r\n\r\n\r\n\r\n<ul class=\"wp-block-list\">\r\n<li>Tr\u01b0\u1edbc khi quan h\u1ec7 kho\u1ea3ng 60 ph\u00fat (\u0111\u1ea1t hi\u1ec7u qu\u1ea3 cao nh\u1ea5t sau 3-4 gi\u1edd)<\/li>\r\n\r\n\r\n\r\n<li>D\u00f9ng khi c\u01a1 th\u1ec3 m\u1ec7t m\u1ecfi ho\u1eb7c c\u1ea7n b\u1ed5 sung n\u0103ng l\u01b0\u1ee3ng nhanh<\/li>\r\n\r\n\r\n\r\n<li>Ph\u00f9 h\u1ee3p mang theo v\u00e0 s\u1eed d\u1ee5ng linh ho\u1ea1t theo nhu c\u1ea7u c\u00e1 nh\u00e2n<\/li>\r\n<\/ul>\r\n\r\n\r\n\r\n<p>M\u1ed9t vi\u00ean th\u01b0\u1eddng \u0111\u01b0\u1ee3c d\u00f9ng cho m\u1ed7i l\u1ea7n s\u1eed d\u1ee5ng, c\u1ea3m nh\u1eadn c\u00f3 th\u1ec3 duy tr\u00ec trong kho\u1ea3ng v\u00e0i ng\u00e0y t\u00f9y theo th\u1ec3 tr\u1ea1ng v\u00e0 ch\u1ebf \u0111\u1ed9 sinh ho\u1ea1t c\u1ee7a t\u1eebng ng\u01b0\u1eddi.<\/p>\r\n\r\n\r\n\r\n<p id=\"lieu-luong-tham-khao\"><strong>Li\u1ec1u l\u01b0\u1ee3ng tham kh\u1ea3o<\/strong><\/p>\r\n\r\n\r\n\r\n<ul class=\"wp-block-list\">\r\n<li>M\u1ed7i l\u1ea7n d\u00f9ng: \u0110\u1ec3 c\u01a1 th\u1ec3 th\u00edch \u1ee9ng, ng\u01b0\u1eddi m\u1edbi ch\u1ec9 n\u00ean s\u1eed d\u1ee5ng\u00a01\/2 vi\u00ean \u0111\u1ebfn t\u1ed1i \u0111a 1 vi\u00ean\/l\u1ea7n. Th\u1eddi gian t\u00e1c \u0111\u1ed9ng c\u00f3 th\u1ec3 duy tr\u00ec 3\u20134 ng\u00e0y t\u00f9y c\u01a1 \u0111\u1ecba<\/li>\r\n\r\n\r\n\r\n<li>T\u1ea7n su\u1ea5t: Ch\u1ec9 s\u1eed d\u1ee5ng t\u1ed1i \u0111a 2-3 vi\u00ean\/tu\u1ea7n, n\u00ean c\u00e1ch nhau 2-3 ng\u00e0y m\u1edbi d\u00f9ng vi\u00ean ti\u1ebfp theo.<\/li>\r\n\r\n\r\n\r\n<li>Th\u1eddi \u0111i\u1ec3m t\u1ed1t nh\u1ea5t: Ng\u1eadm tr\u01b0\u1edbc khi sinh ho\u1ea1t t\u00ecnh d\u1ee5c t\u1eeb 1 \u0111\u1ebfn 2 ti\u1ebfng \u0111\u1ec3 \u0111\u1ea1t hi\u1ec7u qu\u1ea3 cao nh\u1ea5t. N\u1ebfu d\u00f9ng \u0111\u1ec3 t\u0103ng c\u01b0\u1eddng s\u1ee9c kh\u1ecfe, n\u00ean d\u00f9ng v\u00e0o bu\u1ed5i chi\u1ec1u m\u00e1t.<\/li>\r\n\r\n\r\n\r\n<li><strong>C\u00e1ch d\u00f9ng:<\/strong>\u00a0Ng\u1eadm k\u1eb9o tan t\u1eeb t\u1eeb trong mi\u1ec7ng,\u00a0kh\u00f4ng nu\u1ed1t ch\u1eedng.<\/li>\r\n<\/ul>\r\n\r\n\r\n\r\n<p id=\"doi-tuong-su-dung\"><strong>\u0110\u1ed1i t\u01b0\u1ee3ng s\u1eed d\u1ee5ng<\/strong><\/p>\r\n\r\n\r\n\r\n<ul class=\"wp-block-list\">\r\n<li>Nam gi\u1edbi tr\u01b0\u1edfng th\u00e0nh c\u00f3 nhu c\u1ea7u b\u1ed5 sung n\u0103ng l\u01b0\u1ee3ng v\u00e0 h\u1ed7 tr\u1ee3 sinh l\u1ef1c<\/li>\r\n\r\n\r\n\r\n<li>Ng\u01b0\u1eddi th\u01b0\u1eddng xuy\u00ean l\u00e0m vi\u1ec7c c\u01b0\u1eddng \u0111\u1ed9 cao, d\u1ec5 m\u1ec7t m\u1ecfi<\/li>\r\n\r\n\r\n\r\n<li>Ng\u01b0\u1eddi c\u1ea7n duy tr\u00ec th\u1ec3 tr\u1ea1ng v\u00e0 s\u1ee9c b\u1ec1n trong sinh ho\u1ea1t h\u1eb1ng ng\u00e0y<\/li>\r\n\r\n\r\n\r\n<li>Ng\u01b0\u1eddi mu\u1ed1n s\u1eed d\u1ee5ng s\u1ea3n ph\u1ea9m d\u1ea1ng vi\u00ean ng\u1eadm ti\u1ec7n l\u1ee3i, d\u1ec5 mang theo v\u00e0 s\u1eed d\u1ee5ng khi c\u1ea7n<\/li>\r\n<\/ul>\r\n\r\n\r\n\r\n<p><strong>Important note:<\/strong>\u00a0U\u1ed1ng nhi\u1ec1u n\u01b0\u1edbc (kho\u1ea3ng 300-500ml) khi ng\u1eadm k\u1eb9o v\u00ec h\u00e0m l\u01b0\u1ee3ng s\u00e2m cao c\u00f3 th\u1ec3 g\u00e2y n\u00f3ng c\u01a1 th\u1ec3. B\u00ean c\u1ea1nh \u0111\u00f3, n\u1ebfu c\u1ea3m th\u1ea5y ch\u00f3ng m\u1eb7t, nh\u1ee9c \u0111\u1ea7u ho\u1eb7c n\u00f3ng m\u1eb7t, h\u00e3y u\u1ed1ng nhi\u1ec1u n\u01b0\u1edbc v\u00e0 ngh\u1ec9 ng\u01a1i, c\u00e1c tri\u1ec7u ch\u1ee9ng n\u00e0y s\u1ebd gi\u1ea3m d\u1ea7n.<\/p>\r\n\r\n\r\n\r\n<h2 id=\"luu-y-khi-su-dung\" class=\"wp-block-heading\">L\u01b0u \u00fd khi s\u1eed d\u1ee5ng<\/h2>\r\n\r\n\r\n\r\n<p>K\u1eb9o s\u00e2m Xtreme l\u00e0 s\u1ea3n ph\u1ea9m b\u1ed5 sung d\u1ea1ng k\u1eb9o ng\u1eadm, s\u1eed d\u1ee5ng theo nhu c\u1ea7u h\u1ed7 tr\u1ee3 n\u0103ng l\u01b0\u1ee3ng v\u00e0 th\u1ec3 tr\u1ea1ng trong sinh ho\u1ea1t t\u00ecnh d\u1ee5c h\u1eb1ng ng\u00e0y.<\/p>\r\n\r\n\r\n\r\n<ul class=\"wp-block-list\">\r\n<li>S\u1ea3n ph\u1ea9m kh\u00f4ng ph\u1ea3i thu\u1ed1c v\u00e0 kh\u00f4ng c\u00f3 t\u00e1c d\u1ee5ng thay th\u1ebf thu\u1ed1c ch\u1eefa b\u1ec7nh<\/li>\r\n\r\n\r\n\r\n<li>Kh\u00f4ng s\u1eed d\u1ee5ng qu\u00e1 li\u1ec1u khuy\u1ebfn ngh\u1ecb (\u22642 vi\u00ean\/tu\u1ea7n)<\/li>\r\n\r\n\r\n\r\n<li>Kh\u00f4ng ph\u00f9 h\u1ee3p cho ng\u01b0\u1eddi m\u1eabn c\u1ea3m v\u1edbi b\u1ea5t k\u1ef3 th\u00e0nh ph\u1ea7n n\u00e0o c\u1ee7a s\u1ea3n ph\u1ea9m<\/li>\r\n\r\n\r\n\r\n<li>Ng\u01b0\u1eddi \u0111ang trong ch\u1ebf \u0111\u1ed9 \u0103n ki\u00eang, ki\u1ec3m so\u00e1t \u0111\u01b0\u1eddng ho\u1eb7c c\u00f3 b\u1ec7nh l\u00fd n\u1ec1n n\u00ean c\u00e2n nh\u1eafc tr\u01b0\u1edbc khi s\u1eed d\u1ee5ng<\/li>\r\n\r\n\r\n\r\n<li>Kh\u00f4ng khuy\u1ebfn kh\u00edch s\u1eed d\u1ee5ng cho tr\u1ebb em<\/li>\r\n<\/ul>\r\n\r\n\r\n\r\n<h2 id=\"bao-quan-san-pham\" class=\"wp-block-heading\">B\u1ea3o qu\u1ea3n s\u1ea3n ph\u1ea9m<\/h2>\r\n\r\n\r\n\r\n<ul class=\"wp-block-list\">\r\n<li>B\u1ea3o qu\u1ea3n n\u01a1i kh\u00f4 r\u00e1o, tho\u00e1ng m\u00e1t, tr\u00e1nh \u00e1nh n\u1eafng tr\u1ef1c ti\u1ebfp, kh\u00f4ng \u0111\u1ec3 n\u01a1i \u1ea9m \u01b0\u1edbt v\u00ec k\u1eb9o d\u1ec5 ch\u1ea3y n\u01b0\u1edbc.\u00a0<\/li>\r\n\r\n\r\n\r\n<li>C\u00f3 th\u1ec3 b\u1ea3o qu\u1ea3n trong t\u1ee7 l\u1ea1nh sau khi s\u1eed d\u1ee5ng m\u1ed9t ph\u1ea7n.<\/li>\r\n\r\n\r\n\r\n<li>\u0110\u1ec3 xa t\u1ea7m tay tr\u1ebb em<\/li>\r\n\r\n\r\n\r\n<li>H\u1ea1n s\u1eed d\u1ee5ng: 24 th\u00e1ng k\u1ec3 t\u1eeb ng\u00e0y s\u1ea3n xu\u1ea5t (xem tr\u00ean bao b\u00ec s\u1ea3n ph\u1ea9m)<\/li>\r\n<\/ul>\r\n\r\n\r\n\r\n<h2 id=\"phan-biet-that-gia-keo-sam-hamer-m\u1ef9-chinh-hang\" class=\"wp-block-heading\">Distinguishing between genuine and fake Xtreme ginseng candy<\/h2>\r\n\r\n\r\n\r\n<p>Currently, many products bearing the name Xtreme Candy are available on the market, but not all are genuine Xtreme Candy ginseng candies. Customers should be aware of this to avoid confusion.<\/p>\r\n\r\n\r\n\r\n<p>To identify genuine Xtreme candy, check the authenticity seal which has letters and numbers and leaves a mark when peeled off, the barcode must provide complete product information, the box has embossed lettering, and the candy inside is neatly molded, has a distinctive dark brown color, and a rich, aromatic ginseng and coffee flavor.<\/p>\r\n\r\n\r\n\r\n<p>Chi ti\u1ebft v\u1ec1 \u0111\u1eb7c \u0111i\u1ec3m nh\u1eadn bi\u1ebft k\u1eb9o ng\u1eadm Xtreme Candy (ch\u00ednh h\u00e3ng) &#8211; C\u1eadp nh\u1eadt 2026:<\/p>\r\n\r\n\r\n\r\n<ul class=\"wp-block-list\">\r\n<li><strong>Box color:<\/strong>Dark blue, elegant.<\/li>\r\n\r\n\r\n\r\n<li><strong>Packaging specifications<\/strong>: Inside each large box of Xtreme Candy are 6 smaller boxes, each containing 5 candies.<\/li>\r\n\r\n\r\n\r\n<li><strong>Authenticity label:<\/strong> The box has a rectangular sticker with a 7-color serrated edge, slightly glossy, and a product code (letters + numbers) underneath. This sticker will leave a mark when peeled off.<\/li>\r\n\r\n\r\n\r\n<li><strong>Text on the box:<\/strong> The product name \"Xtreme Candy\" is embossed on the new box design.<\/li>\r\n\r\n\r\n\r\n<li><strong>Barcode:<\/strong> Use a barcode scanning app to check if the manufacturer information, batch number, production date, and expiration date are complete and accurate.<\/li>\r\n\r\n\r\n\r\n<li><strong>Candy shape:<\/strong> The candy is neatly molded, with a convex shape on both sides.<\/li>\r\n\r\n\r\n\r\n<li><strong>Color and flavor:<\/strong> The candy is dark brown, with a rich aroma of ginseng and coffee, and a sweet taste.<\/li>\r\n<\/ul>\r\n\r\n\r\n\r\n<h2 id=\"cau-hoi-thuong-gap\" class=\"wp-block-heading\">Frequently asked questions<\/h2>\r\n\r\n\r\n\r\n<div data-wp-context=\"{ &quot;autoclose&quot;: true, &quot;accordionItems&quot;: [] }\" data-wp-interactive=\"core\/accordion\" class=\"wp-block-accordion is-layout-flow wp-block-accordion-is-layout-flow\" role=\"group\">\r\n<div data-wp-class--is-open=\"state.isOpen\" data-wp-context=\"{ &quot;id&quot;: &quot;accordion-item-1&quot;, &quot;openByDefault&quot;: false }\" data-wp-init=\"callbacks.initAccordionItems\" data-wp-on-window--hashchange=\"callbacks.hashChange\" class=\"wp-block-accordion-item is-layout-flow wp-block-accordion-item-is-layout-flow\">\r\n<h3 class=\"wp-block-accordion-heading has-medium-font-size\"><button aria-expanded=\"false\" aria-controls=\"accordion-item-1-panel\" data-wp-bind--aria-expanded=\"state.isOpen\" data-wp-on--click=\"actions.toggle\" data-wp-on--keydown=\"actions.handleKeyDown\" id=\"accordion-item-1\" class=\"wp-block-accordion-heading__toggle\" type=\"button\"><span class=\"wp-block-accordion-heading__toggle-title\">N\u00ean s\u1eed d\u1ee5ng k\u1eb9o s\u00e2m Xtreme tr\u01b0\u1edbc bao l\u00e2u?<\/span><span class=\"wp-block-accordion-heading__toggle-icon\" aria-hidden=\"true\">+<\/span><\/button><\/h3>\r\n\r\n\r\n\r\n<div inert aria-labelledby=\"accordion-item-1\" data-wp-bind--inert=\"!state.isOpen\" id=\"accordion-item-1-panel\" class=\"wp-block-accordion-panel is-layout-flow wp-block-accordion-panel-is-layout-flow\" role=\"region\">\r\n<p>K\u1eb9o s\u00e2m Xtreme ng\u1eadm tr\u01b0\u1edbc khi sinh ho\u1ea1t t\u00ecnh d\u1ee5c t\u1eeb 1 \u0111\u1ebfn 2 ti\u1ebfng s\u1ebd b\u1eaft \u0111\u1ea7u c\u00f3 hi\u1ec7u qu\u1ea3, tuy nhi\u00ean c\u00f4ng d\u1ee5ng t\u1ed1t nh\u1ea5t sau 3-4 ti\u1ebfng.<\/p>\r\n<\/div>\r\n<\/div>\r\n\r\n\r\n\r\n<div data-wp-class--is-open=\"state.isOpen\" data-wp-context=\"{ &quot;id&quot;: &quot;accordion-item-2&quot;, &quot;openByDefault&quot;: false }\" data-wp-init=\"callbacks.initAccordionItems\" data-wp-on-window--hashchange=\"callbacks.hashChange\" class=\"wp-block-accordion-item is-layout-flow wp-block-accordion-item-is-layout-flow\">\r\n<h3 class=\"wp-block-accordion-heading has-medium-font-size\"><button aria-expanded=\"false\" aria-controls=\"accordion-item-2-panel\" data-wp-bind--aria-expanded=\"state.isOpen\" data-wp-on--click=\"actions.toggle\" data-wp-on--keydown=\"actions.handleKeyDown\" id=\"accordion-item-2\" class=\"wp-block-accordion-heading__toggle\" type=\"button\"><span class=\"wp-block-accordion-heading__toggle-title\">Who should not use Xtreme ginseng candy?<\/span><span class=\"wp-block-accordion-heading__toggle-icon\" aria-hidden=\"true\">+<\/span><\/button><\/h3>\r\n\r\n\r\n\r\n<div inert aria-labelledby=\"accordion-item-2\" data-wp-bind--inert=\"!state.isOpen\" id=\"accordion-item-2-panel\" class=\"wp-block-accordion-panel is-layout-flow wp-block-accordion-panel-is-layout-flow\" role=\"region\">\r\n<p>Xtreme ginseng candy should not be used by people over 50 years old, those with a history of high blood pressure or cardiovascular disease. Using it may cause serious side effects. In particular, people with existing medical conditions or a history of allergies should avoid this product.<\/p>\r\n<\/div>\r\n<\/div>\r\n\r\n\r\n\r\n<div data-wp-class--is-open=\"state.isOpen\" data-wp-context=\"{ &quot;id&quot;: &quot;accordion-item-3&quot;, &quot;openByDefault&quot;: false }\" data-wp-init=\"callbacks.initAccordionItems\" data-wp-on-window--hashchange=\"callbacks.hashChange\" class=\"wp-block-accordion-item is-layout-flow wp-block-accordion-item-is-layout-flow\">\r\n<h3 class=\"wp-block-accordion-heading has-medium-font-size\"><button aria-expanded=\"false\" aria-controls=\"accordion-item-3-panel\" data-wp-bind--aria-expanded=\"state.isOpen\" data-wp-on--click=\"actions.toggle\" data-wp-on--keydown=\"actions.handleKeyDown\" id=\"accordion-item-3\" class=\"wp-block-accordion-heading__toggle\" type=\"button\"><span class=\"wp-block-accordion-heading__toggle-title\">Hamer Saigon c\u00f3 b\u00e1n k\u1eb9o Xtreme ch\u00ednh h\u00e3ng kh\u00f4ng?<\/span><span class=\"wp-block-accordion-heading__toggle-icon\" aria-hidden=\"true\">+<\/span><\/button><\/h3>\r\n\r\n\r\n\r\n<div inert aria-labelledby=\"accordion-item-3\" data-wp-bind--inert=\"!state.isOpen\" id=\"accordion-item-3-panel\" class=\"wp-block-accordion-panel is-layout-flow wp-block-accordion-panel-is-layout-flow\" role=\"region\">\r\n<p>C\u00f3. Hamer Saigon l\u00e0 th\u01b0\u01a1ng hi\u1ec7u ph\u00e2n ph\u1ed1i k\u1eb9o ng\u1eadm Xtreme ch\u00ednh h\u00e3ng t\u1ea1i Th\u00e0nh ph\u1ed1 H\u1ed3 Ch\u00ed Minh. K\u1eb9o s\u00e2m h\u1ed7 tr\u1ee3 t\u0103ng c\u01b0\u1eddng sinh l\u00fd, c\u1ea3i thi\u1ec7n phong \u0111\u1ed9 ph\u00e1i m\u1ea1nh.<\/p>\r\n<\/div>\r\n<\/div>\r\n\r\n\r\n\r\n<div data-wp-class--is-open=\"state.isOpen\" data-wp-context=\"{ &quot;id&quot;: &quot;accordion-item-4&quot;, &quot;openByDefault&quot;: false }\" data-wp-init=\"callbacks.initAccordionItems\" data-wp-on-window--hashchange=\"callbacks.hashChange\" class=\"wp-block-accordion-item is-layout-flow wp-block-accordion-item-is-layout-flow\">\r\n<h3 class=\"wp-block-accordion-heading has-medium-font-size\"><button aria-expanded=\"false\" aria-controls=\"accordion-item-4-panel\" data-wp-bind--aria-expanded=\"state.isOpen\" data-wp-on--click=\"actions.toggle\" data-wp-on--keydown=\"actions.handleKeyDown\" id=\"accordion-item-4\" class=\"wp-block-accordion-heading__toggle\" type=\"button\"><span class=\"wp-block-accordion-heading__toggle-title\">Xtreme Candy c\u00f3 t\u00e1c d\u1ee5ng ph\u1ee5 kh\u00f4ng?<\/span><span class=\"wp-block-accordion-heading__toggle-icon\" aria-hidden=\"true\">+<\/span><\/button><\/h3>\r\n\r\n\r\n\r\n<div inert aria-labelledby=\"accordion-item-4\" data-wp-bind--inert=\"!state.isOpen\" id=\"accordion-item-4-panel\" class=\"wp-block-accordion-panel is-layout-flow wp-block-accordion-panel-is-layout-flow\" role=\"region\">\r\n<p>N\u1ebfu c\u1ea3m th\u1ea5y ch\u00f3ng m\u1eb7t, nh\u1ee9c \u0111\u1ea7u ho\u1eb7c n\u00f3ng m\u1eb7t, h\u00e3y u\u1ed1ng nhi\u1ec1u n\u01b0\u1edbc v\u00e0 ngh\u1ec9 ng\u01a1i, c\u00e1c tri\u1ec7u ch\u1ee9ng n\u00e0y s\u1ebd gi\u1ea3m d\u1ea7n.<\/p>\r\n<\/div>\r\n<\/div>\r\n<\/div>\r\n\r\n\r\n\r\n<p>&nbsp;<\/p>","protected":false},"excerpt":{"rendered":"<p>K\u1eb9o s\u00e2m Xtreme Candy \u2013 k\u1eb9o ng\u1eadm b\u1ed5 sung n\u0103ng l\u01b0\u1ee3ng, gi\u00fap duy tr\u00ec phong \u0111\u1ed9 v\u00e0 t\u0103ng c\u01b0\u1eddng s\u1ee9c kh\u1ecfe nam gi\u1edbi \u0111\u01b0\u1ee3c nh\u1eadp kh\u1ea9u ch\u00ednh h\u00e3ng t\u1eeb M\u1ef9.<\/p>\n<div id=\"gspb_container-id-gsbp-ab04ef3\" class=\"wp-block-greenshift-blocks-container gspb_container gspb_container-gsbp-ab04ef3\"><!-- wp:list --><\/p>\n<ul class=\"wp-block-list\"><!-- wp:list-item --><\/p>\n<li>01 Xtreme candy: <mark class=\"has-inline-color has-palette-color-1-color\" style=\"background-color: rgba(0, 0, 0, 0);\">80.000 vn\u0111<\/mark><\/li>\n<p><!-- \/wp:list-item --><\/p>\n<p><!-- wp:list-item --><\/p>\n<li>Combo of 5 Xtreme candies: <mark class=\"has-inline-color has-palette-color-1-color\" style=\"background-color: rgba(0, 0, 0, 0);\">400.000 vn\u0111<\/mark> (plus 2)<\/li>\n<p><!-- \/wp:list-item --><\/p>\n<p><!-- wp:list-item --><\/p>\n<li>Combo of 10 Xtreme candies <mark class=\"has-inline-color has-palette-color-1-color\" style=\"background-color: rgba(0, 0, 0, 0);\">700.000 vn\u0111<\/mark> (plus 4)<\/li>\n<p><!-- \/wp:list-item --><\/p>\n<p><!-- wp:list-item --><\/p>\n<li>Combo of 15 Xtreme candies: <mark class=\"has-inline-color has-palette-color-1-color\" style=\"background-color: rgba(0, 0, 0, 0);\">900.000 vn\u0111<\/mark> (t\u1eb7ng 6 vi\u00ean)<\/li>\n<p><!-- \/wp:list-item --><\/p>\n<p><!-- wp:list-item --><\/p>\n<li>Full box of Xtreme 30 candies: <mark class=\"has-inline-color has-palette-color-1-color\" style=\"background-color: rgba(0, 0, 0, 0);\">1.200.000 vn\u0111<\/mark> (New)<\/li>\n<p><!-- \/wp:list-item --><\/ul>\n<p><!-- \/wp:list --><\/p>\n<p><!-- wp:paragraph --><!-- \/wp:paragraph --><\/p>\n<p><!-- wp:paragraph --><!-- \/wp:paragraph --><\/div>","protected":false},"featured_media":1806,"comment_status":"open","ping_status":"closed","template":"","meta":{"_gspb_post_css":""},"product_brand":[291],"product_cat":[288],"product_tag":[],"class_list":{"0":"post-1788","1":"product","2":"type-product","3":"status-publish","4":"has-post-thumbnail","6":"product_brand-xtreme-candy","7":"product_cat-keo-sam-xtreme-candy","9":"first","10":"instock","11":"shipping-taxable","12":"purchasable","13":"product-type-simple"},"ct_brands":[{"id":291,"name":"Xtreme Candy","slug":"xtreme-candy"}],"jetpack_sharing_enabled":true,"_links":{"self":[{"href":"https:\/\/hamersaigon.com\/en\/wp-json\/wp\/v2\/product\/1788","targetHints":{"allow":["GET"]}}],"collection":[{"href":"https:\/\/hamersaigon.com\/en\/wp-json\/wp\/v2\/product"}],"about":[{"href":"https:\/\/hamersaigon.com\/en\/wp-json\/wp\/v2\/types\/product"}],"replies":[{"embeddable":true,"href":"https:\/\/hamersaigon.com\/en\/wp-json\/wp\/v2\/comments?post=1788"}],"wp:featuredmedia":[{"embeddable":true,"href":"https:\/\/hamersaigon.com\/en\/wp-json\/wp\/v2\/media\/1806"}],"wp:attachment":[{"href":"https:\/\/hamersaigon.com\/en\/wp-json\/wp\/v2\/media?parent=1788"}],"wp:term":[{"taxonomy":"product_brand","embeddable":true,"href":"https:\/\/hamersaigon.com\/en\/wp-json\/wp\/v2\/product_brand?post=1788"},{"taxonomy":"product_cat","embeddable":true,"href":"https:\/\/hamersaigon.com\/en\/wp-json\/wp\/v2\/product_cat?post=1788"},{"taxonomy":"product_tag","embeddable":true,"href":"https:\/\/hamersaigon.com\/en\/wp-json\/wp\/v2\/product_tag?post=1788"}],"curies":[{"name":"wp","href":"https:\/\/api.w.org\/{rel}","templated":true}]}}