{"id":2225,"date":"2026-02-04T07:12:09","date_gmt":"2026-02-04T07:12:09","guid":{"rendered":"https:\/\/hamersaigon.com\/?post_type=product&#038;p=2225"},"modified":"2026-03-29T05:19:24","modified_gmt":"2026-03-29T05:19:24","slug":"chai-xit-hamer-usa-delay-spray-12-5ml","status":"publish","type":"product","link":"https:\/\/hamersaigon.com\/en\/product\/chai-xit-hamer-usa-delay-spray-12-5ml\/","title":{"rendered":"&#8220;X\u1ecbt L\u00e2u Ra&#8221; Hamer USA Delay Spray 12,5ml \u2013 Ch\u00ednh H\u00e3ng"},"content":{"rendered":"<h2 id=\"xit-hamer-usa-delay-spray-la-gi\" class=\"wp-block-heading\">X\u1ecbt Hamer USA Delay Spray L\u00e0 G\u00ec ?<\/h2>\r\n\r\n\r\n\r\n<p>X\u1ecbt Hamer USA l\u00e0 s\u1ea3n ph\u1ea9m chuy\u00ean tr\u1ecb v\u1ea5n \u0111\u1ec1 xu\u1ea5t tinh s\u1edbm \u1edf nam gi\u1edbi, v\u1edbi th\u00e0nh ph\u1ea7n h\u1ee3p ch\u1ea5t Lidocaine 14%,\u0111\u01b0\u1ee3c cho ph\u00e9p trong y t\u1ebf c\u00f3 kh\u1ea3 n\u0103ng g\u00e2y t\u00ea nh\u01b0ng kh\u00f4ng l\u00e0m m\u1ea5t c\u1ea3m gi\u00e1c khi quan h\u1ec7. K\u00e9o d\u00e0i th\u1eddi gian v\u00e0 khi\u1ebfn cu\u1ed9c y\u00eau m\u00e3nh li\u1ec7t h\u01a1n.<\/p>\r\n\r\n\r\n\r\n<p>X\u1ecbt Hamer USA \u0111\u01b0\u1ee3c nhi\u1ec1u ng\u01b0\u1eddi l\u1ef1a ch\u1ecdn nh\u1edd thi\u1ebft k\u1ebf d\u1ea1ng chai x\u1ecbt nh\u1ecf g\u1ecdn, ti\u1ec7n l\u1ee3i, d\u1ec5 s\u1eed d\u1ee5ng v\u00e0 c\u00f3 th\u1ec3 l\u00e0m s\u1ea1ch b\u1eb1ng n\u01b0\u1edbc sau khi d\u00f9ng. S\u1ea3n ph\u1ea9m ph\u00f9 h\u1ee3p v\u1edbi nam gi\u1edbi \u0111ang g\u1eb7p t\u00ecnh tr\u1ea1ng &#8220;ch\u01b0a \u0111\u1ebfn ch\u1ee3 \u0111\u00e3 h\u1ebft ti\u1ec1n&#8221; ho\u1eb7c mong mu\u1ed1n ch\u1ee7 \u0111\u1ed9ng v\u00e0 t\u0103ng c\u01b0\u1eddng \u0111\u1eddi s\u1ed1ng sinh ho\u1ea1t v\u1ee3 ch\u1ed3ng.<\/p>\r\n\r\n\r\n\r\n<p><strong>Th\u00f4ng tin s\u1ea3n ph\u1ea9m<\/strong>:<\/p>\r\n\r\n\r\n\r\n<ul class=\"wp-block-list\">\r\n<li>Lo\u1ea1i s\u1ea3n ph\u1ea9m: x\u1ecbt ch\u1ed1ng xu\u1ea5t tinh s\u1edbm, k\u00e9o d\u00e0i th\u1eddi gian quan h\u1ec7 theo ti\u00eau chu\u1ea9n M\u1ef9<\/li>\r\n\r\n\r\n\r\n<li>D\u1ea1ng b\u00e0o ch\u1ebf: chai x\u1ecbt<\/li>\r\n\r\n\r\n\r\n<li>Th\u00e0nh ph\u1ea7n: h\u1ee3p ch\u1ea5t Lidocaine 14%, vitamin E v\u00e0 c\u00e1c th\u00e0nh ph\u1ea7n thi\u00ean nhi\u00ean kh\u00e1c<\/li>\r\n\r\n\r\n\r\n<li>Th\u1ec3 t\u00edch: chai 12,5ml.<\/li>\r\n\r\n\r\n\r\n<li>Th\u01b0\u01a1ng hi\u1ec7u: USA Hamer<\/li>\r\n\r\n\r\n\r\n<li>H\u1ea1n s\u1eed d\u1ee5ng: 3 n\u0103m k\u1ec3 t\u1eeb ng\u00e0y s\u1ea3n xu\u1ea5t<\/li>\r\n<\/ul>\r\n\r\n\r\n\r\n<h2 id=\"cong-dung-cua-chai-xit-hamer-usa-delay\" class=\"wp-block-heading\">C\u00f4ng D\u1ee5ng C\u1ee7a Chai X\u1ecbt Hamer\u00a0USA Delay<\/h2>\r\n\r\n\r\n\r\n<p>X\u1ecbt Hamer USA Delay Spray mang \u0111\u1ebfn nhi\u1ec1u c\u00f4ng d\u1ee5ng h\u1ed7 tr\u1ee3 thi\u1ebft th\u1ef1c cho nam gi\u1edbi:<\/p>\r\n\r\n\r\n\r\n<ul class=\"wp-block-list\">\r\n<li>H\u1ed7 tr\u1ee3 k\u00e9o d\u00e0i th\u1eddi gian quan h\u1ec7, gi\u00fap nam gi\u1edbi t\u1ef1 tin v\u00e0 ch\u1ee7 \u0111\u1ed9ng h\u01a1n<\/li>\r\n\r\n\r\n\r\n<li>Mang l\u1ea1i c\u1ea3m gi\u00e1c the m\u00e1t, d\u1ec5 ch\u1ecbu, kh\u00f4ng g\u00e2y n\u00f3ng r\u00e1t khi s\u1eed d\u1ee5ng \u0111\u00fang c\u00e1ch<\/li>\r\n\r\n\r\n\r\n<li>Gi\u00fap gi\u1ea3m \u0111\u1ed9 nh\u1ea1y c\u1ea3m t\u1ea1m th\u1eddi, t\u1eeb \u0111\u00f3 h\u1ed7 tr\u1ee3 ki\u1ec3m so\u00e1t th\u1eddi \u0111i\u1ec3m xu\u1ea5t tinh<\/li>\r\n\r\n\r\n\r\n<li>C\u00f3 th\u1ec3 r\u1eeda s\u1ea1ch v\u1edbi n\u01b0\u1edbc sau khi s\u1eed d\u1ee5ng m\u00e0 kh\u00f4ng \u1ea3nh h\u01b0\u1edfng \u0111\u1ebfn hi\u1ec7u qu\u1ea3<\/li>\r\n\r\n\r\n\r\n<li>S\u1eed d\u1ee5ng \u0111\u01b0\u1ee3c chung v\u1edbi bao cao su v\u00e0 gel b\u00f4i tr\u01a1n, kh\u00f4ng \u1ea3nh h\u01b0\u1edfng tr\u1ea3i nghi\u1ec7m<\/li>\r\n\r\n\r\n\r\n<li>Thi\u1ebft k\u1ebf v\u00f2i x\u1ecbt phun s\u01b0\u01a1ng gi\u00fap ph\u00e1t huy t\u00e1c d\u1ee5ng nhanh, ch\u1ec9 sau 5-10 ph\u00fat<\/li>\r\n<\/ul>\r\n\r\n\r\n\r\n<p>Nh\u1edd nh\u1eefng \u0111\u1eb7c \u0111i\u1ec3m tr\u00ean, s\u1ea3n ph\u1ea9m h\u1ed7 tr\u1ee3 nam gi\u1edbi c\u1ea3i thi\u1ec7n ch\u1ea5t l\u01b0\u1ee3ng \u0111\u1eddi s\u1ed1ng t\u00ecnh d\u1ee5c m\u1ed9t c\u00e1ch k\u00edn \u0111\u00e1o v\u00e0 ti\u1ec7n l\u1ee3i. Gi\u00fap b\u1ea1n t\u1ef1 tin, b\u1ea3n l\u0129nh, ch\u1ee7 \u0111\u1ed9ng \u0111\u01b0\u1ee3c th\u1eddi gian chinh ph\u1ee5c ng\u01b0\u1eddi b\u1ea1n kh\u00e1c gi\u1edbi.<\/p>\r\n\r\n\r\n\r\n<h2 id=\"doi-tuong-su-dung-xit-hamer-chong-xuat-tinh-som\" class=\"wp-block-heading\">\u0110\u1ed1i T\u01b0\u1ee3ng S\u1eed D\u1ee5ng X\u1ecbt Hamer Ch\u1ed1ng Xu\u1ea5t\u00a0 Tinh S\u1edbm<\/h2>\r\n\r\n\r\n\r\n<p>Chai x\u1ecbt Hamer th\u00edch h\u1ee3p v\u1edbi nh\u1eefng \u0111\u1ed1i t\u01b0\u1ee3ng sau:<\/p>\r\n\r\n\r\n\r\n<ul class=\"wp-block-list\">\r\n<li>Nam gi\u1edbi g\u1eb7p t\u00ecnh tr\u1ea1ng xu\u1ea5t tinh s\u1edbm<\/li>\r\n\r\n\r\n\r\n<li>Nam gi\u1edbi mong mu\u1ed1n t\u0103ng th\u1eddi gian v\u00e0 s\u1ef1 t\u1ef1 tin khi quan h\u1ec7<\/li>\r\n\r\n\r\n\r\n<li>Nam gi\u1edbi g\u1eb7p kh\u00f3 kh\u0103n trong vi\u1ec7c ki\u1ec3m so\u00e1t s\u1ef1 c\u01b0\u01a1ng c\u1ee9ng<\/li>\r\n<\/ul>\r\n\r\n\r\n\r\n<p>Ngo\u00e0i ra, thu\u1ed1c x\u1ecbt ch\u1ed1ng xu\u1ea5t tinh s\u1edbm Hamer c\u00f2n c\u00f3 th\u1ec3 \u0111\u01b0\u1ee3c s\u1eed d\u1ee5ng trong m\u1ed9t s\u1ed1 tr\u01b0\u1eddng h\u1ee3p kh\u00e1c. N\u1ebfu c\u00f3 \u00fd \u0111\u1ecbnh d\u00f9ng s\u1ea3n ph\u1ea9m v\u1edbi nh\u1eefng m\u1ee5c \u0111\u00edch kh\u00f4ng \u0111\u01b0\u1ee3c \u0111\u1ec1 c\u1eadp trong b\u00e0i vi\u1ebft, vui l\u00f2ng li\u00ean h\u1ec7 v\u1edbi b\u00e1c s\u0129 \u0111\u1ec3 \u0111\u01b0\u1ee3c t\u01b0 v\u1ea5n c\u1ee5 th\u1ec3.<\/p>\r\n\r\n\r\n\r\n<p>Ch\u1ed1ng ch\u1ec9 \u0111\u1ecbnh x\u1ecbt Hamer cho nh\u1eefng tr\u01b0\u1eddng h\u1ee3p sau:<\/p>\r\n\r\n\r\n\r\n<ul class=\"wp-block-list\">\r\n<li>Qu\u00e1 m\u1eabn v\u1edbi b\u1ea5t c\u1ee9 th\u00e0nh ph\u1ea7n n\u00e0o trong thu\u1ed1c<\/li>\r\n\r\n\r\n\r\n<li>\u0110\u1ed1i t\u00e1c b\u1ecb d\u1ecb \u1ee9ng v\u1edbi ho\u1ea1t ch\u1ea5t Lidocain<\/li>\r\n\r\n\r\n\r\n<li>Kh\u00f4ng s\u1eed d\u1ee5ng x\u1ecbt Hamer n\u1ebfu v\u00f9ng da \u1edf d\u01b0\u01a1ng v\u1eadt b\u1ecb x\u00e2y x\u01b0\u1edbc ho\u1eb7c t\u1ed5n th\u01b0\u01a1ng do c\u00e1c m\u1ed9t s\u1ed1 b\u1ec7nh da li\u1ec5u nh\u01b0\u00a0vi\u00eam ra ti\u1ebfp x\u00fac, ch\u00e0m, v\u1ea3y n\u1ebfn<\/li>\r\n<\/ul>\r\n\r\n\r\n\r\n<p>Tr\u01b0\u1eddng h\u1ee3p \u0111\u1ed1i t\u00e1c d\u1ecb \u1ee9ng v\u1edbi th\u00e0nh ph\u1ea7n g\u00e2y t\u00ea, khuy\u1ebfn ngh\u1ecb s\u1eed d\u1ee5ng bao cao su \u0111\u1ec3 \u0111\u1ea3m b\u1ea3o an to\u00e0n v\u00e0 cho cu\u1ed9c y\u00eau tr\u1ecdn v\u1eb9n.<\/p>\r\n\r\n\r\n\r\n<h2 id=\"cach-dung-chai-xit-hamer-usa\" class=\"wp-block-heading\">C\u00e1ch D\u00f9ng Chai X\u1ecbt Hamer USA<\/h2>\r\n\r\n\r\n\r\n<p>\u0110\u1ec3 \u0111\u1ea1t hi\u1ec7u qu\u1ea3 t\u1ed1t nh\u1ea5t, n\u00ean s\u1eed d\u1ee5ng s\u1ea3n ph\u1ea9m x\u1ecbt Hamer theo h\u01b0\u1edbng d\u1eabn sau:<\/p>\r\n\r\n\r\n\r\n<ul class=\"wp-block-list\">\r\n<li>V\u1ec7 sinh s\u1ea1ch s\u1ebd v\u00f9ng s\u1eed d\u1ee5ng tr\u01b0\u1edbc khi x\u1ecbt<\/li>\r\n\r\n\r\n\r\n<li>X\u1ecbt 3 l\u1ea7n l\u00ean ph\u1ea7n \u0111\u1ea7u d\u01b0\u01a1ng v\u1eadt. Sau \u0111\u00f3, x\u1ecbt th\u00eam 2 l\u1ea7n v\u00e0o l\u00f2ng b\u00e0n tay v\u00e0 thoa \u0111\u1ec1u l\u01b0\u1ee3ng thu\u1ed1c v\u1eeba x\u1ecbt l\u00ean \u0111\u1ea7u d\u01b0\u01a1ng v\u1eadt.<\/li>\r\n\r\n\r\n\r\n<li>S\u1eed d\u1ee5ng tr\u01b0\u1edbc khi quan h\u1ec7 kho\u1ea3ng 10\u201315 ph\u00fat \u0111\u1ec3 s\u1ea3n ph\u1ea9m th\u1ea9m th\u1ea5u<\/li>\r\n\r\n\r\n\r\n<li>C\u00f3 th\u1ec3 k\u1ebft h\u1ee3p v\u1edbi bao cao su ho\u1eb7c gel b\u00f4i tr\u01a1n<\/li>\r\n\r\n\r\n\r\n<li>Sau khi quan h\u1ec7, r\u1eeda s\u1ea1ch l\u1ea1i b\u1eb1ng n\u01b0\u1edbc<\/li>\r\n<\/ul>\r\n\r\n\r\n\r\n<p><strong>L\u01b0u \u00fd<\/strong>: Trong th\u1eddi gian b\u1ea1n t\u00ecnh \u0111ang c\u00f3 thai, nam gi\u1edbi kh\u00f4ng n\u00ean s\u1eed d\u1ee5ng s\u1ea3n ph\u1ea9m n\u00e0y. N\u1ebfu d\u00f9ng n\u00ean s\u1eed d\u1ee5ng bao cao su \u0111\u1ec3 \u0111\u1ea3m b\u1ea3o s\u1ee9c kh\u1ecfe cho b\u1ea1n t\u00ecnh v\u00e0 thai nhi. S\u1eed d\u1ee5ng \u0111\u00fang li\u1ec1u l\u01b0\u1ee3ng khuy\u1ebfn ngh\u1ecb, kh\u00f4ng l\u1ea1m d\u1ee5ng \u0111\u1ec3 \u0111\u1ea3m b\u1ea3o an to\u00e0n v\u00e0 hi\u1ec7u qu\u1ea3.<\/p>\r\n\r\n\r\n\r\n<h2 id=\"mua-chai-xit-hamer-m\u1ef9-chinh-hang-o-dau\" class=\"wp-block-heading\">Mua Chai X\u1ecbt Hamer M\u1ef9 Ch\u00ednh H\u00e3ng \u1ede \u0110\u00e2u?<\/h2>\r\n\r\n\r\n\r\n<p>Chai x\u1ecbt Hamer USA Delay Spray 12,5ml ch\u00ednh h\u00e3ng hi\u1ec7n \u0111ang \u0111\u01b0\u1ee3c ph\u00e2n ph\u1ed1i t\u1ea1i Hamer Saigon. S\u1ea3n ph\u1ea9m c\u00f3:<\/p>\r\n\r\n\r\n\r\n<ul class=\"wp-block-list\">\r\n<li>Tem ch\u1ed1ng gi\u1ea3<\/li>\r\n\r\n\r\n\r\n<li>M\u00e3 QR ki\u1ec3m tra ngu\u1ed3n g\u1ed1c<\/li>\r\n\r\n\r\n\r\n<li>Th\u00f4ng tin bao b\u00ec r\u00f5 r\u00e0ng, \u0111\u1ea7y \u0111\u1ee7<\/li>\r\n<\/ul>\r\n\r\n\r\n\r\n<p>\u0110\u1ed3ng th\u1eddi c\u00f2n c\u00f3 nhi\u1ec1u khuy\u1ebfn m\u00e3i v\u00e0 \u01b0u \u0111\u00e3i v\u1ec1 gi\u00e1 khi mua s\u1ea3n ph\u1ea9m x\u1ecbt h\u1ed7 tr\u1ee3 xts t\u1ea1i Hamer Saigon.<\/p>\r\n\r\n\r\n\r\n<h2 id=\"cau-hoi-thuong-gap\" class=\"wp-block-heading\">C\u00e2u H\u1ecfi Th\u01b0\u1eddng G\u1eb7p<\/h2>\r\n\r\n\r\n\r\n<div data-wp-context=\"{ &quot;autoclose&quot;: true, &quot;accordionItems&quot;: [] }\" data-wp-interactive=\"core\/accordion\" class=\"wp-block-accordion is-layout-flow wp-block-accordion-is-layout-flow\" role=\"group\">\r\n<div data-wp-class--is-open=\"state.isOpen\" data-wp-context=\"{ &quot;id&quot;: &quot;accordion-item-1&quot;, &quot;openByDefault&quot;: false }\" data-wp-init=\"callbacks.initAccordionItems\" data-wp-on-window--hashchange=\"callbacks.hashChange\" class=\"wp-block-accordion-item is-layout-flow wp-block-accordion-item-is-layout-flow\">\r\n<h3 class=\"wp-block-accordion-heading has-medium-font-size\"><button aria-expanded=\"false\" aria-controls=\"accordion-item-1-panel\" data-wp-bind--aria-expanded=\"state.isOpen\" data-wp-on--click=\"actions.toggle\" data-wp-on--keydown=\"actions.handleKeyDown\" id=\"accordion-item-1\" class=\"wp-block-accordion-heading__toggle\" type=\"button\"><span class=\"wp-block-accordion-heading__toggle-title\">1. X\u1ecbt Hamer k\u00e9o d\u00e0i th\u1eddi gian bao l\u00e2u?<\/span><span class=\"wp-block-accordion-heading__toggle-icon\" aria-hidden=\"true\">+<\/span><\/button><\/h3>\r\n\r\n\r\n\r\n<div inert aria-labelledby=\"accordion-item-1\" data-wp-bind--inert=\"!state.isOpen\" id=\"accordion-item-1-panel\" class=\"wp-block-accordion-panel is-layout-flow wp-block-accordion-panel-is-layout-flow\" role=\"region\">\r\n<p>Chai x\u1ecbt Hamer USA Ginseng &amp; Coffee gi\u00fap k\u00e9o d\u00e0i th\u1eddi gian quan h\u1ec7 \u0111\u00e1ng k\u1ec3, th\u01b0\u1eddng g\u1ea5p 3 \u2013 5 l\u1ea7n so v\u1edbi b\u00ecnh th\u01b0\u1eddng, h\u1ed7 tr\u1ee3 hi\u1ec7u qu\u1ea3 t\u00ecnh tr\u1ea1ng xu\u1ea5t tinh s\u1edbm. S\u1ea3n ph\u1ea9m t\u00e1c d\u1ee5ng nhanh, gi\u00fap ki\u1ec3m so\u00e1t xu\u1ea5t tinh v\u00e0 t\u0103ng kho\u00e1i c\u1ea3m nh\u1edd th\u00e0nh ph\u1ea7n chi\u1ebft xu\u1ea5t t\u1ef1 nhi\u00ean.<\/p>\r\n<\/div>\r\n<\/div>\r\n\r\n\r\n\r\n<div data-wp-class--is-open=\"state.isOpen\" data-wp-context=\"{ &quot;id&quot;: &quot;accordion-item-2&quot;, &quot;openByDefault&quot;: false }\" data-wp-init=\"callbacks.initAccordionItems\" data-wp-on-window--hashchange=\"callbacks.hashChange\" class=\"wp-block-accordion-item is-layout-flow wp-block-accordion-item-is-layout-flow\">\r\n<h3 class=\"wp-block-accordion-heading has-medium-font-size\"><button aria-expanded=\"false\" aria-controls=\"accordion-item-2-panel\" data-wp-bind--aria-expanded=\"state.isOpen\" data-wp-on--click=\"actions.toggle\" data-wp-on--keydown=\"actions.handleKeyDown\" id=\"accordion-item-2\" class=\"wp-block-accordion-heading__toggle\" type=\"button\"><span class=\"wp-block-accordion-heading__toggle-title\">2. N\u00ean x\u1ecbt Hamer bao l\u00e2u tr\u01b0\u1edbc khi &#8220;v\u00e0o tr\u1eadn&#8221;?<\/span><span class=\"wp-block-accordion-heading__toggle-icon\" aria-hidden=\"true\">+<\/span><\/button><\/h3>\r\n\r\n\r\n\r\n<div inert aria-labelledby=\"accordion-item-2\" data-wp-bind--inert=\"!state.isOpen\" id=\"accordion-item-2-panel\" class=\"wp-block-accordion-panel is-layout-flow wp-block-accordion-panel-is-layout-flow\" role=\"region\">\r\n<p>N\u00ean x\u1ecbt Hamer\u00a0tr\u01b0\u1edbc khi quan h\u1ec7 t\u1eeb\u00a010 &#8211; 15 ph\u00fat\u00a0\u0111\u1ec3 c\u00e1c th\u00e0nh ph\u1ea7n ho\u1ea1t ch\u1ea5t th\u1ea9m th\u1ea5u v\u00e0 ph\u00e1t huy t\u00e1c d\u1ee5ng t\u1ed1i \u01b0u.<\/p>\r\n<\/div>\r\n<\/div>\r\n\r\n\r\n\r\n<div data-wp-class--is-open=\"state.isOpen\" data-wp-context=\"{ &quot;id&quot;: &quot;accordion-item-3&quot;, &quot;openByDefault&quot;: false }\" data-wp-init=\"callbacks.initAccordionItems\" data-wp-on-window--hashchange=\"callbacks.hashChange\" class=\"wp-block-accordion-item is-layout-flow wp-block-accordion-item-is-layout-flow\">\r\n<h3 class=\"wp-block-accordion-heading has-medium-font-size\"><button aria-expanded=\"false\" aria-controls=\"accordion-item-3-panel\" data-wp-bind--aria-expanded=\"state.isOpen\" data-wp-on--click=\"actions.toggle\" data-wp-on--keydown=\"actions.handleKeyDown\" id=\"accordion-item-3\" class=\"wp-block-accordion-heading__toggle\" type=\"button\"><span class=\"wp-block-accordion-heading__toggle-title\">3. X\u1ecbt Hamer c\u00f3 g\u00e2y m\u00f9i hay v\u1ecb l\u1ea1 kh\u00f4ng?<\/span><span class=\"wp-block-accordion-heading__toggle-icon\" aria-hidden=\"true\">+<\/span><\/button><\/h3>\r\n\r\n\r\n\r\n<div inert aria-labelledby=\"accordion-item-3\" data-wp-bind--inert=\"!state.isOpen\" id=\"accordion-item-3-panel\" class=\"wp-block-accordion-panel is-layout-flow wp-block-accordion-panel-is-layout-flow\" role=\"region\">\r\n<p>Chai x\u1ecbt Hamer ch\u1ee7 y\u1ebfu mang l\u1ea1i\u00a0c\u1ea3m gi\u00e1c the m\u00e1t, d\u1ec5 ch\u1ecbu, kh\u00f4ng n\u00f3ng r\u00e1t\u00a0v\u00e0\u00a0kh\u00f4ng c\u00f3 v\u1ecb kh\u00f3 ch\u1ecbu n\u1ed3ng n\u1eb7c nh\u1edd th\u00e0nh ph\u1ea7n t\u1ef1 nhi\u00ean. S\u1ea3n ph\u1ea9m \u0111\u01b0\u1ee3c thi\u1ebft k\u1ebf d\u1ea1ng x\u1ecbt phun s\u01b0\u01a1ng, kh\u00f4ng m\u00f9i ho\u1eb7c m\u00f9i r\u1ea5t nh\u1eb9, an to\u00e0n khi s\u1eed d\u1ee5ng chung v\u1edbi bao cao su v\u00e0 c\u00f3 th\u1ec3 r\u1eeda s\u1ea1ch b\u1eb1ng n\u01b0\u1edbc.\u00a0<\/p>\r\n<\/div>\r\n<\/div>\r\n\r\n\r\n\r\n<div data-wp-class--is-open=\"state.isOpen\" data-wp-context=\"{ &quot;id&quot;: &quot;accordion-item-4&quot;, &quot;openByDefault&quot;: false }\" data-wp-init=\"callbacks.initAccordionItems\" data-wp-on-window--hashchange=\"callbacks.hashChange\" class=\"wp-block-accordion-item is-layout-flow wp-block-accordion-item-is-layout-flow\">\r\n<h3 class=\"wp-block-accordion-heading has-medium-font-size\"><button aria-expanded=\"false\" aria-controls=\"accordion-item-4-panel\" data-wp-bind--aria-expanded=\"state.isOpen\" data-wp-on--click=\"actions.toggle\" data-wp-on--keydown=\"actions.handleKeyDown\" id=\"accordion-item-4\" class=\"wp-block-accordion-heading__toggle\" type=\"button\"><span class=\"wp-block-accordion-heading__toggle-title\">4. M\u1ed9t chai x\u1ecbt Hamer Delay Spray 12,5ml s\u1eed d\u1ee5ng \u0111\u01b0\u1ee3c bao nhi\u00eau l\u1ea7n?<\/span><span class=\"wp-block-accordion-heading__toggle-icon\" aria-hidden=\"true\">+<\/span><\/button><\/h3>\r\n\r\n\r\n\r\n<div inert aria-labelledby=\"accordion-item-4\" data-wp-bind--inert=\"!state.isOpen\" id=\"accordion-item-4-panel\" class=\"wp-block-accordion-panel is-layout-flow wp-block-accordion-panel-is-layout-flow\" role=\"region\">\r\n<p>Chai x\u1ecbt Hamer Delay Spray 12,5ml c\u00f3 th\u1ec3 s\u1eed d\u1ee5ng \u0111\u01b0\u1ee3c\u00a0kho\u1ea3ng 30 &#8211; 50 l\u1ea7n ho\u1eb7c h\u01a1n, t\u00f9y thu\u1ed9c v\u00e0o li\u1ec1u l\u01b0\u1ee3ng m\u1ed7i l\u1ea7n d\u00f9ng (khuy\u1ebfn ngh\u1ecb 3-5 l\u1ea7n x\u1ecbt\/l\u1ea7n quan h\u1ec7)<\/p>\r\n<\/div>\r\n<\/div>\r\n<\/div>","protected":false},"excerpt":{"rendered":"<p>Chai X\u1ecbt Hamer USA Delay Spray For Men l\u00e0 s\u1ea3n ph\u1ea9m h\u1ed7 tr\u1ee3 t\u0103ng c\u01b0\u1eddng sinh l\u00fd, \u0111\u01b0\u1ee3c thi\u1ebft k\u1ebf \u0111\u1eb7c bi\u1ec7t cho nam gi\u1edbi v\u1edbi t\u00ednh n\u0103ng ch\u1ed1ng xu\u1ea5t tinh s\u1edbm, t\u1ea1o n\u00ean s\u1ef1 t\u1ef1 tin trong c\u00e1c cu\u1ed9c y\u00eau.<\/p>","protected":false},"featured_media":2226,"comment_status":"open","ping_status":"closed","template":"","meta":{"_gspb_post_css":""},"product_brand":[295],"product_cat":[302],"product_tag":[],"class_list":{"0":"post-2225","1":"product","2":"type-product","3":"status-publish","4":"has-post-thumbnail","6":"product_brand-usa-hamer","7":"product_cat-chai-xit-keo-dai-thoi-gian","9":"first","10":"instock","11":"sale","12":"shipping-taxable","13":"purchasable","14":"product-type-simple"},"ct_brands":[{"id":295,"name":"USA Hamer","slug":"usa-hamer"}],"jetpack_sharing_enabled":true,"_links":{"self":[{"href":"https:\/\/hamersaigon.com\/en\/wp-json\/wp\/v2\/product\/2225","targetHints":{"allow":["GET"]}}],"collection":[{"href":"https:\/\/hamersaigon.com\/en\/wp-json\/wp\/v2\/product"}],"about":[{"href":"https:\/\/hamersaigon.com\/en\/wp-json\/wp\/v2\/types\/product"}],"replies":[{"embeddable":true,"href":"https:\/\/hamersaigon.com\/en\/wp-json\/wp\/v2\/comments?post=2225"}],"wp:featuredmedia":[{"embeddable":true,"href":"https:\/\/hamersaigon.com\/en\/wp-json\/wp\/v2\/media\/2226"}],"wp:attachment":[{"href":"https:\/\/hamersaigon.com\/en\/wp-json\/wp\/v2\/media?parent=2225"}],"wp:term":[{"taxonomy":"product_brand","embeddable":true,"href":"https:\/\/hamersaigon.com\/en\/wp-json\/wp\/v2\/product_brand?post=2225"},{"taxonomy":"product_cat","embeddable":true,"href":"https:\/\/hamersaigon.com\/en\/wp-json\/wp\/v2\/product_cat?post=2225"},{"taxonomy":"product_tag","embeddable":true,"href":"https:\/\/hamersaigon.com\/en\/wp-json\/wp\/v2\/product_tag?post=2225"}],"curies":[{"name":"wp","href":"https:\/\/api.w.org\/{rel}","templated":true}]}}