{"id":2260,"date":"2026-02-19T02:27:43","date_gmt":"2026-02-19T02:27:43","guid":{"rendered":"https:\/\/hamersaigon.com\/?post_type=product&#038;p=2260"},"modified":"2026-02-22T13:04:32","modified_gmt":"2026-02-22T13:04:32","slug":"vien-keo-hamer-pro-66f86k-honey-ginseng","status":"publish","type":"product","link":"https:\/\/hamersaigon.com\/en\/product\/vien-keo-hamer-pro-66f86k-honey-ginseng\/","title":{"rendered":"1 Vi\u00ean K\u1eb9o S\u00e2m Hamer Pro 66F86K Honey Ginseng"},"content":{"rendered":"<h2 id=\"vien-keo-ngam-hamerpro-66f86k-la-gi\" class=\"wp-block-heading\">Vi\u00ean k\u1eb9o ng\u1eadm Hamerpro 66f86k l\u00e0 g\u00ec?<\/h2>\r\n\r\n\r\n\r\n<p>Hamer Pro 66F86K Honey Ginseng l\u00e0 k\u1eb9o ng\u1eadm b\u1ed5 sung n\u0103ng l\u01b0\u1ee3ng cho nam gi\u1edbi, c\u00f3 v\u1ecb m\u1eadt ong d\u1ec5 d\u00f9ng, ngu\u1ed3n g\u1ed1c s\u1ea3n xu\u1ea5t t\u1ea1i Malaysia v\u00e0 thu\u1ed9c ph\u00e2n kh\u00fac cao c\u1ea5p. Hamerpro 66f86k c\u00f3 v\u1ecb m\u1eadt ong d\u1ec5 d\u00f9ng, \u0111\u01b0\u1ee3c ph\u00e1t tri\u1ec3n theo h\u01b0\u1edbng gi\u1ea3m m\u00f9i th\u1ea3o d\u01b0\u1ee3c g\u1eaft, ph\u00f9 h\u1ee3p v\u1edbi ng\u01b0\u1eddi kh\u00f4ng quen m\u00f9i nh\u00e2n s\u00e2m \u0111\u1eadm. \u0110i\u1ec3m kh\u00e1c bi\u1ec7t c\u1ee7a phi\u00ean b\u1ea3n n\u00e0y l\u00e0 m\u00f9i s\u00e2m nh\u1eb9, kh\u00f4ng n\u1ed3ng, d\u1ec5 s\u1eed d\u1ee5ng th\u01b0\u1eddng xuy\u00ean h\u01a1n so v\u1edbi c\u00e1c d\u00f2ng k\u1eb9o ng\u1eadm kh\u00e1c nh\u01b0 USA Hamer, Hamer621,&#8230;<\/p>\r\n\r\n\r\n\r\n<p>Hamerpro 66F86K thu\u1ed9c nh\u00f3m th\u1ef1c ph\u1ea9m b\u1ed5 sung d\u1ea1ng vi\u00ean ng\u1eadm nh\u1eb1m h\u1ed7 tr\u1ee3 c\u1ea3i thi\u1ec7n th\u1ec3 tr\u1ea1ng, b\u1ed5 sung n\u0103ng l\u01b0\u1ee3ng v\u00e0 t\u0103ng c\u01b0\u1eddng sinh l\u1ef1c cho nam gi\u1edbi tr\u01b0\u1edfng th\u00e0nh. D\u1ea1ng vi\u00ean nh\u1ecf g\u1ecdn gi\u00fap s\u1eed d\u1ee5ng thu\u1eadn ti\u1ec7n, d\u1ec5 mang theo v\u00e0 d\u00f9ng khi c\u1ea7n.<\/p>\r\n\r\n\r\n\r\n<h2 id=\"thanh-phan-cua-keo-sam-hamerpro-66f86k\" class=\"wp-block-heading\">Th\u00e0nh ph\u1ea7n c\u1ee7a k\u1eb9o s\u00e2m Hamerpro 66f86k<\/h2>\r\n\r\n\r\n\r\n<div class=\"wp-block-columns is-layout-flex wp-container-core-columns-is-layout-28f84493 wp-block-columns-is-layout-flex\">\r\n<div class=\"wp-block-column is-layout-flow wp-block-column-is-layout-flow\">\r\n<p>K\u1eb9o s\u00e2m Hamer Pro 66F86K Honey Ginseng \u0111\u01b0\u1ee3c t\u1ea1o th\u00e0nh t\u1eeb s\u1ef1 k\u1ebft h\u1ee3p gi\u1eefa nguy\u00ean li\u1ec7u th\u1ef1c ph\u1ea9m, chi\u1ebft xu\u1ea5t th\u1ea3o d\u01b0\u1ee3c v\u00e0 c\u00e1c th\u00e0nh ph\u1ea7n b\u1ed5 sung n\u0103ng l\u01b0\u1ee3ng th\u01b0\u1eddng th\u1ea5y trong k\u1eb9o ng\u1eadm ch\u1ee9c n\u0103ng.<\/p>\r\n\r\n\r\n\r\n<p>C\u00f4ng th\u1ee9c t\u1eadp trung v\u00e0o kh\u1ea3 n\u0103ng cung c\u1ea5p n\u0103ng l\u01b0\u1ee3ng nhanh, d\u1ec5 s\u1eed d\u1ee5ng v\u00e0 ph\u00f9 h\u1ee3p v\u1edbi th\u00f3i quen d\u00f9ng d\u1ea1ng vi\u00ean ng\u1eadm.<\/p>\r\n\r\n\r\n\r\n<ul class=\"wp-block-list\">\r\n<li>Nh\u00e2n s\u00e2m (Panax Ginseng)<\/li>\r\n\r\n\r\n\r\n<li>Cynomorium songaricum<\/li>\r\n\r\n\r\n\r\n<li>M\u1eadt ong (Honey)<\/li>\r\n\r\n\r\n\r\n<li>\u0110\u01b0\u1eddng n\u00e2u (Brown sugar)<\/li>\r\n\r\n\r\n\r\n<li>M\u1ea1ch nha (Malt)<\/li>\r\n\r\n\r\n\r\n<li>Protein th\u1ee7y ph\u00e2n (Hydrolysed protein)<\/li>\r\n\r\n\r\n\r\n<li>Enzyme<\/li>\r\n\r\n\r\n\r\n<li>Th\u1ea1ch l\u1ef1u (Pomegranate)<\/li>\r\n\r\n\r\n\r\n<li>S\u1eefa (Milk)<\/li>\r\n<\/ul>\r\n<\/div>\r\n\r\n\r\n\r\n<div class=\"wp-block-column is-layout-flow wp-block-column-is-layout-flow\">\r\n<figure class=\"wp-block-image size-full\"><img loading=\"lazy\" decoding=\"async\" width=\"750\" height=\"1000\" class=\"wp-image-2321\" src=\"https:\/\/hamersaigon.com\/wp-content\/uploads\/2026\/02\/keo-sam-hamer-pro-66f86k-honey-ginseng-tang-cuong-sinh-ly-nam-gioi-hop-33-vien.webp\" alt=\"\" srcset=\"https:\/\/hamersaigon.com\/wp-content\/uploads\/2026\/02\/keo-sam-hamer-pro-66f86k-honey-ginseng-tang-cuong-sinh-ly-nam-gioi-hop-33-vien.webp 750w, https:\/\/hamersaigon.com\/wp-content\/uploads\/2026\/02\/keo-sam-hamer-pro-66f86k-honey-ginseng-tang-cuong-sinh-ly-nam-gioi-hop-33-vien-225x300.webp 225w, https:\/\/hamersaigon.com\/wp-content\/uploads\/2026\/02\/keo-sam-hamer-pro-66f86k-honey-ginseng-tang-cuong-sinh-ly-nam-gioi-hop-33-vien-9x12.webp 9w, https:\/\/hamersaigon.com\/wp-content\/uploads\/2026\/02\/keo-sam-hamer-pro-66f86k-honey-ginseng-tang-cuong-sinh-ly-nam-gioi-hop-33-vien-500x667.webp 500w\" sizes=\"auto, (max-width: 750px) 100vw, 750px\" \/><\/figure>\r\n<\/div>\r\n<\/div>\r\n\r\n\r\n\r\n<h2 id=\"cong-dung-cua-keo-sam-hamerpro-66f86k\" class=\"wp-block-heading\">C\u00f4ng d\u1ee5ng c\u1ee7a k\u1eb9o s\u00e2m Hamerpro 66f86k<\/h2>\r\n\r\n\r\n\r\n<p>Hamer Pro 66F86K Honey Ginseng l\u00e0 k\u1eb9o ng\u1eadm b\u1ed5 sung n\u0103ng l\u01b0\u1ee3ng d\u1ea1ng vi\u00ean, \u0111\u01b0\u1ee3c s\u1eed d\u1ee5ng nh\u1eb1m h\u1ed7 tr\u1ee3 duy tr\u00ec th\u1ec3 tr\u1ea1ng v\u00e0 t\u0103ng c\u01b0\u1eddng sinh l\u1ef1c nam gi\u1edbi trong sinh ho\u1ea1t h\u1eb1ng ng\u00e0y. S\u1ea3n ph\u1ea9m k\u1ebft h\u1ee3p c\u00e1c th\u00e0nh ph\u1ea7n th\u1ef1c ph\u1ea9m v\u00e0 chi\u1ebft xu\u1ea5t th\u1ea3o d\u01b0\u1ee3c, ph\u00f9 h\u1ee3p s\u1eed d\u1ee5ng khi c\u01a1 th\u1ec3 m\u1ec7t m\u1ecfi ho\u1eb7c c\u1ea7n b\u1ed5 sung n\u0103ng l\u01b0\u1ee3ng nhanh.<\/p>\r\n\r\n\r\n\r\n<p>K\u1eb9o ng\u1eadm gi\u00fap b\u1ed5 sung n\u0103ng l\u01b0\u1ee3ng t\u1ee9c th\u1eddi, h\u1ed7 tr\u1ee3 duy tr\u00ec s\u1ef1 t\u1ec9nh t\u00e1o v\u00e0 s\u1ee9c b\u1ec1n khi l\u00e0m vi\u1ec7c ho\u1eb7c v\u1eadn \u0111\u1ed9ng. D\u1ea1ng vi\u00ean ng\u1eadm nh\u1ecf g\u1ecdn, d\u1ec5 s\u1eed d\u1ee5ng, thu\u1eadn ti\u1ec7n mang theo v\u00e0 d\u00f9ng trong nhi\u1ec1u th\u1eddi \u0111i\u1ec3m kh\u00e1c nhau.<\/p>\r\n\r\n\r\n\r\n<p>Vi\u1ec7c s\u1eed d\u1ee5ng s\u1ea3n ph\u1ea9m h\u01b0\u1edbng \u0111\u1ebfn c\u00e1c m\u1ee5c \u0111\u00edch:<\/p>\r\n\r\n\r\n\r\n<ul class=\"wp-block-list\">\r\n<li>B\u1ed5 sung n\u0103ng l\u01b0\u1ee3ng cho c\u01a1 th\u1ec3 khi m\u1ec7t m\u1ecfi<\/li>\r\n\r\n\r\n\r\n<li>H\u1ed7 tr\u1ee3 duy tr\u00ec th\u1ec3 l\u1ef1c v\u00e0 s\u1ee9c b\u1ec1n trong sinh ho\u1ea1t h\u1eb1ng ng\u00e0y<\/li>\r\n\r\n\r\n\r\n<li>H\u1ed7 tr\u1ee3 c\u1ea3i thi\u1ec7n tr\u1ea1ng th\u00e1i t\u1ec9nh t\u00e1o khi l\u00e0m vi\u1ec7c c\u01b0\u1eddng \u0111\u1ed9 cao<\/li>\r\n\r\n\r\n\r\n<li>H\u1ed7 tr\u1ee3 t\u0103ng c\u01b0\u1eddng sinh l\u1ef1c nam gi\u1edbi<\/li>\r\n\r\n\r\n\r\n<li>Ph\u00f9 h\u1ee3p s\u1eed d\u1ee5ng tr\u01b0\u1edbc c\u00e1c ho\u1ea1t \u0111\u1ed9ng c\u1ea7n th\u1ec3 l\u1ef1c ho\u1eb7c s\u1ef1 t\u1eadp trung<\/li>\r\n<\/ul>\r\n\r\n\r\n\r\n<p>S\u1ea3n ph\u1ea9m thu\u1ed9c nh\u00f3m th\u1ef1c ph\u1ea9m b\u1ed5 sung, kh\u00f4ng ph\u1ea3i thu\u1ed1c v\u00e0 kh\u00f4ng c\u00f3 t\u00e1c d\u1ee5ng thay th\u1ebf thu\u1ed1c ch\u1eefa b\u1ec7nh. Hi\u1ec7u qu\u1ea3 s\u1eed d\u1ee5ng c\u00f3 th\u1ec3 kh\u00e1c nhau t\u00f9y theo th\u1ec3 tr\u1ea1ng v\u00e0 nhu c\u1ea7u c\u1ee7a t\u1eebng ng\u01b0\u1eddi.<\/p>\r\n\r\n\r\n\r\n<h2 id=\"huong-dan-su-dung-keo-ngam-hamer-66f86k\" class=\"wp-block-heading\">H\u01b0\u1edbng d\u1eabn s\u1eed d\u1ee5ng k\u1eb9o ng\u1eadm Hamer 66f86k<\/h2>\r\n\r\n\r\n\r\n<p><strong>C\u00e1ch d\u00f9ng Hamer 66f86k<\/strong><\/p>\r\n\r\n\r\n\r\n<p>Hamer Pro 66F86K Honey Ginseng \u0111\u01b0\u1ee3c d\u00f9ng theo d\u1ea1ng vi\u00ean ng\u1eadm tr\u1ef1c ti\u1ebfp. Ng\u1eadm 1 vi\u00ean trong mi\u1ec7ng cho tan d\u1ea7n, kh\u00f4ng c\u1ea7n nhai ho\u1eb7c pha v\u1edbi n\u01b0\u1edbc.<\/p>\r\n\r\n\r\n\r\n<p>S\u1ea3n ph\u1ea9m th\u01b0\u1eddng \u0111\u01b0\u1ee3c s\u1eed d\u1ee5ng:<\/p>\r\n\r\n\r\n\r\n<ul class=\"wp-block-list\">\r\n<li>Tr\u01b0\u1edbc khi quan h\u1ec7 kho\u1ea3ng 60 ph\u00fat<\/li>\r\n\r\n\r\n\r\n<li>D\u00f9ng khi c\u01a1 th\u1ec3 m\u1ec7t m\u1ecfi ho\u1eb7c c\u1ea7n b\u1ed5 sung n\u0103ng l\u01b0\u1ee3ng nhanh<\/li>\r\n\r\n\r\n\r\n<li>Ph\u00f9 h\u1ee3p mang theo v\u00e0 s\u1eed d\u1ee5ng linh ho\u1ea1t theo nhu c\u1ea7u c\u00e1 nh\u00e2n<\/li>\r\n<\/ul>\r\n\r\n\r\n\r\n<p>M\u1ed9t vi\u00ean th\u01b0\u1eddng \u0111\u01b0\u1ee3c d\u00f9ng cho m\u1ed7i l\u1ea7n s\u1eed d\u1ee5ng, c\u1ea3m nh\u1eadn t\u00e1c \u0111\u1ed9ng c\u00f3 th\u1ec3 k\u00e9o d\u00e0i trong kho\u1ea3ng v\u00e0i ng\u00e0y t\u00f9y th\u1ec3 tr\u1ea1ng v\u00e0 c\u00e1ch sinh ho\u1ea1t c\u1ee7a t\u1eebng ng\u01b0\u1eddi.<\/p>\r\n\r\n\r\n\r\n<p id=\"lieu-luong-tham-khao\"><strong>Li\u1ec1u l\u01b0\u1ee3ng tham kh\u1ea3o<\/strong><\/p>\r\n\r\n\r\n\r\n<ul class=\"wp-block-list\">\r\n<li>M\u1ed7i l\u1ea7n d\u00f9ng: 1 vi\u00ean<\/li>\r\n\r\n\r\n\r\n<li>Th\u1eddi gian t\u00e1c \u0111\u1ed9ng c\u00f3 th\u1ec3 duy tr\u00ec 3\u20134 ng\u00e0y t\u00f9y c\u01a1 \u0111\u1ecba<\/li>\r\n\r\n\r\n\r\n<li>Kh\u00f4ng n\u00ean s\u1eed d\u1ee5ng qu\u00e1 2 vi\u00ean trong 1 tu\u1ea7n<\/li>\r\n<\/ul>\r\n\r\n\r\n\r\n<p id=\"doi-tuong-su-dung\"><strong>\u0110\u1ed1i t\u01b0\u1ee3ng s\u1eed d\u1ee5ng<\/strong><\/p>\r\n\r\n\r\n\r\n<ul class=\"wp-block-list\">\r\n<li>Nam gi\u1edbi tr\u01b0\u1edfng th\u00e0nh c\u00f3 nhu c\u1ea7u b\u1ed5 sung n\u0103ng l\u01b0\u1ee3ng v\u00e0 h\u1ed7 tr\u1ee3 sinh l\u1ef1c<\/li>\r\n\r\n\r\n\r\n<li>Ng\u01b0\u1eddi th\u01b0\u1eddng xuy\u00ean l\u00e0m vi\u1ec7c c\u01b0\u1eddng \u0111\u1ed9 cao, d\u1ec5 m\u1ec7t m\u1ecfi<\/li>\r\n\r\n\r\n\r\n<li>Ng\u01b0\u1eddi c\u1ea7n duy tr\u00ec th\u1ec3 tr\u1ea1ng v\u00e0 s\u1ee9c b\u1ec1n trong sinh ho\u1ea1t h\u1eb1ng ng\u00e0y<\/li>\r\n\r\n\r\n\r\n<li>Ng\u01b0\u1eddi mu\u1ed1n s\u1eed d\u1ee5ng s\u1ea3n ph\u1ea9m d\u1ea1ng vi\u00ean ng\u1eadm ti\u1ec7n l\u1ee3i, d\u1ec5 mang theo v\u00e0 s\u1eed d\u1ee5ng khi c\u1ea7n<\/li>\r\n<\/ul>\r\n\r\n\r\n\r\n<h2 id=\"luu-y-khi-su-dung\" class=\"wp-block-heading\">L\u01b0u \u00fd khi s\u1eed d\u1ee5ng<\/h2>\r\n\r\n\r\n\r\n<p>Hamer Pro 66F86K Honey Ginseng l\u00e0 s\u1ea3n ph\u1ea9m b\u1ed5 sung d\u1ea1ng k\u1eb9o ng\u1eadm, s\u1eed d\u1ee5ng theo nhu c\u1ea7u h\u1ed7 tr\u1ee3 n\u0103ng l\u01b0\u1ee3ng v\u00e0 th\u1ec3 tr\u1ea1ng trong sinh ho\u1ea1t h\u1eb1ng ng\u00e0y.<\/p>\r\n\r\n\r\n\r\n<ul class=\"wp-block-list\">\r\n<li>S\u1ea3n ph\u1ea9m kh\u00f4ng ph\u1ea3i thu\u1ed1c v\u00e0 kh\u00f4ng c\u00f3 t\u00e1c d\u1ee5ng thay th\u1ebf thu\u1ed1c ch\u1eefa b\u1ec7nh<\/li>\r\n\r\n\r\n\r\n<li>Kh\u00f4ng s\u1eed d\u1ee5ng qu\u00e1 li\u1ec1u khuy\u1ebfn ngh\u1ecb<\/li>\r\n\r\n\r\n\r\n<li>Kh\u00f4ng ph\u00f9 h\u1ee3p cho ng\u01b0\u1eddi m\u1eabn c\u1ea3m v\u1edbi b\u1ea5t k\u1ef3 th\u00e0nh ph\u1ea7n n\u00e0o c\u1ee7a s\u1ea3n ph\u1ea9m<\/li>\r\n\r\n\r\n\r\n<li>Ng\u01b0\u1eddi \u0111ang trong ch\u1ebf \u0111\u1ed9 \u0103n ki\u00eang, ki\u1ec3m so\u00e1t \u0111\u01b0\u1eddng ho\u1eb7c c\u00f3 b\u1ec7nh l\u00fd n\u1ec1n n\u00ean c\u00e2n nh\u1eafc tr\u01b0\u1edbc khi s\u1eed d\u1ee5ng<\/li>\r\n\r\n\r\n\r\n<li>Kh\u00f4ng khuy\u1ebfn kh\u00edch s\u1eed d\u1ee5ng cho tr\u1ebb em<\/li>\r\n\r\n\r\n\r\n<li>Ph\u1ee5 n\u1eef mang thai ho\u1eb7c \u0111ang cho con b\u00fa n\u00ean tham kh\u1ea3o \u00fd ki\u1ebfn chuy\u00ean m\u00f4n tr\u01b0\u1edbc khi d\u00f9ng<\/li>\r\n<\/ul>\r\n\r\n\r\n\r\n<p>Hi\u1ec7u qu\u1ea3 s\u1eed d\u1ee5ng ph\u1ee5 thu\u1ed9c v\u00e0o th\u1ec3 tr\u1ea1ng, ch\u1ebf \u0111\u1ed9 sinh ho\u1ea1t v\u00e0 nhu c\u1ea7u c\u1ee7a t\u1eebng ng\u01b0\u1eddi.<\/p>\r\n\r\n\r\n\r\n<p><strong>Note:<\/strong> \u00a0S\u1ea3n ph\u1ea9m kh\u00f4ng ph\u00f9 h\u1ee3p \u0111\u1ed1i v\u1edbi nh\u1eefng ng\u01b0\u1eddi tr\u00ean 50 tu\u1ed5i, nh\u1eefng ng\u01b0\u1eddi c\u00f3 ti\u1ec1n s\u1eed huy\u1ebft \u00e1p cao hay c\u00f3 c\u00e1c b\u1ec7nh l\u00fd v\u1ec1 tim m\u1ea1ch. Kh\u00f4ng khuy\u1ebfn kh\u00edch l\u1ea1m d\u1ee5ng s\u1ea3n ph\u1ea9m d\u01b0\u1edbi m\u1ecdi h\u00ecnh th\u1ee9c.<\/p>\r\n\r\n\r\n\r\n<h2 id=\"bao-quan-san-pham\" class=\"wp-block-heading\">B\u1ea3o qu\u1ea3n s\u1ea3n ph\u1ea9m<\/h2>\r\n\r\n\r\n\r\n<ul class=\"wp-block-list\">\r\n<li>B\u1ea3o qu\u1ea3n n\u01a1i kh\u00f4 r\u00e1o, tho\u00e1ng m\u00e1t<\/li>\r\n\r\n\r\n\r\n<li>Tr\u00e1nh \u00e1nh n\u1eafng tr\u1ef1c ti\u1ebfp v\u00e0 nhi\u1ec7t \u0111\u1ed9 cao<\/li>\r\n\r\n\r\n\r\n<li>\u0110\u1eady k\u00edn sau khi m\u1edf bao b\u00ec (n\u1ebfu c\u00f3)<\/li>\r\n\r\n\r\n\r\n<li>\u0110\u1ec3 xa t\u1ea7m tay tr\u1ebb em<\/li>\r\n\r\n\r\n\r\n<li>H\u1ea1n s\u1eed d\u1ee5ng: 24 th\u00e1ng k\u1ec3 t\u1eeb ng\u00e0y s\u1ea3n xu\u1ea5t (xem tr\u00ean bao b\u00ec s\u1ea3n ph\u1ea9m)<\/li>\r\n<\/ul>\r\n\r\n\r\n\r\n<h2 id=\"cau-hoi-thuong-gap\" class=\"wp-block-heading\">Frequently asked questions<\/h2>\r\n\r\n\r\n\r\n<div data-wp-context=\"{ &quot;autoclose&quot;: false, &quot;accordionItems&quot;: [] }\" data-wp-interactive=\"core\/accordion\" class=\"wp-block-accordion is-layout-flow wp-block-accordion-is-layout-flow\" role=\"group\">\r\n<div data-wp-class--is-open=\"state.isOpen\" data-wp-context=\"{ &quot;id&quot;: &quot;accordion-item-1&quot;, &quot;openByDefault&quot;: false }\" data-wp-init=\"callbacks.initAccordionItems\" data-wp-on-window--hashchange=\"callbacks.hashChange\" class=\"wp-block-accordion-item is-layout-flow wp-block-accordion-item-is-layout-flow\">\r\n<h3 class=\"wp-block-accordion-heading has-medium-font-size\"><button aria-expanded=\"false\" aria-controls=\"accordion-item-1-panel\" data-wp-bind--aria-expanded=\"state.isOpen\" data-wp-on--click=\"actions.toggle\" data-wp-on--keydown=\"actions.handleKeyDown\" id=\"accordion-item-1\" class=\"wp-block-accordion-heading__toggle\" type=\"button\"><span class=\"wp-block-accordion-heading__toggle-title\"><strong>N\u00ean s\u1eed d\u1ee5ng k\u1eb9o s\u00e2m Hamer 66f86k nh\u01b0 th\u1ebf n\u00e0o \u0111\u1ec3 \u0111\u1ea1t hi\u1ec7u qu\u1ea3 cao?<\/strong><\/span><span class=\"wp-block-accordion-heading__toggle-icon\" aria-hidden=\"true\">+<\/span><\/button><\/h3>\r\n\r\n\r\n\r\n<div inert aria-labelledby=\"accordion-item-1\" data-wp-bind--inert=\"!state.isOpen\" id=\"accordion-item-1-panel\" class=\"wp-block-accordion-panel is-layout-flow wp-block-accordion-panel-is-layout-flow\" role=\"region\">\r\n<p>Ng\u1eadm 1 vi\u00ean\/l\u1ea7n cho tan trong mi\u1ec7ng, n\u00ean s\u1eed d\u1ee5ng tr\u01b0\u1edbc khi &#8220;y\u00eau&#8221; kho\u1ea3ng 60 ph\u00fat. L\u01b0u \u00fd u\u1ed1ng nhi\u1ec1u n\u01b0\u1edbc\/tr\u00e1i c\u00e2y sau \u0111\u00f3.<\/p>\r\n<\/div>\r\n<\/div>\r\n\r\n\r\n\r\n<div data-wp-class--is-open=\"state.isOpen\" data-wp-context=\"{ &quot;id&quot;: &quot;accordion-item-2&quot;, &quot;openByDefault&quot;: false }\" data-wp-init=\"callbacks.initAccordionItems\" data-wp-on-window--hashchange=\"callbacks.hashChange\" class=\"wp-block-accordion-item is-layout-flow wp-block-accordion-item-is-layout-flow\">\r\n<h3 class=\"wp-block-accordion-heading has-medium-font-size\"><button aria-expanded=\"false\" aria-controls=\"accordion-item-2-panel\" data-wp-bind--aria-expanded=\"state.isOpen\" data-wp-on--click=\"actions.toggle\" data-wp-on--keydown=\"actions.handleKeyDown\" id=\"accordion-item-2\" class=\"wp-block-accordion-heading__toggle\" type=\"button\"><span class=\"wp-block-accordion-heading__toggle-title\"><strong>S\u1ea3n ph\u1ea9m c\u00f3 ph\u1ea3i h\u00e0ng ch\u00ednh h\u00e3ng kh\u00f4ng?<\/strong><\/span><span class=\"wp-block-accordion-heading__toggle-icon\" aria-hidden=\"true\">+<\/span><\/button><\/h3>\r\n\r\n\r\n\r\n<div inert aria-labelledby=\"accordion-item-2\" data-wp-bind--inert=\"!state.isOpen\" id=\"accordion-item-2-panel\" class=\"wp-block-accordion-panel is-layout-flow wp-block-accordion-panel-is-layout-flow\" role=\"region\">\r\n<p>Hamer Pro 66F86K Honey Ginseng l\u00e0 s\u1ea3n ph\u1ea9m s\u1ea3n xu\u1ea5t t\u1ea1i Malaysia, thu\u1ed9c d\u00f2ng k\u1eb9o ng\u1eadm b\u1ed5 sung n\u0103ng l\u01b0\u1ee3ng d\u00e0nh cho nam gi\u1edbi.<\/p>\r\n<\/div>\r\n<\/div>\r\n\r\n\r\n\r\n<div data-wp-class--is-open=\"state.isOpen\" data-wp-context=\"{ &quot;id&quot;: &quot;accordion-item-3&quot;, &quot;openByDefault&quot;: false }\" data-wp-init=\"callbacks.initAccordionItems\" data-wp-on-window--hashchange=\"callbacks.hashChange\" class=\"wp-block-accordion-item is-layout-flow wp-block-accordion-item-is-layout-flow\">\r\n<h3 class=\"wp-block-accordion-heading has-medium-font-size\"><button aria-expanded=\"false\" aria-controls=\"accordion-item-3-panel\" data-wp-bind--aria-expanded=\"state.isOpen\" data-wp-on--click=\"actions.toggle\" data-wp-on--keydown=\"actions.handleKeyDown\" id=\"accordion-item-3\" class=\"wp-block-accordion-heading__toggle\" type=\"button\"><span class=\"wp-block-accordion-heading__toggle-title\"><strong>N\u1eef c\u00f3 d\u00f9ng \u0111\u01b0\u1ee3c Hamer 66f86k kh\u00f4ng?<\/strong><\/span><span class=\"wp-block-accordion-heading__toggle-icon\" aria-hidden=\"true\">+<\/span><\/button><\/h3>\r\n\r\n\r\n\r\n<div inert aria-labelledby=\"accordion-item-3\" data-wp-bind--inert=\"!state.isOpen\" id=\"accordion-item-3-panel\" class=\"wp-block-accordion-panel is-layout-flow wp-block-accordion-panel-is-layout-flow\" role=\"region\">\r\n<p>Hamer Pro 66F86K Honey Ginseng l\u00e0 s\u1ea3n ph\u1ea9m s\u1ea3n xu\u1ea5t t\u1ea1i Malaysia, thu\u1ed9c d\u00f2ng k\u1eb9o ng\u1eadm b\u1ed5 sung n\u0103ng l\u01b0\u1ee3ng d\u00e0nh cho nam gi\u1edbi. V\u1eady n\u00ean k\u1eb9o ng\u1eadm kh\u00f4ng c\u00f3 hi\u1ec7u qu\u1ea3 \u0111\u1ed1i v\u1edbi n\u1eef.<\/p>\r\n<\/div>\r\n<\/div>\r\n\r\n\r\n\r\n<div data-wp-class--is-open=\"state.isOpen\" data-wp-context=\"{ &quot;id&quot;: &quot;accordion-item-4&quot;, &quot;openByDefault&quot;: false }\" data-wp-init=\"callbacks.initAccordionItems\" data-wp-on-window--hashchange=\"callbacks.hashChange\" class=\"wp-block-accordion-item is-layout-flow wp-block-accordion-item-is-layout-flow\">\r\n<h3 class=\"wp-block-accordion-heading has-medium-font-size\"><button aria-expanded=\"false\" aria-controls=\"accordion-item-4-panel\" data-wp-bind--aria-expanded=\"state.isOpen\" data-wp-on--click=\"actions.toggle\" data-wp-on--keydown=\"actions.handleKeyDown\" id=\"accordion-item-4\" class=\"wp-block-accordion-heading__toggle\" type=\"button\"><span class=\"wp-block-accordion-heading__toggle-title\"><strong>Hamer 66f86k c\u00f3 m\u00f9i v\u1ecb nh\u01b0 th\u1ebf n\u00e0o?<\/strong><\/span><span class=\"wp-block-accordion-heading__toggle-icon\" aria-hidden=\"true\">+<\/span><\/button><\/h3>\r\n\r\n\r\n\r\n<div inert aria-labelledby=\"accordion-item-4\" data-wp-bind--inert=\"!state.isOpen\" id=\"accordion-item-4-panel\" class=\"wp-block-accordion-panel is-layout-flow wp-block-accordion-panel-is-layout-flow\" role=\"region\">\r\n<p>K\u1eb9o ng\u1eadm Hamer Pro 66F86K c\u00f3 v\u1ecb m\u1eadt ong, m\u00f9i s\u00e2m nh\u1eb9, kh\u00f4ng n\u1ed3ng v\u00e0 kh\u00f4ng g\u00e2y m\u00f9i kh\u00f3 ch\u1ecbu khi s\u1eed d\u1ee5ng gi\u1ed1ng c\u00e1c lo\u1ea1i Hamer M\u1ef9<\/p>\r\n<\/div>\r\n<\/div>\r\n<\/div>\r\n\r\n\r\n\r\n<p>&nbsp;<\/p>","protected":false},"excerpt":{"rendered":"<p>Mua l\u1ebb 1 vi\u00ean k\u1eb9o ng\u1eadm m\u1eadt ong Hamerpro 66f86k \u2013 k\u1eb9o ng\u1eadm b\u1ed5 sung n\u0103ng l\u01b0\u1ee3ng, gi\u00fap duy tr\u00ec phong \u0111\u1ed9 v\u00e0 t\u0103ng c\u01b0\u1eddng s\u1ee9c kh\u1ecfe nam gi\u1edbi \u0111\u01b0\u1ee3c nh\u1eadp kh\u1ea9u ch\u00ednh h\u00e3ng t\u1eeb Malaysia.<\/p>\n<ul>\n<li>1 vi\u00ean Hamer 66f86k: <mark class=\"has-inline-color has-palette-color-1-color\" style=\"background-color: rgba(0, 0, 0, 0);\">80.000 vn\u0111<\/mark><\/li>\n<li>5 vi\u00ean Hamer 66f86k: <mark class=\"has-inline-color has-palette-color-1-color\" style=\"background-color: rgba(0, 0, 0, 0);\">400.000 vn\u0111<\/mark> (plus 2)<\/li>\n<li>10 vi\u00ean Hamer 66f86k: <mark class=\"has-inline-color has-palette-color-1-color\" style=\"background-color: rgba(0, 0, 0, 0);\">700.000 vn\u0111<\/mark> (plus 4)<\/li>\n<li>H\u1ed9p 33 vi\u00ean Hamer 66f86k: <mark class=\"has-inline-color has-palette-color-1-color\" style=\"background-color: rgba(0, 0, 0, 0);\">1.250.000 vn\u0111<\/mark> (M\u1edbi)<\/li>\n<\/ul>\n<div id=\"gspb_container-id-gsbp-ab04ef3\" class=\"wp-block-greenshift-blocks-container gspb_container gspb_container-gsbp-ab04ef3\"><!-- wp:list --><\/p>\n<ul class=\"wp-block-list\">\n<li style=\"list-style-type: none;\">\n<ul class=\"wp-block-list\"><!-- wp:list-item --><\/ul>\n<\/li>\n<\/ul>\n<p><!-- \/wp:list-item --><\/p>\n<p><!-- wp:list-item --><!-- \/wp:list-item --><!-- \/wp:list --><\/p>\n<p><!-- wp:paragraph --> For wholesale purchases, please contact our Hotline\/Zalo directly to receive preferential pricing! <!-- \/wp:paragraph --><\/p>\n<p><!-- wp:paragraph --> Hamer ginseng candy should not be used by people over 50 years old, those with a history of high blood pressure, or those with cardiovascular diseases. <!-- \/wp:paragraph --><\/div>","protected":false},"featured_media":2267,"comment_status":"open","ping_status":"closed","template":"","meta":{"_gspb_post_css":""},"product_brand":[304],"product_cat":[303],"product_tag":[],"class_list":{"0":"post-2260","1":"product","2":"type-product","3":"status-publish","4":"has-post-thumbnail","6":"product_brand-hamer2u","7":"product_cat-hamer-pro-66f86k-honey-ginseng","9":"first","10":"instock","11":"sale","12":"shipping-taxable","13":"purchasable","14":"product-type-simple"},"ct_brands":[{"id":304,"name":"Hamer2u","slug":"hamer2u"}],"jetpack_sharing_enabled":true,"_links":{"self":[{"href":"https:\/\/hamersaigon.com\/en\/wp-json\/wp\/v2\/product\/2260","targetHints":{"allow":["GET"]}}],"collection":[{"href":"https:\/\/hamersaigon.com\/en\/wp-json\/wp\/v2\/product"}],"about":[{"href":"https:\/\/hamersaigon.com\/en\/wp-json\/wp\/v2\/types\/product"}],"replies":[{"embeddable":true,"href":"https:\/\/hamersaigon.com\/en\/wp-json\/wp\/v2\/comments?post=2260"}],"wp:featuredmedia":[{"embeddable":true,"href":"https:\/\/hamersaigon.com\/en\/wp-json\/wp\/v2\/media\/2267"}],"wp:attachment":[{"href":"https:\/\/hamersaigon.com\/en\/wp-json\/wp\/v2\/media?parent=2260"}],"wp:term":[{"taxonomy":"product_brand","embeddable":true,"href":"https:\/\/hamersaigon.com\/en\/wp-json\/wp\/v2\/product_brand?post=2260"},{"taxonomy":"product_cat","embeddable":true,"href":"https:\/\/hamersaigon.com\/en\/wp-json\/wp\/v2\/product_cat?post=2260"},{"taxonomy":"product_tag","embeddable":true,"href":"https:\/\/hamersaigon.com\/en\/wp-json\/wp\/v2\/product_tag?post=2260"}],"curies":[{"name":"wp","href":"https:\/\/api.w.org\/{rel}","templated":true}]}}